{"id":1347,"date":"2019-01-14T19:32:48","date_gmt":"2019-01-14T19:32:48","guid":{"rendered":"https:\/\/www.nlq24.de\/?page_id=1347"},"modified":"2024-11-24T18:43:30","modified_gmt":"2024-11-24T18:43:30","slug":"vielen-dank-fuer-ihren-einkauf","status":"publish","type":"page","link":"https:\/\/shop.nlq24.eu\/de\/vielen-dank-fuer-ihren-einkauf\/","title":{"rendered":"Vielen Dank f\u00fcr den Einkauf"},"content":{"rendered":"\n<h2 class=\"wp-block-heading\">Vielen Dank f\u00fcr deinen Einkauf!<\/h2>\n\n\n\n<p>Du bekommst gleich nach deiner Bestellung eine Bestell-Best\u00e4tigung per eMail. <br><br>Bitte pr\u00fcfe dein Postfach. Sollte diese eMail nicht eintreffen, schaue zun\u00e4chst in deinen SPAM-Ordner.<\/p>\n\n\n\n<p>Sollten diese auch dort nicht ankommen, melde dich bitte bei mir, da ggf. dann auch die Bestellung hier bei mir nicht eingegangen ist.<br><br>Liebe Gr\u00fc\u00dfe<br>torben von nlq24.de<br><\/p>\n\n\n\n<p>So kannst du mit mir kommunizieren:<br>per eMail: service@nlq24.de<br>Telefon Hotline: 04514891143<br>Telegram: https:\/\/t.me\/+sxXDESCZg_YxYTc6<br>oder \u00fcber das Kontaktformular: <a href=\"https:\/\/shop.nlq24.eu\/kontaktformular\/\"><strong>HIER<\/strong><\/a><br><\/p>\n","protected":false},"excerpt":{"rendered":"<p>Vielen Dank f\u00fcr deinen Einkauf! Du bekommst gleich nach deiner Bestellung eine Bestell-Best\u00e4tigung per eMail. Bitte pr\u00fcfe dein Postfach. Sollte diese eMail nicht eintreffen, schaue zun\u00e4chst in deinen SPAM-Ordner. Sollten diese auch dort nicht ankommen, melde dich bitte bei mir, da ggf. dann auch die Bestellung hier bei mir nicht eingegangen ist. Liebe Gr\u00fc\u00dfetorben von [&#8230;]\n","protected":false},"author":1,"featured_media":0,"parent":0,"menu_order":0,"comment_status":"closed","ping_status":"closed","template":"","meta":{"footnotes":""},"class_list":["post-1347","page","type-page","status-publish","hentry"],"_links":{"self":[{"href":"https:\/\/shop.nlq24.eu\/de\/wp-json\/wp\/v2\/pages\/1347","targetHints":{"allow":["GET"]}}],"collection":[{"href":"https:\/\/shop.nlq24.eu\/de\/wp-json\/wp\/v2\/pages"}],"about":[{"href":"https:\/\/shop.nlq24.eu\/de\/wp-json\/wp\/v2\/types\/page"}],"author":[{"embeddable":true,"href":"https:\/\/shop.nlq24.eu\/de\/wp-json\/wp\/v2\/users\/1"}],"replies":[{"embeddable":true,"href":"https:\/\/shop.nlq24.eu\/de\/wp-json\/wp\/v2\/comments?post=1347"}],"version-history":[{"count":0,"href":"https:\/\/shop.nlq24.eu\/de\/wp-json\/wp\/v2\/pages\/1347\/revisions"}],"wp:attachment":[{"href":"https:\/\/shop.nlq24.eu\/de\/wp-json\/wp\/v2\/media?parent=1347"}],"curies":[{"name":"wp","href":"https:\/\/api.w.org\/{rel}","templated":true}]}}