{"id":1368,"date":"2019-01-14T22:48:03","date_gmt":"2019-01-14T22:48:03","guid":{"rendered":"https:\/\/www.nlq24.de\/?page_id=1368"},"modified":"2024-07-31T11:10:37","modified_gmt":"2024-07-31T11:10:37","slug":"bezahlen-mit-paypal-me","status":"publish","type":"page","link":"https:\/\/shop.nlq24.eu\/de\/bezahlen-mit-paypal-me\/","title":{"rendered":"Bezahlen mit PayPal.Me"},"content":{"rendered":"\n<p>Ist bei der automatischen Zahlung \u00fcber Paypal ein Fehler auftreten und die Zahlung hat nicht funktioniert, versuche es mit PayPal.me.<\/p>\n\n\n\n<p>Klicke dazu auf den folgenden LINK: <strong><a referrerpolicy=\"origin\" href=\"https:\/\/www.paypal.me\/neuelebensqualitaet\/\">https:\/\/www.paypal.me\/neuelebensqualitaet\/<\/a><\/strong><\/p>\n\n\n\n<p>gebe den Endbetrag der Rechnung\/Bestellung ein.<\/p>\n\n\n\n<p>Loggen dich dann entsprechend bei Paypal ein und best\u00e4tige, dass du den Betrag seden m\u00f6chtest.<\/p>\n\n\n\n<p>F\u00fchre die Transaktion dann weiter durch. Trage bitte in der Bemerkung die Auftragsnummer ein.<\/p>\n\n\n\n<p>Nach der Zahlung erhalte ich eine Meldung von Paypal, dass die Zahlung durchgef\u00fchrt wurde. Dann kann ich die Bestellung weiter bearbeiten.<\/p>\n\n\n\n<p>Liebe Gr\u00fc\u00dfe<br>torben<\/p>\n","protected":false},"excerpt":{"rendered":"<p>Ist bei der automatischen Zahlung \u00fcber Paypal ein Fehler auftreten und die Zahlung hat nicht funktioniert, versuche es mit PayPal.me. Klicke dazu auf den folgenden LINK: https:\/\/www.paypal.me\/neuelebensqualitaet\/ gebe den Endbetrag der Rechnung\/Bestellung ein. Loggen dich dann entsprechend bei Paypal ein und best\u00e4tige, dass du den Betrag seden m\u00f6chtest. F\u00fchre die Transaktion dann weiter durch. Trage [&#8230;]\n","protected":false},"author":1,"featured_media":47619,"parent":0,"menu_order":0,"comment_status":"closed","ping_status":"closed","template":"","meta":{"footnotes":""},"class_list":["post-1368","page","type-page","status-publish","has-post-thumbnail","hentry"],"_links":{"self":[{"href":"https:\/\/shop.nlq24.eu\/de\/wp-json\/wp\/v2\/pages\/1368","targetHints":{"allow":["GET"]}}],"collection":[{"href":"https:\/\/shop.nlq24.eu\/de\/wp-json\/wp\/v2\/pages"}],"about":[{"href":"https:\/\/shop.nlq24.eu\/de\/wp-json\/wp\/v2\/types\/page"}],"author":[{"embeddable":true,"href":"https:\/\/shop.nlq24.eu\/de\/wp-json\/wp\/v2\/users\/1"}],"replies":[{"embeddable":true,"href":"https:\/\/shop.nlq24.eu\/de\/wp-json\/wp\/v2\/comments?post=1368"}],"version-history":[{"count":0,"href":"https:\/\/shop.nlq24.eu\/de\/wp-json\/wp\/v2\/pages\/1368\/revisions"}],"wp:featuredmedia":[{"embeddable":true,"href":"https:\/\/shop.nlq24.eu\/de\/wp-json\/wp\/v2\/media\/47619"}],"wp:attachment":[{"href":"https:\/\/shop.nlq24.eu\/de\/wp-json\/wp\/v2\/media?parent=1368"}],"curies":[{"name":"wp","href":"https:\/\/api.w.org\/{rel}","templated":true}]}}