{"id":25333,"date":"2019-06-25T07:40:04","date_gmt":"2019-06-25T07:40:04","guid":{"rendered":"https:\/\/www.nlq24.de\/?page_id=25333"},"modified":"2023-03-16T10:36:21","modified_gmt":"2023-03-16T10:36:21","slug":"wiederverkauf-vertriebspartner","status":"publish","type":"page","link":"https:\/\/shop.nlq24.eu\/de\/wiederverkauf-vertriebspartner\/","title":{"rendered":"Wiederverk\u00e4ufer \/ Vertriebspartner werden"},"content":{"rendered":"\n<p>M\u00f6chtest du tatkr\u00e4ftiger Wiederverk\u00e4ufer \/ Vertriebspartner werden? <\/p>\n\n\n\n<p>Wenn ja, unterst\u00fctze das Projekt!<\/p>\n\n\n\n<p>Neben Natriumchlorit, Salzs\u00e4ure, Milchs\u00e4ure, DMSO, DMKB, CDH3000 (CDS \/ CDL), MKB Vital, Natron, und Bentonit, f\u00fchre ich weitere interessante Produkte.<\/p>\n\n\n\n<p>Du kannst dann Produkte aus meinem Sortiment zu Sonderpreisen erwerben.<\/p>\n\n\n\n<p>Die Anbringung mit deinem eigenen Labels ist auch m\u00f6glich!<br><br>Bei Interesse schreibe mir eine e-Mail an: service@nlq24.de.<\/p>\n\n\n\n<p class=\"has-text-align-left has-black-color has-white-background-color has-text-color has-background\">Weiterhin kannst du \u00fcbrigens auch Empfehlungs-Partner in meinem <a href=\"https:\/\/shop.nlq24.eu\/partnerinfo\/\"><strong>Partnerprogramm<\/strong> <\/a>werden und so von Empfehlungen profitieren. <\/p>\n\n\n\n<p>Liebe Gr\u00fc\u00dfe<\/p>\n\n\n\n<p>torben von nlq24.de<\/p>\n","protected":false},"excerpt":{"rendered":"<p>Vertriebspartner von Neue Lebensqualit\u00e4t nlq24.de werden!<\/p>\n","protected":false},"author":1,"featured_media":55927,"parent":0,"menu_order":0,"comment_status":"closed","ping_status":"closed","template":"","meta":{"footnotes":""},"class_list":["post-25333","page","type-page","status-publish","has-post-thumbnail","hentry"],"_links":{"self":[{"href":"https:\/\/shop.nlq24.eu\/de\/wp-json\/wp\/v2\/pages\/25333","targetHints":{"allow":["GET"]}}],"collection":[{"href":"https:\/\/shop.nlq24.eu\/de\/wp-json\/wp\/v2\/pages"}],"about":[{"href":"https:\/\/shop.nlq24.eu\/de\/wp-json\/wp\/v2\/types\/page"}],"author":[{"embeddable":true,"href":"https:\/\/shop.nlq24.eu\/de\/wp-json\/wp\/v2\/users\/1"}],"replies":[{"embeddable":true,"href":"https:\/\/shop.nlq24.eu\/de\/wp-json\/wp\/v2\/comments?post=25333"}],"version-history":[{"count":0,"href":"https:\/\/shop.nlq24.eu\/de\/wp-json\/wp\/v2\/pages\/25333\/revisions"}],"wp:featuredmedia":[{"embeddable":true,"href":"https:\/\/shop.nlq24.eu\/de\/wp-json\/wp\/v2\/media\/55927"}],"wp:attachment":[{"href":"https:\/\/shop.nlq24.eu\/de\/wp-json\/wp\/v2\/media?parent=25333"}],"curies":[{"name":"wp","href":"https:\/\/api.w.org\/{rel}","templated":true}]}}