{"id":2730,"date":"2019-01-25T16:26:23","date_gmt":"2019-01-25T16:26:23","guid":{"rendered":"https:\/\/www.nlq24.de\/?page_id=2730"},"modified":"2022-06-01T08:17:04","modified_gmt":"2022-06-01T08:17:04","slug":"ueber-mich","status":"publish","type":"page","link":"https:\/\/shop.nlq24.eu\/de\/ueber-mich\/","title":{"rendered":"\u00dcber mich und neue Lebensqualit\u00e4t"},"content":{"rendered":"\n<p>Ich bin der Mensch torben aus der Familie beuthien und betreibe meinen Shop schon seit 2009. <\/p>\n\n\n\n<p><strong>Neue Lebensqualit\u00e4t<\/strong> bedeutet f\u00fcr mich, sich von unn\u00f6tigen manipulativen Zw\u00e4ngen befreien zu k\u00f6nnen, die uns anerzogen wurden und uns\ngepr\u00e4gt haben. Kurz gesagt, innerlich frei zu sein. Es geht mir dabei nicht einfach darum, gegen den Strom schwimmen zu wollen, sondern darum, mein unterbewusstes Wesen schaffen zu lassen. Es lenkt mich ganz von selbst\nzu dem, was f\u00fcr mein Leben wirklich wichtig ist. Das w\u00e4re Liebe und Harmonie. Befreit von Zw\u00e4ngen und Angst, kann die Kraft des gro\u00dfen Ganzen die nat\u00fcrliche Harmonie in unser Leben bringen. Dies dr\u00fcckt\nsich in meiner Arbeit mit Menschen aus.<br><\/p>\n\n\n\n<p>Stress, Hektik und Druck lassen Liebe kaum zu. Durch eine lange und schwere Krankheit verdeutlichte mir meine Seele, \u00fcber meinen K\u00f6rper, dass es auf meinem damaligen Lebensweg so nicht weiter\ngehen w\u00fcrde. Erst als ich meine Harmonie wieder erlangte, konnte ich schwere k\u00f6rperliche Sch\u00e4den oder noch schlimmeres verhindern.<br>Auf dem Wege der Genesung erlangte ich ganz neue Erkenntnisse. Diese brachten\nmich von meinem ehemaligen Beruf als Heimleiter in der Altenpflege auf ein Gebiet, welches ich vor meiner Ausbildung schon von Herzen mit Interesse verfolgt hatte. Auf dem Weg lernte ich dabei auch tolle Stoffe und Substanzen\nkennen, mit denen ich mich erforschend besch\u00e4ftigte. Schlie\u00dflich fasste ich den Entschluss, interessante und wertvolle Produkte, ohne Hektik, Stress und dergleichen zu vertreiben, welche ich Ihnen hier nun in meinem\n<strong><a href=\"https:\/\/shop.nlq24.eu\/sample-page\/shop\/\">Online-Shop<\/a><\/strong> anbiete.<br><\/p>\n\n\n\n<p>Mein Hauptinteresse liegt in der Erforschung der seelischen Hintergr\u00fcnde von Problemen und Blockaden im Leben. Schlie\u00dflich entwickle ich daraus einfach umzusetzende L\u00f6sungsans\u00e4tze.\nEinen kleinen Einblick in dieses Thema bekommen Sie auf <a href=\"http:\/\/www.ganzheitliche-harmonisierung.de\">www.ganzheitliche-harmonisierung.de<\/a>.<\/p>\n\n\n\n<p>Aus einem neuen Lebensmotto ist eine neue Lebensqualit\u00e4t entstanden. Auf der Suche nach einem Namen f\u00fcr meinen Shop, kamen meine Frau und ich dann auf den Namen \u201cNeue Lebensqualit\u00e4t\u201d.\nIch hoffe, dass auch Sie Ihre neue Lebensqualit\u00e4t entdecken werden. <\/p>\n\n\n\n<p>Mit Ihrem Einkauf beim mir, kaufen Sie nicht bei einem Gro\u00dfkonzern oder gar einem Monopolisten. Menschlichkeit wird bei diesen meist leider nicht gro\u00df geschrieben, sondern h\u00e4ufig gestrichen.\nAlles im Sinne: Geld und Macht ist das Wichtigste. Greenpeace brachte es einmal auf den Punkt mit dem Spruch: &#8222;Die Gier ist das Problem&#8220;. Diese wiederum, wurde uns h\u00e4ufig angelernt. Wer aufwacht und sieht, dass\neine vorgespielte Freiheit nichts z\u00e4hlt und man dort nur dem falschen Traum vertraut, der wei\u00df dann auch, dass &#8222;Jeder gegen Jeden&#8220; der falsche Weg ist. Somit biete ich ihnen eine echte Alternative. <br><br>Mit\nHandarbeit und viel Liebe k\u00fcmmere ich mich um die Produkte, die ich Ihnen in meinem Shop anbiete. Gern gebe ich Ihnen Antworten aus meinen Erfahrungen und betreue Sie damit als Mensch und Kunden. <\/p>\n\n\n\n<p>Nun viel Spa\u00df beim Einkauf.<\/p>\n\n\n\n<p>Liebe Gr\u00fc\u00dfe<br>torben von nlq24<\/p>\n","protected":false},"excerpt":{"rendered":"<p>Ich bin der Mensch torben aus der Familie beuthien und betreibe meinen Shop schon seit 2009. Neue Lebensqualit\u00e4t bedeutet f\u00fcr mich, sich von unn\u00f6tigen manipulativen Zw\u00e4ngen befreien zu k\u00f6nnen, die uns anerzogen wurden und uns gepr\u00e4gt haben. Kurz gesagt, innerlich frei zu sein. Es geht mir dabei nicht einfach darum, gegen den Strom schwimmen zu [&#8230;]\n","protected":false},"author":1,"featured_media":0,"parent":0,"menu_order":0,"comment_status":"closed","ping_status":"closed","template":"","meta":{"footnotes":""},"class_list":["post-2730","page","type-page","status-publish","hentry"],"_links":{"self":[{"href":"https:\/\/shop.nlq24.eu\/de\/wp-json\/wp\/v2\/pages\/2730","targetHints":{"allow":["GET"]}}],"collection":[{"href":"https:\/\/shop.nlq24.eu\/de\/wp-json\/wp\/v2\/pages"}],"about":[{"href":"https:\/\/shop.nlq24.eu\/de\/wp-json\/wp\/v2\/types\/page"}],"author":[{"embeddable":true,"href":"https:\/\/shop.nlq24.eu\/de\/wp-json\/wp\/v2\/users\/1"}],"replies":[{"embeddable":true,"href":"https:\/\/shop.nlq24.eu\/de\/wp-json\/wp\/v2\/comments?post=2730"}],"version-history":[{"count":0,"href":"https:\/\/shop.nlq24.eu\/de\/wp-json\/wp\/v2\/pages\/2730\/revisions"}],"wp:attachment":[{"href":"https:\/\/shop.nlq24.eu\/de\/wp-json\/wp\/v2\/media?parent=2730"}],"curies":[{"name":"wp","href":"https:\/\/api.w.org\/{rel}","templated":true}]}}