{"id":39,"date":"2018-09-16T09:37:27","date_gmt":"2018-09-16T09:37:27","guid":{"rendered":"https:\/\/www.nlq24.de\/widerrufsbelehrung\/"},"modified":"2025-11-19T21:07:16","modified_gmt":"2025-11-19T21:07:16","slug":"widerrufsbelehrung","status":"publish","type":"page","link":"https:\/\/shop.nlq24.eu\/de\/widerrufsbelehrung\/","title":{"rendered":"Widerrufsbelehrung &amp; Widerrufsformular"},"content":{"rendered":"\n<p><strong>Widerrufsbelehrung<\/strong><\/p>\n\n\n\n<p>Verbraucher (Kaufende) haben ein vierzehnt\u00e4giges Widerrufsrecht.<\/p>\n\n\n\n<p><strong>Widerrufsbelehrung<\/strong><\/p>\n\n\n\n<p><strong>Widerrufsrecht<\/strong><\/p>\n\n\n\n<p>Du hast das Recht, binnen vierzehn Tagen ohne Angabe von Gr\u00fcnden deinen Vertrag zu widerrufen. Die Widerrufsfrist betr\u00e4gt vierzehn Tage ab dem Tag , an dem du oder ein von dir benannter Dritter, der nicht der Bef\u00f6rderer ist, die Waren in Besitz genommen haben bzw. hat.<\/p>\n\n\n\n<p>Um Ihr Widerrufsrecht auszu\u00fcben, musst du mich (Neue Lebensqualit\u00e4t Lager DE, Hauptstr. 1, 23619 Badendorf, Deutschland, service@nlq24.de, Telefon: 04514891143) mittels einer eindeutigen Erkl\u00e4rung (z.B. ein mit der Post versandter Brief oder eine E-Mail) \u00fcber deinen Entschluss, diesen Vertrag zu widerrufen, informieren. <\/p>\n\n\n\n<p>Du kannst daf\u00fcr das beigef\u00fcgte Muster-Widerrufsformular verwenden, das jedoch nicht vorgeschrieben ist.<\/p>\n\n\n\n<p>Zur Wahrung der Widerrufsfrist reicht es aus, dass du die Mitteilung \u00fcber die Aus\u00fcbung des Widerrufsrechts vor Ablauf der Widerrufsfrist absendest.<\/p>\n\n\n\n<p><strong>Folgen des Widerrufs<\/strong><\/p>\n\n\n\n<p>Wenn du diesen Vertrag widerrufst, habe ich dir alle Zahlungen, die ich von dir erhalten habe, einschlie\u00dflich der Lieferkosten (mit Ausnahme der zus\u00e4tzlichen Kosten, die sich daraus ergeben, dass du eine andere Art der Lieferung als die angebotene, g\u00fcnstigste Standardlieferung gew\u00e4hlt hast), unverz\u00fcglich und sp\u00e4testens binnen vierzehn Tagen ab dem Tag zur\u00fcckzuzahlen, an dem die Mitteilung \u00fcber den Widerruf dieses Vertrags bei mir eingegangen ist. F\u00fcr diese R\u00fcckzahlung verwende ich dasselbe Zahlungsmittel, das du bei der urspr\u00fcnglichen Transaktion eingesetzt hast, es sei denn, mit Ihnen wurde ausdr\u00fccklich etwas anderes vereinbart; in keinem Fall werde ich wegen dieser R\u00fcckzahlung Entgelte berechnet. Ich kann die R\u00fcckzahlung verweigern, bis ich die Waren wieder unversehrt zur\u00fcckerhalten haben oder bis der Nachweis erbracht wurde, dass du die Waren zur\u00fcckgesandt hast, je nachdem, welches der fr\u00fchere Zeitpunkt ist.<\/p>\n\n\n\n<p>Du hast die Waren unverz\u00fcglich und in jedem Fall sp\u00e4testens binnen vierzehn Tagen ab dem Tag, an dem du mich \u00fcber den Widerruf dieses Vertrags unterrichtest, an mich zur\u00fcckzusenden oder zu \u00fcbergeben. Die Frist ist gewahrt, wenn die Waren vor Ablauf der Frist von vierzehn Tagen abgesendet wurde. Du  tr\u00e4gst die unmittelbaren Kosten der R\u00fccksendung der Waren. <\/p>\n\n\n\n<p>Du musst f\u00fcr einen etwaigen Wertverlust der Waren nur aufkommen, wenn dieser Wertverlust auf einen zur Pr\u00fcfung der Beschaffenheit, Eigenschaften und Funktionsweise der Waren nicht notwendigen Umgang von dir zur\u00fcckzuf\u00fchren ist.<\/p>\n\n\n\n<figure class=\"wp-block-table\"><table class=\"has-fixed-layout\"><tbody><tr><td><strong>Muster-Widerrufsformular<\/strong><br><em>(Wenn du den Vertrag widerrufen willst, f\u00fclle bitte dieses Formular aus und sende es zur\u00fcck.)<\/em><br><br>\u2013 An <br>Neue Lebensqualit\u00e4t Lager DE<br>Hauptstr. 1<br>23619 Badendorf<br>Deutschland<br><br>Mail: service@nlq24.de<br><br>Hiermit widerrufe(n) ich\/wir (*) den von mir\/uns (*) abgeschlossenen Vertrag \u00fcber den Kauf der folgenden<br><br>Waren (*)\/__________________________________________________________________________________________<br><br>bzw. die Erbringung der folgenden Dienstleistung:_______________________________________________<br>&#8211; Bestellnummer:___________<br><br>\u2013 Bestellt am:_______________<br><br>\/erhalten am: _______________<br><br>\u2013 Name des Kaufenden <br><br>\u2013 Anschrift des Kaufenden<br><br>\u2013 Datum:__________<br><br>\u2013 Unterschrift:______________________________________ (nur bei Mitteilung auf Papier)<br><br><em>(*) Unzutreffendes streichen.<\/em><\/td><\/tr><\/tbody><\/table><\/figure>\n","protected":false},"excerpt":{"rendered":"<p>Widerrufsbelehrung Verbraucher (Kaufende) haben ein vierzehnt\u00e4giges Widerrufsrecht. Widerrufsbelehrung Widerrufsrecht Du hast das Recht, binnen vierzehn Tagen ohne Angabe von Gr\u00fcnden deinen Vertrag zu widerrufen. Die Widerrufsfrist betr\u00e4gt vierzehn Tage ab dem Tag , an dem du oder ein von dir benannter Dritter, der nicht der Bef\u00f6rderer ist, die Waren in Besitz genommen haben bzw. hat. [&#8230;]\n","protected":false},"author":1,"featured_media":0,"parent":0,"menu_order":0,"comment_status":"closed","ping_status":"closed","template":"","meta":{"footnotes":""},"class_list":["post-39","page","type-page","status-publish","hentry"],"_links":{"self":[{"href":"https:\/\/shop.nlq24.eu\/de\/wp-json\/wp\/v2\/pages\/39","targetHints":{"allow":["GET"]}}],"collection":[{"href":"https:\/\/shop.nlq24.eu\/de\/wp-json\/wp\/v2\/pages"}],"about":[{"href":"https:\/\/shop.nlq24.eu\/de\/wp-json\/wp\/v2\/types\/page"}],"author":[{"embeddable":true,"href":"https:\/\/shop.nlq24.eu\/de\/wp-json\/wp\/v2\/users\/1"}],"replies":[{"embeddable":true,"href":"https:\/\/shop.nlq24.eu\/de\/wp-json\/wp\/v2\/comments?post=39"}],"version-history":[{"count":0,"href":"https:\/\/shop.nlq24.eu\/de\/wp-json\/wp\/v2\/pages\/39\/revisions"}],"wp:attachment":[{"href":"https:\/\/shop.nlq24.eu\/de\/wp-json\/wp\/v2\/media?parent=39"}],"curies":[{"name":"wp","href":"https:\/\/api.w.org\/{rel}","templated":true}]}}