{"id":41,"date":"2018-09-16T09:37:27","date_gmt":"2018-09-16T09:37:27","guid":{"rendered":"https:\/\/www.nlq24.de\/bezahlmoeglichkeiten\/"},"modified":"2018-09-16T09:37:27","modified_gmt":"2018-09-16T09:37:27","slug":"bezahlmoeglichkeiten","status":"publish","type":"page","link":"https:\/\/shop.nlq24.eu\/de\/bezahlmoeglichkeiten\/","title":{"rendered":"Zahlungsarten"},"content":{"rendered":"<div class=\"woocommerce woocommerce-gzd\">\n\t<ul class=\"payment_methods methods\">\n\t\t\t\t\t<li class=\"payment_method_paypal\">\n\t\t\t\t<label>PayPal - oder Kreditkarte mit Abwicklung \u00fcber Paypal<img decoding=\"async\" src=\"https:\/\/shop.nlq24.eu\/wp-content\/plugins\/woocommerce\/assets\/images\/paypal.png\" alt=\"\u201ePaypal akzeptiert\u201c-Logo\" \/><\/label>\n\t\t\t\t\t\t\t\t\t<div class=\"payment_box payment_method_paypal\">\n\t\t\t\t\t\t<p>Ohne Paypal-Account per Kreditkarte zahlen? Lese dazu die Info im Blog.| Zahlung fehlschlagen? Verwende diesen Link: https:\/\/www.paypal.me\/neuelebensqualitaet\/0,00 (gebe hinter dem \"\/\" den Betrag ohne \u20ac Zeichen ein.<\/p>\n\t\t\t\t\t<\/div>\n\t\t\t\t\t\t\t<\/li>\n\t\t\t\t\t<li class=\"payment_method_invoice\">\n\t\t\t\t<label>Kauf auf Rechnung<\/label>\n\t\t\t\t\t\t\t\t\t<div class=\"payment_box payment_method_invoice\">\n\t\t\t\t\t\t<p>Kauf auf Rechnung per Bank\u00fcberweisung.<\/p>\n\t\t\t\t\t<\/div>\n\t\t\t\t\t\t\t<\/li>\n\t\t\t\t\t<li class=\"payment_method_bacs\">\n\t\t\t\t<label>Vorkasse per Bank\u00fcberweisung<\/label>\n\t\t\t\t\t\t\t\t\t<div class=\"payment_box payment_method_bacs\">\n\t\t\t\t\t\t<p>\u00dcberweisung vor Versand der Ware per Vorkasse = Vorab\u00fcberweisung auf mein Konto. Nach Eingang der Zahlung wird die Bestellung weiter bearbeitet. oder w\u00e4hlen:\r\n<b>BLITZKAUF:<\/b>\r\nNutze statt PAYPAL den Blitzkauf und \u00fcberweise das Geld. Sende mir per Mail einen Zahlungsnachweis\/Info und spare 2 %. \r\nDie Bestellung wird dann umgehend bearbeitet. Gebe dazu oben rechts den Gutscheincode:\r\n<b>\"Blitzkauf\" <\/b> Im Warenkorb, bzw. an der Kasse ein.<\/p>\n\t\t\t\t\t<\/div>\n\t\t\t\t\t\t\t<\/li>\n\t\t\t\t\t<li class=\"payment_method_cheque\">\n\t\t\t\t<label>Bar bezahlen per Brief!<\/label>\n\t\t\t\t\t\t\t\t\t<div class=\"payment_box payment_method_cheque\">\n\t\t\t\t\t\t<p>Bitte sende das Bargeld per Brief an die Adresse: \r\nNeue Lebensqualit\u00e4t\r\nLager DE\r\nHauptstr. 1\r\n23619 Badendorf\r\nDeutschland\r\n\r\nSobald das Geld eingegangen ist, wird die Bestellung bearbeitet. Das Wechselgeld lege ich in das Paket.<\/p>\n\t\t\t\t\t<\/div>\n\t\t\t\t\t\t\t<\/li>\n\t\t\t<\/ul>\n<\/div>\n","protected":false},"excerpt":{"rendered":"","protected":false},"author":1,"featured_media":0,"parent":0,"menu_order":0,"comment_status":"closed","ping_status":"closed","template":"","meta":{"footnotes":""},"class_list":["post-41","page","type-page","status-publish","hentry"],"_links":{"self":[{"href":"https:\/\/shop.nlq24.eu\/de\/wp-json\/wp\/v2\/pages\/41","targetHints":{"allow":["GET"]}}],"collection":[{"href":"https:\/\/shop.nlq24.eu\/de\/wp-json\/wp\/v2\/pages"}],"about":[{"href":"https:\/\/shop.nlq24.eu\/de\/wp-json\/wp\/v2\/types\/page"}],"author":[{"embeddable":true,"href":"https:\/\/shop.nlq24.eu\/de\/wp-json\/wp\/v2\/users\/1"}],"replies":[{"embeddable":true,"href":"https:\/\/shop.nlq24.eu\/de\/wp-json\/wp\/v2\/comments?post=41"}],"version-history":[{"count":0,"href":"https:\/\/shop.nlq24.eu\/de\/wp-json\/wp\/v2\/pages\/41\/revisions"}],"wp:attachment":[{"href":"https:\/\/shop.nlq24.eu\/de\/wp-json\/wp\/v2\/media?parent=41"}],"curies":[{"name":"wp","href":"https:\/\/api.w.org\/{rel}","templated":true}]}}