{"id":417,"date":"2018-12-13T19:39:32","date_gmt":"2018-12-13T19:39:32","guid":{"rendered":"https:\/\/www.nlq24.de\/?page_id=417"},"modified":"2024-09-25T16:15:38","modified_gmt":"2024-09-25T16:15:38","slug":"tds-wassertester-bedienungsanleitung","status":"publish","type":"page","link":"https:\/\/shop.nlq24.eu\/de\/tds-wassertester-bedienungsanleitung\/","title":{"rendered":"TDS Wassertester Bedienungsanleitung"},"content":{"rendered":"\n<p>TDS Wassertester Bedienungsanleitung<\/p>\n\n\n\n<p><strong>Was ist TDS:<\/strong><\/p>\n\n\n\n<p class=\"has-black-color has-text-color has-link-color wp-elements-2a7fa44e0398f9c3fe73afc46b1ae21d\">..ist eine Abk\u00fcrzung f\u00fcr \u201eTotal dissloved solids\u201c und gibt die Summe der gel\u00f6sten Feststoffe (Minerale, Metalle, Salze, Fremdstoffe, etc.) im Wasser an.<\/p>\n\n\n\n<p>Die Einheit ppm (parts per million) &#8211; Teile einer Million. Um so niedriger der Wert, desto besser nehmen die K\u00f6rperzellen das Wasser auf. Um so h\u00f6her der Wert ist, desto wahrscheinlicher ist es, dass Verunreinigungen im Wasser sind, die die Wasseraufnahme in die Zellen verhindern und dadurch ein Gesundheitsrisiko darstellen.<\/p>\n\n\n\n<p>Misst man Leitungswasser, kommt man auf Werte zwischen 200 und 700 ppm. Optimal sind 8 ppm (reines Wasser). Es wird besser von den Zellen aufgenommen und reinigt den K\u00f6rper entsprechend von toxischen Stoffen, die er ausscheiden muss und will. Filter von Umkehr-Osmose-Anlagen wechsele ich ab 80 ppm.<\/p>\n\n\n\n<p><strong>Anwendungsm\u00f6glichkeiten:<\/strong><\/p>\n\n\n\n<p><\/p>\n\n\n\n<p>* Pr\u00fcfung der Wasserh\u00e4rte und Leistungsf\u00e4higkeit deiner Wasserreinigungsanlage.<br>* Pr\u00fcfung von Aquarium Wasser<br>* Pr\u00fcfung von Leitungswasser<\/p>\n\n\n\n<p><strong><span style=\"text-decoration: underline;\">Funktionen:<\/span><\/strong><\/p>\n\n\n\n<p><strong>On\/Off \u2013 Taste<\/strong> schaltet das Ger\u00e4t entweder an oder aus.<\/p>\n\n\n\n<p>Die <strong>HOLD-Funktion<\/strong> speichert die Messung. So kann man sie ablesen, nachdem man das TDS aus der Fl\u00fcssigkeit genommen hat.<\/p>\n\n\n\n<p><strong>TEMP:<\/strong> Zeigt die Wassertemperatur<\/p>\n\n\n\n<p><strong><span style=\"text-decoration: underline;\">Bedienung\/Messung:<\/span><\/strong><\/p>\n\n\n\n<p>1. schwarze Schutzkappe abziehen<br>2. On\/Off Taste dr\u00fccken \u201e000\u201c wird angezeigt<br>3. bis zur Markierung in das Wasser tauchen und auf stabile Anzeige warten (10-30 sec.)<br>4. Hold Taste dr\u00fccken und das Ergebnis ist ablesbar gespeichert. Aus dem Wasser nehmen.<br>5. On\/Off-Taste zum Abschalten dr\u00fccken<br>6. Restwasser von dem Ger\u00e4t absch\u00fctteln und abwischen, Schutzkappe wieder aufstecken.<\/p>\n\n\n\n<p><strong><span style=\"text-decoration: underline;\">Bitte beachten:<\/span><\/strong><\/p>\n\n\n\n<p>* nicht in Wasser \u00fcber 50\u00b0 C benutzen.<br>* bitte nicht tiefer eintauchen als bis zum Ende der Schutzkappe<br>* Ger\u00e4t ist justiert und braucht nicht nachgestellt werden<br>* TDS nicht in der Sonne oder bei hohen Temperaturen lagern<br>* Das <strong>Batteriefach<\/strong> befindet sich oben<strong> im Kopf <\/strong>des Ger\u00e4tes<\/p>\n\n\n\n<p>Messbereich: 0 &#8211; 9990 ppm in 1ppm-Schritten<br>Genauigkeit: +\/- 2%<br>Autoabschaltung: nach 10 Minuten<br>Arbeitstemperaturbereich: 0 bis 50 \u00b0 C.<br>Gr\u00f6\u00dfe: 142 x 25 x 15 mm<br>Gewicht: ca. 36 g<br>automatische Temperaturkompensation<br>Batterien: 2 x 1,5 V Knopfzellen nicht enthalten.<\/p>\n\n\n\n<h2 class=\"wp-block-heading\">Ausstattung:<\/h2>\n\n\n\n<p class=\"has-black-color has-text-color has-link-color wp-elements-24ff836e02a710080e827f3c2f063eb3\">Hier kommst du zum <a href=\"https:\/\/shop.nlq24.eu\/de\/produkt\/tds-wassertester-tds-meter-farbe-weiss-oder-grau-links-pruefen\/\"><strong>TDS-Wassertester<\/strong><\/a><\/p>\n\n\n\n<figure class=\"wp-block-image aligncenter size-full is-resized\"><img loading=\"lazy\" decoding=\"async\" width=\"588\" height=\"588\" src=\"https:\/\/shop.nlq24.eu\/wp-content\/uploads\/2018\/12\/TDS-Meter.png\" alt=\"\" class=\"wp-image-5123\" style=\"width:440px\" srcset=\"https:\/\/shop.nlq24.eu\/wp-content\/uploads\/2018\/12\/TDS-Meter.png 588w, https:\/\/shop.nlq24.eu\/wp-content\/uploads\/2018\/12\/TDS-Meter-247x247.png 247w, https:\/\/shop.nlq24.eu\/wp-content\/uploads\/2018\/12\/TDS-Meter-100x100.png 100w, https:\/\/shop.nlq24.eu\/wp-content\/uploads\/2018\/12\/TDS-Meter-466x466.png 466w, https:\/\/shop.nlq24.eu\/wp-content\/uploads\/2018\/12\/TDS-Meter-215x215.png 215w, https:\/\/shop.nlq24.eu\/wp-content\/uploads\/2018\/12\/TDS-Meter-300x300.png 300w\" sizes=\"auto, (max-width: 588px) 100vw, 588px\" \/><\/figure>\n\n\n\n<p>TDS Wassertester &#8211; Batteriefach \u00f6ffnen und Batterien einlegen\/entfernen\/tauschen:<\/p>\n\n\n\n<figure class=\"wp-block-image aligncenter size-large is-resized\"><img loading=\"lazy\" decoding=\"async\" width=\"338\" height=\"600\" src=\"https:\/\/shop.nlq24.eu\/wp-content\/uploads\/2024\/09\/TDS-Batteriefach-338x600.jpg\" alt=\"\" class=\"wp-image-85489\" style=\"width:246px;height:auto\" srcset=\"https:\/\/shop.nlq24.eu\/wp-content\/uploads\/2024\/09\/TDS-Batteriefach-338x600.jpg 338w, https:\/\/shop.nlq24.eu\/wp-content\/uploads\/2024\/09\/TDS-Batteriefach-rotated-466x828.jpg 466w, https:\/\/shop.nlq24.eu\/wp-content\/uploads\/2024\/09\/TDS-Batteriefach-225x400.jpg 225w, https:\/\/shop.nlq24.eu\/wp-content\/uploads\/2024\/09\/TDS-Batteriefach-158x280.jpg 158w, https:\/\/shop.nlq24.eu\/wp-content\/uploads\/2024\/09\/TDS-Batteriefach-rotated.jpg 720w\" sizes=\"auto, (max-width: 338px) 100vw, 338px\" \/><figcaption class=\"wp-element-caption\">TDS Wassertester Bedienungsanleitung &#8211; Das Batteriefach<\/figcaption><\/figure>\n\n\n\n<figure class=\"wp-block-image aligncenter size-large is-resized\"><img loading=\"lazy\" decoding=\"async\" width=\"338\" height=\"600\" src=\"https:\/\/shop.nlq24.eu\/wp-content\/uploads\/2024\/09\/TDS-Batteriefach-herausnehmen-338x600.jpg\" alt=\"\" class=\"wp-image-85486\" style=\"width:254px;height:auto\" srcset=\"https:\/\/shop.nlq24.eu\/wp-content\/uploads\/2024\/09\/TDS-Batteriefach-herausnehmen-338x600.jpg 338w, https:\/\/shop.nlq24.eu\/wp-content\/uploads\/2024\/09\/TDS-Batteriefach-herausnehmen-rotated-466x828.jpg 466w, https:\/\/shop.nlq24.eu\/wp-content\/uploads\/2024\/09\/TDS-Batteriefach-herausnehmen-225x400.jpg 225w, https:\/\/shop.nlq24.eu\/wp-content\/uploads\/2024\/09\/TDS-Batteriefach-herausnehmen-158x280.jpg 158w, https:\/\/shop.nlq24.eu\/wp-content\/uploads\/2024\/09\/TDS-Batteriefach-herausnehmen-rotated.jpg 720w\" sizes=\"auto, (max-width: 338px) 100vw, 338px\" \/><\/figure>\n\n\n\n<figure class=\"wp-block-image aligncenter size-large is-resized\"><img loading=\"lazy\" decoding=\"async\" width=\"911\" height=\"1024\" src=\"https:\/\/shop.nlq24.eu\/wp-content\/uploads\/2018\/12\/TDS-im-Messbecher-911x1024.jpg\" alt=\"\" class=\"wp-image-416\" style=\"width:258px;height:auto\" srcset=\"https:\/\/shop.nlq24.eu\/wp-content\/uploads\/2018\/12\/TDS-im-Messbecher-911x1024.jpg 911w, https:\/\/shop.nlq24.eu\/wp-content\/uploads\/2018\/12\/TDS-im-Messbecher-466x524.jpg 466w, https:\/\/shop.nlq24.eu\/wp-content\/uploads\/2018\/12\/TDS-im-Messbecher-267x300.jpg 267w, https:\/\/shop.nlq24.eu\/wp-content\/uploads\/2018\/12\/TDS-im-Messbecher-768x863.jpg 768w, https:\/\/shop.nlq24.eu\/wp-content\/uploads\/2018\/12\/TDS-im-Messbecher-510x573.jpg 510w, https:\/\/shop.nlq24.eu\/wp-content\/uploads\/2018\/12\/TDS-im-Messbecher-300x337.jpg 300w, https:\/\/shop.nlq24.eu\/wp-content\/uploads\/2018\/12\/TDS-im-Messbecher.jpg 1068w\" sizes=\"auto, (max-width: 911px) 100vw, 911px\" \/><\/figure>\n\n\n\n<p><\/p>\n","protected":false},"excerpt":{"rendered":"<p>TDS Wassertester Bedienungsanleitung<\/p>\n","protected":false},"author":1,"featured_media":5123,"parent":0,"menu_order":0,"comment_status":"closed","ping_status":"closed","template":"","meta":{"footnotes":""},"class_list":["post-417","page","type-page","status-publish","has-post-thumbnail","hentry"],"_links":{"self":[{"href":"https:\/\/shop.nlq24.eu\/de\/wp-json\/wp\/v2\/pages\/417","targetHints":{"allow":["GET"]}}],"collection":[{"href":"https:\/\/shop.nlq24.eu\/de\/wp-json\/wp\/v2\/pages"}],"about":[{"href":"https:\/\/shop.nlq24.eu\/de\/wp-json\/wp\/v2\/types\/page"}],"author":[{"embeddable":true,"href":"https:\/\/shop.nlq24.eu\/de\/wp-json\/wp\/v2\/users\/1"}],"replies":[{"embeddable":true,"href":"https:\/\/shop.nlq24.eu\/de\/wp-json\/wp\/v2\/comments?post=417"}],"version-history":[{"count":0,"href":"https:\/\/shop.nlq24.eu\/de\/wp-json\/wp\/v2\/pages\/417\/revisions"}],"wp:featuredmedia":[{"embeddable":true,"href":"https:\/\/shop.nlq24.eu\/de\/wp-json\/wp\/v2\/media\/5123"}],"wp:attachment":[{"href":"https:\/\/shop.nlq24.eu\/de\/wp-json\/wp\/v2\/media?parent=417"}],"curies":[{"name":"wp","href":"https:\/\/api.w.org\/{rel}","templated":true}]}}