{"id":421,"date":"2018-12-13T20:09:30","date_gmt":"2018-12-13T20:09:30","guid":{"rendered":"https:\/\/www.nlq24.de\/?page_id=421"},"modified":"2019-12-08T20:17:47","modified_gmt":"2019-12-08T20:17:47","slug":"bedienungsanleitung-ph-meter","status":"publish","type":"page","link":"https:\/\/shop.nlq24.eu\/de\/bedienungsanleitung-ph-meter\/","title":{"rendered":"Bedienungsanleitung pH Meter, pH Tester"},"content":{"rendered":"\nHier finden Sie die Anleitung als PDF Download: <a href=\"https:\/\/shop.nlq24.eu\/wp-content\/uploads\/2018\/12\/Anleitung_pH_Meter.pdf\">Anleitung_pH_Meter<\/a>\n\n<strong>pH Meter<\/strong>\nTechnische Daten\nMessbereich: 0,0-14,0 pH\nSchritte: pH 0,1\nGenauigkeit: \u00b1 0,1 pH-Wert (bei 20\u00b0 C \/ 68 \u00b0 F)\nBatterien: 3 x 1,5 V (Knopfbatterie)\nLebensdauer: ca.700 Stunden\nUmgebungstemperatur: 0\u00b0 C ~ 50\u00b0 C (32\u00b0F -122\u00b0 F)\nRelative Luftfeuchtigkeit: &lt; 95%\nAbmessungen: 150 mm x 29 mm x 20mm\nEinstellen: durch Potentiometer\nGewicht: 51g\n\n<strong>Inbetriebnahme:<\/strong>\n1. Entfernen Sie die Schutzkappe (schwarz)\n2. Sp\u00fclen Sie zuerst die Elektrode mit destilliertem Wasser ab und trockenen sie diese mit einem saugenden Papiertuch.\n3. Schalten Sie pH-Wert durch &#8222;ON\/OFF&#8220; an. Der Schalter ist auf der Oberseite des Geh\u00e4uses.\n4. Tauchen Sie die pH-Meter-Elektrode in die zu testende L\u00f6sung.\n5. R\u00fchren Sie vorsichtig und warten Sie, bis die Anzeige stabil bleibt. Nun haben Sie den pH-Wert!\n6. Nach Gebrauch das Ger\u00e4t wieder ausschalten.\nS\u00e4ubern Sie die Elektrode wieder mit destilliertem Wasser. Lassen es trockenen und stecken die Schutzkappe wieder auf.\n\n<strong>pH Kalibrierung<\/strong>\nDas Ger\u00e4t ist bereits kalibriert. Eine neue Kalibrierung ist n\u00f6tig, wenn das Ger\u00e4t l\u00e4nger hohen oder starken S\u00e4ure-\/Basenbelastugen ausgesetzt war. Daher sollte es nach Benutzung immer sehr gut mit destilliertem Wasser gesp\u00fclt werden. Wird eine Kalibrierung n\u00f6tig, gehen Sie wie folgt vor:\n1.stellen Sie eine Testl\u00f6sung her:\n1 TL Natriumhydrogencarbonat (Natron) auf 100 ml. Wasser. Verr\u00fchren Sie es kurz.\n2. Stellen Sie das Ger\u00e4t auf \u201eon\u201c und tauchen es bis zur max. Messtiefe in die L\u00f6sung. Der pH Wert mu\u00df nun 8\nanzeigen. Sollte diese nicht so sein, drehen Sie diesen mit dem Kalibrierschraubendreher auf den Wert 8,0 pH.\n\n<strong>Batteriewechsel<\/strong>\nWenn die Anzeige schwach wird, ersetzen Sie alle Batterien. Ziehen Sie dazu das Batteriefach aus dem Ger\u00e4t. Beachten Sie beim Einsetzen der neuen Batterien die Polarit\u00e4t.\n\nGarantie\nEs gilt die gesetzliche Garantiezeit. Ist ein Schaden nicht aufgrund von Fahrl\u00e4ssigkeit oder nicht bestimmungsgem\u00e4\u00dfen Betrieb entstanden, erlischt die Garantie.\n\nAlles Gute!\nNeue Lebensqualit\u00e4t\nTorben Beuthien\nHauptstr. 1\n23619 Badendorf\nTel, 0451 4891143\nMobil: 01777339031\nwww.neue-lebensqualitaet.com\ninfo@neue-lebensqualitaet.com\n","protected":false},"excerpt":{"rendered":"<p>Hier finden Sie die Anleitung als PDF Download: Anleitung_pH_Meter pH Meter Technische Daten Messbereich: 0,0-14,0 pH Schritte: pH 0,1 Genauigkeit: \u00b1 0,1 pH-Wert (bei 20\u00b0 C \/ 68 \u00b0 F) Batterien: 3 x 1,5 V (Knopfbatterie) Lebensdauer: ca.700 Stunden Umgebungstemperatur: 0\u00b0 C ~ 50\u00b0 C (32\u00b0F -122\u00b0 F) Relative Luftfeuchtigkeit: &lt; 95% Abmessungen: 150 mm [&#8230;]\n","protected":false},"author":1,"featured_media":0,"parent":0,"menu_order":0,"comment_status":"closed","ping_status":"closed","template":"","meta":{"footnotes":""},"class_list":["post-421","page","type-page","status-publish","hentry"],"_links":{"self":[{"href":"https:\/\/shop.nlq24.eu\/de\/wp-json\/wp\/v2\/pages\/421","targetHints":{"allow":["GET"]}}],"collection":[{"href":"https:\/\/shop.nlq24.eu\/de\/wp-json\/wp\/v2\/pages"}],"about":[{"href":"https:\/\/shop.nlq24.eu\/de\/wp-json\/wp\/v2\/types\/page"}],"author":[{"embeddable":true,"href":"https:\/\/shop.nlq24.eu\/de\/wp-json\/wp\/v2\/users\/1"}],"replies":[{"embeddable":true,"href":"https:\/\/shop.nlq24.eu\/de\/wp-json\/wp\/v2\/comments?post=421"}],"version-history":[{"count":0,"href":"https:\/\/shop.nlq24.eu\/de\/wp-json\/wp\/v2\/pages\/421\/revisions"}],"wp:attachment":[{"href":"https:\/\/shop.nlq24.eu\/de\/wp-json\/wp\/v2\/media?parent=421"}],"curies":[{"name":"wp","href":"https:\/\/api.w.org\/{rel}","templated":true}]}}