{"id":43615,"date":"2019-11-01T06:23:46","date_gmt":"2019-11-01T06:23:46","guid":{"rendered":"https:\/\/www.nlq24.de\/cookie-policy-eu\/"},"modified":"2022-07-06T06:42:13","modified_gmt":"2022-07-06T06:42:13","slug":"cookie-policy-eu","status":"publish","type":"page","link":"https:\/\/shop.nlq24.eu\/de\/cookie-policy-eu\/","title":{"rendered":"Cookie Richtlinie (EU)"},"content":{"rendered":"\n<p>Wenn Sie mehr \u00fcber das anonyme Surfen erfahren wollen, insbesondere ein verschleiertes Tracking w\u00fcnschen, erhalten Sie <strong><a rel=\"noreferrer noopener\" aria-label=\"hier (Akademie)  (\u00f6ffnet in neuem Tab)\" href=\"https:\/\/www.akademie.de\/wissen\/do-not-track-datenschutz\" target=\"_blank\">hier auf (Akademie.de) <\/a><\/strong>detaillierte Informationen wie Sie Ihren Browser besser anpassen k\u00f6nnen.<\/p>\n\n\n","protected":false},"excerpt":{"rendered":"<p>Wenn Sie mehr \u00fcber das anonyme Surfen erfahren wollen, insbesondere ein verschleiertes Tracking w\u00fcnschen, erhalten Sie hier auf (Akademie.de) detaillierte Informationen wie Sie Ihren Browser besser anpassen k\u00f6nnen.<\/p>\n","protected":false},"author":2,"featured_media":0,"parent":0,"menu_order":0,"comment_status":"closed","ping_status":"closed","template":"","meta":{"footnotes":""},"class_list":["post-43615","page","type-page","status-publish","hentry"],"_links":{"self":[{"href":"https:\/\/shop.nlq24.eu\/de\/wp-json\/wp\/v2\/pages\/43615","targetHints":{"allow":["GET"]}}],"collection":[{"href":"https:\/\/shop.nlq24.eu\/de\/wp-json\/wp\/v2\/pages"}],"about":[{"href":"https:\/\/shop.nlq24.eu\/de\/wp-json\/wp\/v2\/types\/page"}],"author":[{"embeddable":true,"href":"https:\/\/shop.nlq24.eu\/de\/wp-json\/wp\/v2\/users\/2"}],"replies":[{"embeddable":true,"href":"https:\/\/shop.nlq24.eu\/de\/wp-json\/wp\/v2\/comments?post=43615"}],"version-history":[{"count":0,"href":"https:\/\/shop.nlq24.eu\/de\/wp-json\/wp\/v2\/pages\/43615\/revisions"}],"wp:attachment":[{"href":"https:\/\/shop.nlq24.eu\/de\/wp-json\/wp\/v2\/media?parent=43615"}],"curies":[{"name":"wp","href":"https:\/\/api.w.org\/{rel}","templated":true}]}}