{"id":44156,"date":"2025-04-19T12:44:29","date_gmt":"2025-04-19T12:44:29","guid":{"rendered":"https:\/\/www.nlq24.de\/?page_id=44156"},"modified":"2025-04-19T12:44:51","modified_gmt":"2025-04-19T12:44:51","slug":"versand-in-die-schweiz","status":"publish","type":"page","link":"https:\/\/shop.nlq24.eu\/de\/versand-in-die-schweiz\/","title":{"rendered":"Versand + Zahlung f\u00fcr Schweiz und EU-Ausland"},"content":{"rendered":"\n<p><strong>SEPA INFO f\u00fcr kostenlose \u00dcberweisung aus dem AUSLAND<\/strong>\u00a0in die SEPA Mitgliedstaaten, also auch zu mir :-). Auch die \u00dcberweisung auf mein\u00a0Konto ist eine normale SEPA \u00dcberweisung, wie eine Inlands\u00fcberweisung.<\/p>\n\n\n\n<p><strong>WICHTIG f\u00fcr Kunden aus der SCHWEIZ:<\/strong><\/p>\n\n\n\n<p>Statt einer teuren Auslands\u00fcberweisung, die meist erhebliche Geb\u00fchren kostet, nutzen Sie einfach das kostenneutrale&nbsp;<strong>SEPA Verfahren bei Ihrer Zahlung<\/strong>&nbsp;(<strong>Single Euro Payments Area<\/strong>) Im SEPA Verfahren gibt es keine gesonderten Empfangs- oder Sendungsgeb\u00fchren. Das hei\u00dft, dass die \u00dcberweisung nicht mehr kostet, als eine \u00dcberweisung bei Ihnen im Inland!<\/p>\n\n\n\n<p>Dies ist m\u00f6glich, da auch die Schweiz am SEPA teilnimmt.<\/p>\n\n\n\n<p>Aus folgenden Staaten kannst du das \u00dcberweisungsverfahren mit SEPA zu mir vornehmen:<\/p>\n\n\n\n<figure class=\"wp-block-table\"><table class=\"has-fixed-layout\"><tbody><tr><td><strong>L\u00e4ndername<\/strong><\/td><td>IBN<\/td><td>Beginnt mit<\/td><td>Bemerkung<\/td><\/tr><tr><td>Austria\/\u00d6sterreich<\/td><td>AT<\/td><td>20<\/td><td>Bemerkung<\/td><\/tr><tr><td>Belgium\/ Belgien<\/td><td>BE<\/td><td>16<\/td><\/tr><tr><td>Bulgaria\/Bulgarien<\/td><td>BG<\/td><td>22<\/td><td>We can also send Bulgarian Lev to Bulgaria<\/td><\/tr><tr><td>Coratia\/Kroatien<\/td><td>HR<\/td><td>21<\/td><\/tr><tr><td>Cyprus\/Zypern<\/td><td>CY<\/td><td>28<\/td><\/tr><tr><td>Czech Republic\/Tchechien<\/td><td>CZ<\/td><td>24<\/td><td>We can send and receive Czech Koruna to and from the Czech Republic<\/td><\/tr><tr><td>Denmark\/D\u00e4nemark<\/td><td>DK<\/td><td>18<\/td><\/tr><tr><td>Estonia\/Estland<\/td><td>EE<\/td><td>20<\/td><\/tr><tr><td>Finland\/Finnland<\/td><td>FI<\/td><td>18<\/td><td>Including \u00c5land Islands (only payment)<\/td><\/tr><tr><td>France\/Frankreich<\/td><td>FR<\/td><td>27<\/td><td>Including French Guiana, Guadeloupe, Martinique, Mayotte, Saint Barth\u00e9lemy, Saint Martin<br>(French part) and Saint Pierre and Miquelon. Does not include French Polynesia, New Caledonia, Wallis and Futuna and French Southern and Antarctic Lands<\/td><\/tr><tr><td>Germany\/Deutschland<\/td><td>DE<\/td><td>22<\/td><\/tr><tr><td>Gibralta<\/td><td>GI<\/td><td>23<\/td><td>We can also send GBP to Gibraltar. For more information see our GBP article here.<\/td><\/tr><tr><td>Greece*<\/td><td>GR<\/td><td>27<\/td><td>*Due to the current situation in Greece, regulations allow only 1000 EUR per customer to be sent out of the country per month.<\/td><\/tr><tr><td>Hungary\/Ungarn<\/td><td>HU<\/td><td>28<\/td><td>We can also send and receive Hungarian Forint to and from Hungary<\/td><\/tr><tr><td>Iceland<\/td><td>IS<\/td><td>26<\/td><\/tr><tr><td>Ireland<\/td><td>IE<\/td><td>22<\/td><\/tr><tr><td>Italy<\/td><td>IT<\/td><td>27<\/td><\/tr><tr><td>Lativa\/Lettland<\/td><td>LV<\/td><td>21<\/td><\/tr><tr><td>Liechttenstein<\/td><td>LI<\/td><td>21<\/td><\/tr><tr><td>Lithuania<\/td><td>LT<\/td><td>20<\/td><\/tr><tr><td>Luxembourg<\/td><td>LU<\/td><td>20<\/td><\/tr><tr><td>Malta<\/td><td>MT<\/td><td>31<\/td><\/tr><tr><td>Monaco<\/td><td>MC<\/td><td>27<\/td><\/tr><tr><td>Netherlands\/Niederlande<\/td><td>NL<\/td><td>18<\/td><\/tr><tr><td>Norway\/Norwegen<\/td><td>NO<\/td><td>15<\/td><\/tr><tr><td>Poland<\/td><td>PL<\/td><td>28<\/td><\/tr><tr><td>Portugal<\/td><td>PT<\/td><td>25<\/td><\/tr><tr><td>Romania\/Rum\u00e4nien<\/td><td>RO<\/td><td>24<\/td><\/tr><tr><td>San Marino<\/td><td>SM<\/td><td>27<\/td><\/tr><tr><td>Slovakia<\/td><td>SK<\/td><td>24<\/td><\/tr><tr><td>Slovenia<\/td><td>SI<\/td><td>19<\/td><\/tr><tr><td>Spain\/Spanien<\/td><td>ES<\/td><td>24<\/td><\/tr><tr><td>Sweden\/Schweden<\/td><td>SE<\/td><td>24<\/td><\/tr><tr><td>Switzerland\/Schweiz<\/td><td>CH<\/td><td>21<\/td><\/tr><tr><td>UK Great Brigtain<\/td><td>GB<\/td><td>22<\/td><\/tr><\/tbody><\/table><\/figure>\n\n\n\n<p><strong>Lasse dich nicht unn\u00f6tig von der Bank mit einer Auslands\u00fcberweisung und deren extra Geb\u00fchren belasten.<\/strong><\/p>\n\n\n\n<p>Folgende W\u00e4hrungen sind m\u00f6glich:<\/p>\n\n\n\n<p>Euro, Britisches Pfund, Schweizer Franken, D\u00e4nische Krone, Norwegische Krone, Schwedische Krone, Isl\u00e4ndische Krone, Tschechische Krone, Z\u0142oty, Forint, Bulgarischer Lew, Rum\u00e4nischer Leu, Kroatische Kuna.<\/p>\n\n\n\n<p>Zahlungen an mich sind jedoch NUR IN EURO zul\u00e4ssig.<br>Mit SEPA dauern \u00dcberweisungen aus dem Ausland ca. 1-2 Werktage. Das ist zudem sogar schneller als die Geb\u00fchrenbelastete \u201eAuslands\u00fcberweisung\u201c.<\/p>\n\n\n\n<hr class=\"wp-block-separator has-alpha-channel-opacity\"\/>\n\n\n\n<h2 class=\"wp-block-heading\">2 M\u00f6glichkeiten zum <strong>Versand in die Schweiz f\u00fcr meine Kunden<\/strong>:<\/h2>\n\n\n\n<ol class=\"wp-block-list\">\n<li>Lieferung durch meinen Shop in die Schweiz<\/li>\n\n\n\n<li>Lieferung \u00fcber den Service von https:\/\/meineinkauf.ch\/ <\/li>\n<\/ol>\n\n\n\n<h2 class=\"wp-block-heading\">Zu 1.) Lieferung durch meinen Shop in die Schweiz<\/h2>\n\n\n\n<p>Der Versand in die Schweiz und die Einfuhr ist in Grunde kein Problem f\u00fcr mich. Das Paket wird ordnungsgem\u00e4\u00df mit einer<strong> Zollerkl\u00e4rung<\/strong> deklariert und an den Empf\u00e4nger in die Schweiz versendet. Zur Einfuhr gibt es immer wieder Fragen bez\u00fcglich anfallender Zollgeb\u00fchren- und Abgaben, wie der Mehrwertsteuer, die ich von hier aus kaum beantworten kann. Ich versende Ihr Paket mit DHL in die Schweiz. Dort \u00fcbernimmt es die Schweizer Post.<\/p>\n\n\n\n<p>\u00dcber die h\u00e4ufig gestellten Fragen zu den oben gennannten Themen k\u00f6nnen Sie sich z.B. bei der Schweizer Post informieren.<\/p>\n\n\n\n<p><a href=\"https:\/\/www.post.ch\/de\/geschaeftsloesungen\/export-import-und-verzollung\/import\/faq-import-zoll-und-mwst?shortcut=import\">www.post.ch\/import<\/a><br>oder <a href=\"https:\/\/www.post.ch\/de\/geschaeftsloesungen\/export-import-und-verzollung\/export\/swiss-post-gls\/importkosten?shortcut=livelink-post-versenden-import-zoll-mwst-htm\">hier<\/a> \u00fcber die Preise f\u00fcr die Verzollung Zollabgaben und Geb\u00fchren f\u00fcr Importpakete (mit Erkl\u00e4r-Video). <\/p>\n\n\n\n<p>Dort erh\u00e4ltst du eine ungef\u00e4hre Einsch\u00e4tzung zum Versand in die Schweiz und der Einfuhr. Habe bitte Verst\u00e4ndnis daf\u00fcr, dass ich keine verbindlichen Ausk\u00fcnfte geben kann. <\/p>\n\n\n\n<p>\u00dcbrigens: Bisher sind noch alle versendeten Pakete in der Schweiz angekommen.<\/p>\n\n\n\n<h2 class=\"wp-block-heading\">2. Lieferung \u00fcber den Service von https:\/\/meineinkauf.ch\/ <\/h2>\n\n\n\n<p>Einige K\u00e4ufe sind jedoch <strong>nicht zul\u00e4ssig<\/strong> bei dem Kauf \u00fcber meineinkauf.ch: S\u00e4uren, Lebensmittel, magensaftresistente Leerkapseln und Kolloidales Silber. Eine Liste der verbotenen G\u00fcter findest du auf deren Seite.<\/p>\n\n\n\n<h3 class=\"wp-block-heading\">Wie funktioniert MeinEinkauf.ch?<\/h3>\n\n\n\n<p>\u00dcber MeinEinkauf.ch k\u00f6nnen Privatkunden und Unternehmen mit Wohn- oder Gesch\u00e4ftssitz in der Schweiz (oder Liechtenstein) Waren bei Online-H\u00e4ndlern in Deutschland einkaufen und sich an ihre Adresse in der Schweiz senden lassen.<\/p>\n\n\n\n<p>Hierzu erhalten Sie als Kunde von MeinEinkauf.ch eine @MeinEinkauf.ch Email-Adresse. Wenn Sie diese Email-Adresse verwenden und&nbsp;<strong>auf Rechnung der MeinEinkauf GmbH (Deutschland) Waren einkaufen und bezahlen<\/strong>, wird Ihr Einkauf&nbsp;<strong>fertig verzollt und versteuert<\/strong>&nbsp;durch die MeinEinkauf AG (Schweiz) direkt zu Ihnen in die Schweiz zugestellt.<\/p>\n\n\n\n<p>Du w\u00fcrdest so<strong> keine Einfuhrabgaben oder Vorweisungstaxen zahlen<\/strong>.<\/p>\n\n\n\n<p>Mehr Angaben dazu findest du auf deren Webseite: <a href=\"https:\/\/meineinkauf.ch\/\">https:\/\/meineinkauf.ch\/<\/a><\/p>\n\n\n\n<p>Liebe Gr\u00fc\u00dfe<br>torben<\/p>\n\n\n\n<p><\/p>\n","protected":false},"excerpt":{"rendered":"<p>Versand + Zahlung f\u00fcr Schweiz und EU-Ausland. SEPA ZAHLUNG auch f\u00fcr EU Ausland &#8211; keine Auslands\u00fcberweisung!<\/p>\n","protected":false},"author":1,"featured_media":0,"parent":0,"menu_order":0,"comment_status":"open","ping_status":"closed","template":"","meta":{"footnotes":""},"class_list":["post-44156","page","type-page","status-publish","hentry"],"_links":{"self":[{"href":"https:\/\/shop.nlq24.eu\/de\/wp-json\/wp\/v2\/pages\/44156","targetHints":{"allow":["GET"]}}],"collection":[{"href":"https:\/\/shop.nlq24.eu\/de\/wp-json\/wp\/v2\/pages"}],"about":[{"href":"https:\/\/shop.nlq24.eu\/de\/wp-json\/wp\/v2\/types\/page"}],"author":[{"embeddable":true,"href":"https:\/\/shop.nlq24.eu\/de\/wp-json\/wp\/v2\/users\/1"}],"replies":[{"embeddable":true,"href":"https:\/\/shop.nlq24.eu\/de\/wp-json\/wp\/v2\/comments?post=44156"}],"version-history":[{"count":0,"href":"https:\/\/shop.nlq24.eu\/de\/wp-json\/wp\/v2\/pages\/44156\/revisions"}],"wp:attachment":[{"href":"https:\/\/shop.nlq24.eu\/de\/wp-json\/wp\/v2\/media?parent=44156"}],"curies":[{"name":"wp","href":"https:\/\/api.w.org\/{rel}","templated":true}]}}