{"id":4475,"date":"2019-02-20T18:10:07","date_gmt":"2019-02-20T18:10:07","guid":{"rendered":"https:\/\/www.nlq24.de\/?page_id=4475"},"modified":"2024-02-19T18:47:25","modified_gmt":"2024-02-19T18:47:25","slug":"newsletter","status":"publish","type":"page","link":"https:\/\/shop.nlq24.eu\/de\/newsletter\/","title":{"rendered":"Newsletter"},"content":{"rendered":"\n<p>Newsletter von www.nlq24.de<\/p>\n\n\n\n<p>Bitte sende mir, entsprechend Ihrer Datenschutzerkl\u00e4rung regelm\u00e4\u00dfig und jederzeit widerruflich Informationen zu Produkten zur Gesunderhaltung, Wasserdesinfektion und Naturprodukten, sowie zu Themen rund um den Shop und das Sortiment per E-Mail zu. <br><\/p>\n\n\n\n<h3>    Gleich anmelden und bei Aktionen profitieren!<\/h3>\n<link href=\"\/\/cdn-images.mailchimp.com\/embedcode\/classic-10_7.css\" rel=\"stylesheet\" type=\"text\/css\">\n<style type=\"text\/css\">\n\t#mc_embed_signup{background:#fff; clear:left; font:14px Helvetica,Arial,sans-serif; }\n\t\/* Add your own Mailchimp form style overrides in your site stylesheet or in this style block.\n\t   We recommend moving this block and the preceding CSS link to the HEAD of your HTML file. *\/\n<\/style>\n<div id=\"mc_embed_signup\">\n<form action=\"https:\/\/nlq24.us20.list-manage.com\/subscribe\/post?u=61ecb05a3f22b8c058ba5d22d&amp;id=a62401a336\" method=\"post\" id=\"mc-embedded-subscribe-form\" name=\"mc-embedded-subscribe-form\" class=\"validate\" target=\"_blank\" novalidate=\"\">\n    <div id=\"mc_embed_signup_scroll\">\n\t<h2>Anmeldung zum Newsletter von Neue Lebensqualit\u00e4t www.nlq24.de<\/h2>\n<div class=\"Eingabe erforderlich.\"><span class=\"asterisk\">*<\/span> Eingabe erforderlich<\/div>\n<div class=\"mc-field-group\">\n\t<label for=\"mce-EMAIL\">Ihre Email-Adresse  <span class=\"asterisk\">*<\/span>\n<\/label>\n\t<input type=\"email\" value=\"\" name=\"EMAIL\" class=\"required email\" id=\"mce-EMAIL\">\n<\/div>\n<div class=\"mc-field-group\">\n\t<label for=\"mce-VORNAME\">Ihr Vorname (optional) <\/label>\n\t<input type=\"text\" value=\"\" name=\"VORNAME\" class=\"\" id=\"mce-VORNAME\">\n<\/div>\n<div class=\"mc-field-group\">\n\t<label for=\"mce-NACHNAME\">Ihr Nachname (optional) <\/label>\n\t<input type=\"text\" value=\"\" name=\"NACHNAME\" class=\"\" id=\"mce-NACHNAME\">\n<\/div>\n\t<div id=\"mce-responses\" class=\"clear\">\n\t\t<div class=\"response\" id=\"mce-error-response\" style=\"display:none\"><\/div>\n\t\t<div class=\"response\" id=\"mce-success-response\" style=\"display:none\"><\/div>\n\t<\/div>    <!-- real people should not fill this in and expect good things - do not remove this or risk form bot signups-->\n    <div style=\"position: absolute; left: -5000px;\" aria-hidden=\"true\"><input type=\"text\" name=\"b_61ecb05a3f22b8c058ba5d22d_a62401a336\" tabindex=\"-1\" value=\"\"><\/div>\n    <div class=\"clear\"><input type=\"submit\" value=\"Anmelden\" name=\"Subscribe\" id=\"mc-embedded-subscribe\" class=\"button\"><\/div>\n    <\/div>\n<\/form>\n<\/div>\n\n<!--End mc_embed_signup-->\n\n\n\n<p>Du findest die Newsletter aber auf meiner Seite hier im <a href=\"https:\/\/shop.nlq24.eu\/de\/blog\/\"><strong>Blog<\/strong><\/a>.<\/p>\n\n\n\n<p><\/p>\n","protected":false},"excerpt":{"rendered":"<p>Newsletter von www.nlq24.de Bitte sende mir, entsprechend Ihrer Datenschutzerkl\u00e4rung regelm\u00e4\u00dfig und jederzeit widerruflich Informationen zu Produkten zur Gesunderhaltung, Wasserdesinfektion und Naturprodukten, sowie zu Themen rund um den Shop und das Sortiment per E-Mail zu. Gleich anmelden und bei Aktionen profitieren! Anmeldung zum Newsletter von Neue Lebensqualit\u00e4t www.nlq24.de * Eingabe erforderlich Ihre Email-Adresse * Ihr Vorname [&#8230;]\n","protected":false},"author":1,"featured_media":0,"parent":0,"menu_order":0,"comment_status":"closed","ping_status":"closed","template":"","meta":{"footnotes":""},"class_list":["post-4475","page","type-page","status-publish","hentry"],"_links":{"self":[{"href":"https:\/\/shop.nlq24.eu\/de\/wp-json\/wp\/v2\/pages\/4475","targetHints":{"allow":["GET"]}}],"collection":[{"href":"https:\/\/shop.nlq24.eu\/de\/wp-json\/wp\/v2\/pages"}],"about":[{"href":"https:\/\/shop.nlq24.eu\/de\/wp-json\/wp\/v2\/types\/page"}],"author":[{"embeddable":true,"href":"https:\/\/shop.nlq24.eu\/de\/wp-json\/wp\/v2\/users\/1"}],"replies":[{"embeddable":true,"href":"https:\/\/shop.nlq24.eu\/de\/wp-json\/wp\/v2\/comments?post=4475"}],"version-history":[{"count":0,"href":"https:\/\/shop.nlq24.eu\/de\/wp-json\/wp\/v2\/pages\/4475\/revisions"}],"wp:attachment":[{"href":"https:\/\/shop.nlq24.eu\/de\/wp-json\/wp\/v2\/media?parent=4475"}],"curies":[{"name":"wp","href":"https:\/\/api.w.org\/{rel}","templated":true}]}}