{"id":45760,"date":"2019-11-19T12:19:19","date_gmt":"2019-11-19T12:19:19","guid":{"rendered":"https:\/\/www.nlq24.de\/?page_id=45760"},"modified":"2026-02-18T10:56:40","modified_gmt":"2026-02-18T10:56:40","slug":"versandkosten-dauer","status":"publish","type":"page","link":"https:\/\/shop.nlq24.eu\/de\/versandkosten-dauer\/","title":{"rendered":"Versandkosten + Dauer"},"content":{"rendered":"\n<p class=\"has-text-align-center\"><strong>Versandkosten + Dauer<\/strong><\/p>\n\n\n\n<p>Mit k\u00fcnstlich gemachten &#8222;Kosten&#8220; f\u00fcr den Klimaschwindel. Leider m\u00fcssen wir nun alle f\u00fcr die L\u00fcgen zahlen&#8230;.<\/p>\n\n\n\n<p>DPD ist im Ausland schneller als DHL.<\/p>\n\n\n\n<h2 class=\"wp-block-heading\">Diese Liste dient nur zu einem \u00dcberblick. Wenn du im Warenkorb dein Lieferland angibst erh\u00e4ltst du die genauen, g\u00fcltigen Versandkosten. Die Versandpauschale ist auf ein Gewicht von bis zu 4 kg ausgelegt, was den Durchschnitt bildet. Daher ist die Bestellung von mehr nat\u00fcrlich immer g\u00fcnstiger.<\/h2>\n\n\n\n<p>Preise inklusive Mwst.<\/p>\n\n\n\n<figure class=\"wp-block-table aligncenter\"><table class=\"has-background\" style=\"background-color:#e7f5fe\"><tbody><tr><td><strong>L\u00e4nder\u00fcbersicht<\/strong><\/td><td class=\"has-text-align-center\" data-align=\"center\">Preis mit<strong> DHL<\/strong><\/td><td class=\"has-text-align-center\" data-align=\"center\">Preis mit <strong>DPD<\/strong><\/td><td class=\"has-text-align-center\" data-align=\"center\"> Preis       mit<br><strong>UPS<\/strong><\/td><td class=\"has-text-align-center\" data-align=\"center\"><strong>Lieferzeit <\/strong><br><strong>bis zu Tage* <\/strong><\/td><\/tr><tr><td>Afrika Nord<\/td><td class=\"has-text-align-center\" data-align=\"center\">85,00 \u20ac<\/td><td class=\"has-text-align-center\" data-align=\"center\"><\/td><td class=\"has-text-align-center\" data-align=\"center\"><\/td><td class=\"has-text-align-center\" data-align=\"center\">12-16 Werktg.<\/td><\/tr><tr><td>Algerien<\/td><td class=\"has-text-align-center\" data-align=\"center\">37,00 \u20ac<\/td><td class=\"has-text-align-center\" data-align=\"center\"><\/td><td class=\"has-text-align-center\" data-align=\"center\"><\/td><td class=\"has-text-align-center\" data-align=\"center\">bis max. 4 kg<\/td><\/tr><tr><td>Albanien<\/td><td class=\"has-text-align-center\" data-align=\"center\">35,50 \u20ac<\/td><td class=\"has-text-align-center\" data-align=\"center\"><\/td><td class=\"has-text-align-center\" data-align=\"center\"><\/td><td class=\"has-text-align-center\" data-align=\"center\">6 &#8211; 12 Tage<\/td><\/tr><tr><td>Belgien     <\/td><td class=\"has-text-align-center\" data-align=\"center\">18,00 \u20ac<\/td><td class=\"has-text-align-center\" data-align=\"center\"><strong>15,50 \u20ac<\/strong><\/td><td class=\"has-text-align-center\" data-align=\"center\">19,50<\/td><td class=\"has-text-align-center\" data-align=\"center\">3<\/td><\/tr><tr><td>Bulgarien<\/td><td class=\"has-text-align-center\" data-align=\"center\">21,00 \u20ac<\/td><td class=\"has-text-align-center\" data-align=\"center\"><\/td><td class=\"has-text-align-center\" data-align=\"center\">19,50<\/td><td class=\"has-text-align-center\" data-align=\"center\">5<\/td><\/tr><tr><td>D\u00e4nemark<\/td><td class=\"has-text-align-center\" data-align=\"center\">18,00 \u20ac<\/td><td class=\"has-text-align-center\" data-align=\"center\"><strong>18,80 \u20ac<\/strong><\/td><td class=\"has-text-align-center\" data-align=\"center\">19,00<\/td><td class=\"has-text-align-center\" data-align=\"center\">2<\/td><\/tr><tr><td>Deutschland<br>Belieferung von <strong>Inseln<\/strong> kostet einen Zuschlag*<\/td><td class=\"has-text-align-center\" data-align=\"center\">6,99 \u20ac<\/td><td class=\"has-text-align-center\" data-align=\"center\"><br>6,99 \u20ac<br><\/td><td class=\"has-text-align-center\" data-align=\"center\"><\/td><td class=\"has-text-align-center\" data-align=\"center\">3<\/td><\/tr><tr><td>Deutschland <br>DHL <strong>EXPRESS<\/strong>! Versand von einen <br>Tag auf den <strong>n\u00e4chsten<\/strong> (Mo. bis Do.) bei <br>Bestellung vor 12 Uhr am Vortag +<br>Verf\u00fcgbarkeit alle Waren. <br><strong>Telefonnummer<\/strong> ist anzugeben!<\/td><td class=\"has-text-align-center\" data-align=\"center\">21,20 \u20ac<\/td><td class=\"has-text-align-center\" data-align=\"center\"><\/td><td class=\"has-text-align-center\" data-align=\"center\"><\/td><td class=\"has-text-align-center\" data-align=\"center\">1<\/td><\/tr><tr><td>Deutschland <br>DPD<strong> EXPRESS<\/strong>! Versand von einen <br>Tag auf den <strong>n\u00e4chsten<\/strong> (Mo. bis Do.) bei <br>Bestellung vor 12 Uhr am Vortag +<br>Verf\u00fcgbarkeit alle Waren. <br><strong>Telefonnummer<\/strong> ist anzugeben!<\/td><td class=\"has-text-align-center\" data-align=\"center\">17,00 \u20ac<\/td><td class=\"has-text-align-center\" data-align=\"center\"><\/td><td class=\"has-text-align-center\" data-align=\"center\"><\/td><td class=\"has-text-align-center\" data-align=\"center\"><\/td><\/tr><tr><td>Deutschland<br><strong>UPS Express!<\/strong> Versand von einen <br>Tag auf den <strong>n\u00e4chsten<\/strong> (Mo. bis Do.) bei <br>Bestellung vor 12 Uhr am Vortag +<br>Verf\u00fcgbarkeit alle Waren. <br><strong>Telefonnummer<\/strong> ist anzugeben!!<\/td><td class=\"has-text-align-center\" data-align=\"center\">24,60 \u20ac<\/td><td class=\"has-text-align-center\" data-align=\"center\"><\/td><td class=\"has-text-align-center\" data-align=\"center\"><\/td><td class=\"has-text-align-center\" data-align=\"center\">1<\/td><\/tr><tr><td>Estland<\/td><td class=\"has-text-align-center\" data-align=\"center\"><strong>22,00 \u20ac<\/strong><\/td><td class=\"has-text-align-center\" data-align=\"center\">no<\/td><td class=\"has-text-align-center\" data-align=\"center\"><\/td><td class=\"has-text-align-center\" data-align=\"center\">6<\/td><\/tr><tr><td>Frankreich<\/td><td class=\"has-text-align-center\" data-align=\"center\">22,20 \u20ac<\/td><td class=\"has-text-align-center\" data-align=\"center\"><strong>22,20 \u20ac<\/strong><\/td><td class=\"has-text-align-center\" data-align=\"center\"><\/td><td class=\"has-text-align-center\" data-align=\"center\">3<\/td><\/tr><tr><td>Finnland (Haust\u00fcr)<\/td><td class=\"has-text-align-center\" data-align=\"center\">34,00 \u20ac<\/td><td class=\"has-text-align-center\" data-align=\"center\"><\/td><td class=\"has-text-align-center\" data-align=\"center\"><\/td><td class=\"has-text-align-center\" data-align=\"center\">4<\/td><\/tr><tr><td>Gro\u00dfbritannien (UK)<\/td><td class=\"has-text-align-center\" data-align=\"center\">31,50 \u20ac<\/td><td class=\"has-text-align-center\" data-align=\"center\"><strong>19,00 \u20ac<\/strong><\/td><td class=\"has-text-align-center\" data-align=\"center\"><\/td><td class=\"has-text-align-center\" data-align=\"center\">4<\/td><\/tr><tr><td>Griechenland<\/td><td class=\"has-text-align-center\" data-align=\"center\">22,70 \u20ac<\/td><td class=\"has-text-align-center\" data-align=\"center\"><\/td><td class=\"has-text-align-center\" data-align=\"center\"><\/td><td class=\"has-text-align-center\" data-align=\"center\">8<\/td><\/tr><tr><td>Irland<\/td><td class=\"has-text-align-center\" data-align=\"center\">21,95 \u20ac<\/td><td class=\"has-text-align-center\" data-align=\"center\"><\/td><td class=\"has-text-align-center\" data-align=\"center\"><\/td><td class=\"has-text-align-center\" data-align=\"center\">4<\/td><\/tr><tr><td>Italien<\/td><td class=\"has-text-align-center\" data-align=\"center\"><strong>21,10 \u20ac<\/strong><\/td><td class=\"has-text-align-center\" data-align=\"center\">26,80<\/td><td class=\"has-text-align-center\" data-align=\"center\"><\/td><td class=\"has-text-align-center\" data-align=\"center\">3<\/td><\/tr><tr><td>Kroatien<\/td><td class=\"has-text-align-center\" data-align=\"center\">22,00 \u20ac<\/td><td class=\"has-text-align-center\" data-align=\"center\"><\/td><td class=\"has-text-align-center\" data-align=\"center\"><\/td><td class=\"has-text-align-center\" data-align=\"center\">3<\/td><\/tr><tr><td>Lettland<\/td><td class=\"has-text-align-center\" data-align=\"center\">22,00 \u20ac<\/td><td class=\"has-text-align-center\" data-align=\"center\"><\/td><td class=\"has-text-align-center\" data-align=\"center\"><\/td><td class=\"has-text-align-center\" data-align=\"center\">6<\/td><\/tr><tr><td>Litauen<\/td><td class=\"has-text-align-center\" data-align=\"center\">22,00 \u20ac<\/td><td class=\"has-text-align-center\" data-align=\"center\"><\/td><td class=\"has-text-align-center\" data-align=\"center\"><\/td><td class=\"has-text-align-center\" data-align=\"center\">5<\/td><\/tr><tr><td>Liechtenstein<\/td><td class=\"has-text-align-center\" data-align=\"center\">25,70 \u20ac<\/td><td class=\"has-text-align-center\" data-align=\"center\"><strong>17,40 \u20ac<\/strong><\/td><td class=\"has-text-align-center\" data-align=\"center\"><\/td><td class=\"has-text-align-center\" data-align=\"center\">5<\/td><\/tr><tr><td>Luxemburg<\/td><td class=\"has-text-align-center\" data-align=\"center\">21,10 \u20ac<\/td><td class=\"has-text-align-center\" data-align=\"center\"><strong>15,50 \u20ac<\/strong><\/td><td class=\"has-text-align-center\" data-align=\"center\"><\/td><td class=\"has-text-align-center\" data-align=\"center\">3<\/td><\/tr><tr><td>Monaco<\/td><td class=\"has-text-align-center\" data-align=\"center\">22,00 \u20ac<\/td><td class=\"has-text-align-center\" data-align=\"center\">22,20 \u20ac<\/td><td class=\"has-text-align-center\" data-align=\"center\"><\/td><td class=\"has-text-align-center\" data-align=\"center\">4<\/td><\/tr><tr><td>Niederlande\/Holland<\/td><td class=\"has-text-align-center\" data-align=\"center\">21,00 \u20ac<\/td><td class=\"has-text-align-center\" data-align=\"center\"><strong>15,50<\/strong> \u20ac<\/td><td class=\"has-text-align-center\" data-align=\"center\"><\/td><td class=\"has-text-align-center\" data-align=\"center\">2<\/td><\/tr><tr><td>Norwegen<\/td><td class=\"has-text-align-center\" data-align=\"center\"><strong>28,50 \u20ac<\/strong><\/td><td class=\"has-text-align-center\" data-align=\"center\">31,60 \u20ac<\/td><td class=\"has-text-align-center\" data-align=\"center\"><\/td><td class=\"has-text-align-center\" data-align=\"center\">5<\/td><\/tr><tr><td>\u00d6sterreich <\/td><td class=\"has-text-align-center\" data-align=\"center\">21,00 \u20ac<\/td><td class=\"has-text-align-center\" data-align=\"center\"><strong>15,50 \u20ac<\/strong><\/td><td class=\"has-text-align-center\" data-align=\"center\"><\/td><td class=\"has-text-align-center\" data-align=\"center\">2<\/td><\/tr><tr><td>Polen<\/td><td class=\"has-text-align-center\" data-align=\"center\"><strong>21,00 \u20ac<\/strong><\/td><td class=\"has-text-align-center\" data-align=\"center\">26,80<\/td><td class=\"has-text-align-center\" data-align=\"center\"><\/td><td class=\"has-text-align-center\" data-align=\"center\">3<\/td><\/tr><tr><td>Portugal<\/td><td class=\"has-text-align-center\" data-align=\"center\"><strong>22,00 \u20ac<\/strong><\/td><td class=\"has-text-align-center\" data-align=\"center\">31,60<\/td><td class=\"has-text-align-center\" data-align=\"center\"><\/td><td class=\"has-text-align-center\" data-align=\"center\">5<\/td><\/tr><tr><td>Rum\u00e4nien<\/td><td class=\"has-text-align-center\" data-align=\"center\">22,00 \u20ac<\/td><td class=\"has-text-align-center\" data-align=\"center\"><\/td><td class=\"has-text-align-center\" data-align=\"center\"><\/td><td class=\"has-text-align-center\" data-align=\"center\">2<\/td><\/tr><tr><td>Saudi-Arabien (K\u00f6nigreich) <br>bis 4 kg<\/td><td class=\"has-text-align-center\" data-align=\"center\">63,70 \u20ac<\/td><td class=\"has-text-align-center\" data-align=\"center\"><\/td><td class=\"has-text-align-center\" data-align=\"center\"><\/td><td class=\"has-text-align-center\" data-align=\"center\">bis zu 20<\/td><\/tr><tr><td>Schweiz<\/td><td class=\"has-text-align-center\" data-align=\"center\">25,65 \u20ac<\/td><td class=\"has-text-align-center\" data-align=\"center\"><strong>15,00 \u20ac<\/strong><\/td><td class=\"has-text-align-center\" data-align=\"center\"><\/td><td class=\"has-text-align-center\" data-align=\"center\">5<\/td><\/tr><tr><td>Schweden<\/td><td class=\"has-text-align-center\" data-align=\"center\">27,90 \u20ac<\/td><td class=\"has-text-align-center\" data-align=\"center\"><\/td><td class=\"has-text-align-center\" data-align=\"center\"><\/td><td class=\"has-text-align-center\" data-align=\"center\">3<\/td><\/tr><tr><td>Simbabwe<\/td><td class=\"has-text-align-center\" data-align=\"center\">69,90 \u20ac<\/td><td class=\"has-text-align-center\" data-align=\"center\"><\/td><td class=\"has-text-align-center\" data-align=\"center\"><\/td><td class=\"has-text-align-center\" data-align=\"center\">13<\/td><\/tr><tr><td>Singapur bis 5 kg.<\/td><td class=\"has-text-align-center\" data-align=\"center\">62,50 \u20ac<\/td><td class=\"has-text-align-center\" data-align=\"center\"><\/td><td class=\"has-text-align-center\" data-align=\"center\"><\/td><td class=\"has-text-align-center\" data-align=\"center\">8<\/td><\/tr><tr><td>Slowakei<\/td><td class=\"has-text-align-center\" data-align=\"center\">21,20 \u20ac<\/td><td class=\"has-text-align-center\" data-align=\"center\"><\/td><td class=\"has-text-align-center\" data-align=\"center\"><\/td><td class=\"has-text-align-center\" data-align=\"center\">3<\/td><\/tr><tr><td>Slowenien<\/td><td class=\"has-text-align-center\" data-align=\"center\">21,20 \u20ac<\/td><td class=\"has-text-align-center\" data-align=\"center\">26,80 \u20ac<\/td><td class=\"has-text-align-center\" data-align=\"center\"><\/td><td class=\"has-text-align-center\" data-align=\"center\">3<\/td><\/tr><tr><td>Spanien<\/td><td class=\"has-text-align-center\" data-align=\"center\">21,50 \u20ac<\/td><td class=\"has-text-align-center\" data-align=\"center\"><\/td><td class=\"has-text-align-center\" data-align=\"center\"><\/td><td class=\"has-text-align-center\" data-align=\"center\">5<\/td><\/tr><tr><td>Tschech. Republik<\/td><td class=\"has-text-align-center\" data-align=\"center\">21,00 \u20ac<\/td><td class=\"has-text-align-center\" data-align=\"center\"><strong>17,40 \u20ac<\/strong><\/td><td class=\"has-text-align-center\" data-align=\"center\"><\/td><td class=\"has-text-align-center\" data-align=\"center\">3<\/td><\/tr><tr><td>UAE Vereinigte Arabische <br>Emirate bis 4 KG<\/td><td class=\"has-text-align-center\" data-align=\"center\">65,00 \u20ac<\/td><td class=\"has-text-align-center\" data-align=\"center\"><\/td><td class=\"has-text-align-center\" data-align=\"center\"><\/td><td class=\"has-text-align-center\" data-align=\"center\">12<\/td><\/tr><tr><td> Ungarn <\/td><td class=\"has-text-align-center\" data-align=\"center\">21,20 \u20ac<\/td><td class=\"has-text-align-center\" data-align=\"center\">26,80 \u20ac<\/td><td class=\"has-text-align-center\" data-align=\"center\"><\/td><td class=\"has-text-align-center\" data-align=\"center\">3<\/td><\/tr><tr><td>Wei\u00dfrussland<\/td><td class=\"has-text-align-center\" data-align=\"center\">28,50 \u20ac<\/td><td class=\"has-text-align-center\" data-align=\"center\"><\/td><td class=\"has-text-align-center\" data-align=\"center\"><\/td><td class=\"has-text-align-center\" data-align=\"center\">18<\/td><\/tr><tr><td>Vatikanstadt<\/td><td class=\"has-text-align-center\" data-align=\"center\">22,00 \u20ac<\/td><td class=\"has-text-align-center\" data-align=\"center\"><\/td><td class=\"has-text-align-center\" data-align=\"center\"><\/td><td class=\"has-text-align-center\" data-align=\"center\">8<\/td><\/tr><tr><td>Zypern<\/td><td class=\"has-text-align-center\" data-align=\"center\">22,00 \u20ac<\/td><td class=\"has-text-align-center\" data-align=\"center\"><\/td><td class=\"has-text-align-center\" data-align=\"center\"><\/td><td class=\"has-text-align-center\" data-align=\"center\">12<\/td><\/tr><\/tbody><\/table><figcaption class=\"wp-element-caption\">Versandpauschalen<\/figcaption><\/figure>\n\n\n\n<div class=\"wp-block-columns is-layout-flex wp-container-core-columns-is-layout-9d6595d7 wp-block-columns-is-layout-flex\">\n<div class=\"wp-block-column is-layout-flow wp-block-column-is-layout-flow\" style=\"flex-basis:100%\">\n<div class=\"wp-block-columns is-layout-flex wp-container-core-columns-is-layout-9d6595d7 wp-block-columns-is-layout-flex\">\n<div class=\"wp-block-column is-layout-flow wp-block-column-is-layout-flow\">\n<h2 class=\"wp-block-heading\">*Inselzuschl\u00e4ge:<\/h2>\n\n\n\n<p>F\u00fcr die deutschen Inseln wird bei DPD ein Zuschlag von 21 \u20ac und bei DHL von 9,00 \u20ac erhoben. So koste er mit <\/p>\n\n\n\n<p>DHL 6,99 \u20ac + 9 \u20ac = 15,99 \u20ac und mit<\/p>\n\n\n\n<p>DPD 6,99 \u20ac + 21 \u20ac = 27,99 \u20ac.<\/p>\n<\/div>\n\n\n\n<div class=\"wp-block-column is-layout-flow wp-block-column-is-layout-flow\"><\/div>\n<\/div>\n<\/div>\n<\/div>\n\n\n\n<p class=\"has-background\" style=\"background-color:#e5f5ff\">  * Tage sind die Tage zwischen Montag bis Freitag. <br>Maximale Lieferzeit des Versandunternehmens nach deren Angaben. <strong>Meist<\/strong> ist diese jedoch <strong>k\u00fcrzer<\/strong>. Genaueres erfahren Sie ggf. in Ihrem Tracking.<\/p>\n\n\n\n<p class=\"has-background has-normal-font-size\" style=\"background-color:#e5f5ff\">Wenn du im Rahmen einer Bestellung mehrere Artikel bestellest, f\u00fcr die unterschiedliche Lieferzeiten gelten, wird die Ware in einer gemeinsamen Sendung versendet, sofern nichts anderes vereinbart ist. In diesem Fall gilt f\u00fcr die Warensendung insgesamt die Lieferzeit, die f\u00fcr den Artikel mit der l\u00e4ngsten Lieferzeit gilt.<\/p>\n\n\n\n<p class=\"has-background\" style=\"background-color:#e5f5ff\"><strong>Information zur Berechnung des Liefertermins<\/strong><\/p>\n\n\n\n<p class=\"has-background\" style=\"background-color:#e5f5ff\">Die Frist f\u00fcr die Lieferung beginnt bei Zahlung per Vorkasse per Bank\u00fcberweisung am Tag nach Erteilung des Zahlungsauftrags an das \u00fcberweisende Kreditinstitut bzw. bei anderen Zahlungsarten am Tag nach Vertragsschluss zu laufen und endet mit dem Ablauf des letzten Tages der Frist. F\u00e4llt der letzte Tag der Frist auf einen Samstag, Sonntag oder einen am Lieferort &#8222;staatlich anerkannten&#8220; allgemeinen Feiertag, so tritt an die Stelle eines solchen Tages der n\u00e4chste Werktag.<\/p>\n\n\n\n<h4 class=\"wp-block-heading\">Kleine Artikel g\u00fcnstigerer Versand<\/h4>\n\n\n\n<p class=\"has-background\" style=\"background-color:#e5f5ff\">Bei kleinen Artikeln bis 1 kg ist der Versand in einer A4 Versandtasche in <strong>Deutschland <\/strong> <strong>f\u00fcr 3,99 \u20ac<\/strong> sowie <strong>International f\u00fcr 10 \u20ac<\/strong> m\u00f6glich. Dieser erfolgt daf\u00fcr sehr kosteng\u00fcnstig und daher ohne Tracking und Haftung. Bitte w\u00e4hlen Sie diesen nur aus, wenn die Waren in einen Umschlag passen, diese darin unversehrt ankommen k\u00f6nnen und Sie kein Tracking w\u00fcnschen. Warensendungen k\u00f6nnen 1-2 Tage l\u00e4nger dauern, als in der Tabelle angegeben.<\/p>\n\n\n\n<h2 class=\"wp-block-heading\">Kleines Paket &#8211; P\u00e4ckchen<\/h2>\n\n\n\n<p>Kleine Artikel bis 1 kg k\u00f6nnen <strong>International<\/strong> mit der Warenpost g\u00fcnstiger als Pakete versendet werden. Folgende Ma\u00dfe d\u00fcrfen dabei jedoch nicht \u00fcberschritten werden: <br><br>Ma\u00dfe und Gewicht: Preis EU + NICHT EU<br>Bis <strong>maximal 1 kg<\/strong>: L: 14 &#8211; 35,3 cm, B: 9 &#8211; 25 cm, max. H: 1 bis 10 cm (L+B+H:)<br><\/p>\n\n\n\n<p>Um einen Preis nennen zu k\u00f6nnen, muss ich wissen, was du kaufen m\u00f6chtest, um das Gewicht und die Ma\u00dfe bestimmen zu k\u00f6nnen.<br><br>Daher kannst du die Ware <strong>nicht direkt<\/strong> mit der Warenpost bestellen. Um diese in Anspruch nehmen zu k\u00f6nnen, kaufe mit der Zahlungsart: &#8222;<strong>Vorkasse<\/strong>&#8222;. Dann kann ich die Versandkosten nach der Bestellung noch \u00e4ndern \/anpassen.  Du kannst dann im Anschluss per Bank\u00fcberweisung vorab bezahlen.<\/p>\n\n\n\n<p>Ob du Waren in dein Land einf\u00fchren darfst, musst du eigenverantwortlich selbst kl\u00e4ren. Wenn es verboten sein sollte, und das Paket nicht ankommt, kann ich nichts daran \u00e4ndern und hafte daf\u00fcr auch nicht.<br>Die Einfuhrbestimmungen f\u00fcr L\u00e4nder findest du Sie hier:<br><a href=\"https:\/\/www.deutschepost.de\/de\/b\/briefe-ins-ausland\/zollbestimmungen.html\" target=\"_blank\" rel=\"noreferrer noopener nofollow\">https:\/\/www.deutschepost.de\/de\/b\/briefe-ins-ausland\/zollbestimmungen.html<\/a><\/p>\n\n\n\n<p>Es ist also dein eigenes Risiko.<\/p>\n\n\n\n<h4 class=\"wp-block-heading\">Versandkosten kalkulieren<\/h4>\n\n\n\n<p class=\"has-background\" style=\"background-color:#e5f5ff\">Die Versandkosten kannst du \u00fcbrigens auch i<strong>m Warenkorb kalkulieren<\/strong> lassen. Dies gibt dir eine verbindliche Auskunft \u00fcber den Preis, welchen du f\u00fcr die Ware, die im Warenkorb liegt, zu zahlen hast.<\/p>\n\n\n\n<h2 class=\"wp-block-heading\">Kostenfreie Lieferung<\/h2>\n\n\n\n<p class=\"has-background\" style=\"background-color:#e5f5ff\">Wenn dir andere Shops &#8222;<strong>kostenfreie Lieferung<\/strong>&#8220; f\u00fcr alles anbieten, denke daran, dass irgendwer daf\u00fcr bezahlen muss. Denn einen kostenfreien Versand kann es nat\u00fcrlich <strong>nicht<\/strong> geben. Das leuchtet jedem ein, der auch f\u00fcr seine Arbeit Geld verdienen m\u00f6chte und muss. Leidtragende k\u00f6nnen daher die Mitarbeiter, Produzenten, Zulieferer, Subunternehmer, die Umwelt oder auch wir als &#8222;B\u00fcrger&#8220; von Deutschland sein (Steuern). Oder wir zahlen es<strong> indirekt durch unsere Daten<\/strong> (Einkaufsverhalten), welches durch den Einkauf preisgeben wird, auch wenn du es so vielleicht nicht merkst oder glaubst. Daten sind die neue &#8222;W\u00e4hrung&#8220;&#8230; Manche Konzerne haben aber etwas ganz anderes damit vor. Daher handle vielleicht besser bewusst und \u00fcberlegt.<\/p>\n\n\n\n<p class=\"has-background\" style=\"background-color:#e5f5ff\">Ich handle \u00fcbrigens nicht den Daten und deinem &#8222;Kaufverhalten&#8220;! Wenn du jedoch \u00fcber Paypal kaufst, verr\u00e4tst du es selbst.<\/p>\n\n\n\n<h2 class=\"wp-block-heading\">Retouren:<\/h2>\n\n\n\n<p>Widerruft du deine Bestellung oder verweigerst die Annahme, werden zus\u00e4tzlich zu den Versandkosten der ersten Zusendung, Retoure-Kosten f\u00e4llig, die von einer evtl. Erstattung abgezogen werden. Diese sind genau so hoch, wie bei die ersten Zusendung.<\/p>\n\n\n","protected":false},"excerpt":{"rendered":"<p>Versandkosten DHL und UPS und Warenpost<\/p>\n","protected":false},"author":1,"featured_media":44527,"parent":0,"menu_order":0,"comment_status":"open","ping_status":"closed","template":"","meta":{"footnotes":""},"class_list":["post-45760","page","type-page","status-publish","has-post-thumbnail","hentry"],"_links":{"self":[{"href":"https:\/\/shop.nlq24.eu\/de\/wp-json\/wp\/v2\/pages\/45760","targetHints":{"allow":["GET"]}}],"collection":[{"href":"https:\/\/shop.nlq24.eu\/de\/wp-json\/wp\/v2\/pages"}],"about":[{"href":"https:\/\/shop.nlq24.eu\/de\/wp-json\/wp\/v2\/types\/page"}],"author":[{"embeddable":true,"href":"https:\/\/shop.nlq24.eu\/de\/wp-json\/wp\/v2\/users\/1"}],"replies":[{"embeddable":true,"href":"https:\/\/shop.nlq24.eu\/de\/wp-json\/wp\/v2\/comments?post=45760"}],"version-history":[{"count":0,"href":"https:\/\/shop.nlq24.eu\/de\/wp-json\/wp\/v2\/pages\/45760\/revisions"}],"wp:featuredmedia":[{"embeddable":true,"href":"https:\/\/shop.nlq24.eu\/de\/wp-json\/wp\/v2\/media\/44527"}],"wp:attachment":[{"href":"https:\/\/shop.nlq24.eu\/de\/wp-json\/wp\/v2\/media?parent=45760"}],"curies":[{"name":"wp","href":"https:\/\/api.w.org\/{rel}","templated":true}]}}