{"id":46213,"date":"2019-11-24T13:20:28","date_gmt":"2019-11-24T13:20:28","guid":{"rendered":"https:\/\/www.nlq24.de\/?page_id=46213"},"modified":"2021-05-19T10:17:01","modified_gmt":"2021-05-19T10:17:01","slug":"glastrichter-fuer-loesemittel","status":"publish","type":"page","link":"https:\/\/shop.nlq24.eu\/de\/glastrichter-fuer-loesemittel\/","title":{"rendered":"Glastrichter f\u00fcr L\u00f6semittel &#8211; diverse Gr\u00f6\u00dfen"},"content":{"rendered":"\n<h2 class=\"wp-block-heading\">Glastrichter f\u00fcr L\u00f6semittel &#8211; diverse Gr\u00f6\u00dfen<\/h2>\n\n\n\n<p>Glastrichter f\u00fcr L\u00f6semittel erm\u00f6glichen es Ihnen, diese ohne Ausl\u00f6sungen umzuf\u00fcllen. Diese Glastrichter eignen sich sehr gut, wenn Sie zum Beispiel DMSO100 oder 99,99 % abf\u00fcllen m\u00f6chten. Aber auch f\u00fcr andere, sogar aggressive Substanzen, sind diese Glastrichter geeignet. <\/p>\n\n\n\n<h2 class=\"wp-block-heading\">Glastrichter f\u00fcr L\u00f6semittel in verschiedenen Gr\u00f6\u00dfen<\/h2>\n\n\n\n<p>Es gibt den <a href=\"https:\/\/shop.nlq24.eu\/produkt\/glastrichter-30-mm\/\"><strong>Glastrichter mit 30 mm Durchmesser<\/strong><\/a>.  Er besteht aus Kalk-Soda Glas. Somit ist dieser eine gute Wahl f\u00fcr Sie, wenn Sie kleine Mengen in kleine Flaschen zwischen 5 und 50 ml umf\u00fcllen m\u00f6chten. Noch kleiner ist der <a href=\"https:\/\/shop.nlq24.eu\/de\/produkt\/glastrichter-25-mm\/\"><strong>Glastrichter mit 25 mm im Durchmesser<\/strong><\/a>.  Ich nenne diesen auch Micro-Trichter. Beide haben einen sehr kleinen Durchmesser am Auslauf, so dass Sie diesen sehr gut zum Bef\u00fcllen der <a href=\"https:\/\/shop.nlq24.eu\/produkt\/pp-flaschen-bruchsicher-halbtransparent-mit-kindersicherheitsverschluss-div-groessen-farben\/\"><strong>bruchsicheren PP-Flaschen<\/strong><\/a> nutzen k\u00f6nnen.<\/p>\n\n\n\n<h2 class=\"wp-block-heading\">Glastrichter f\u00fcr hei\u00dfe und kalte Substanzen<\/h2>\n\n\n\n<p>Als zweite Gr\u00f6\u00dfe gibt es den <a href=\"https:\/\/shop.nlq24.eu\/produkt\/glastrichter-55-mm-aus-kalk-soda-glas\/\"><strong>Glastrichter mit 55 mm Durchmesser<\/strong><\/a>. Er besteht aus Bor-Silikat. Dieser Werkstoff erm\u00f6glicht es Ihnen, auch hei\u00dfe und sehr kalte Fl\u00fcssigkeiten abzuf\u00fcllen.<\/p>\n\n\n\n<p>Diese Trichter finden Sie zusammen mit Kunststoff-Trichtern in der Kategorie Dosieren\/Abf\u00fcllen &#8211; <a href=\"https:\/\/shop.nlq24.eu\/produkt-kategorien\/dosieren-abmessen\/trichter\/\">Trichter<\/a>.<\/p>\n\n\n\n<p><\/p>\n","protected":false},"excerpt":{"rendered":"<p>Glastrichter f\u00fcr L\u00f6semittel und aggressive Substanzen in verschiedenen Gr\u00f6\u00dfen<\/p>\n","protected":false},"author":1,"featured_media":45944,"parent":0,"menu_order":0,"comment_status":"closed","ping_status":"closed","template":"","meta":{"footnotes":""},"class_list":["post-46213","page","type-page","status-publish","has-post-thumbnail","hentry"],"_links":{"self":[{"href":"https:\/\/shop.nlq24.eu\/de\/wp-json\/wp\/v2\/pages\/46213","targetHints":{"allow":["GET"]}}],"collection":[{"href":"https:\/\/shop.nlq24.eu\/de\/wp-json\/wp\/v2\/pages"}],"about":[{"href":"https:\/\/shop.nlq24.eu\/de\/wp-json\/wp\/v2\/types\/page"}],"author":[{"embeddable":true,"href":"https:\/\/shop.nlq24.eu\/de\/wp-json\/wp\/v2\/users\/1"}],"replies":[{"embeddable":true,"href":"https:\/\/shop.nlq24.eu\/de\/wp-json\/wp\/v2\/comments?post=46213"}],"version-history":[{"count":0,"href":"https:\/\/shop.nlq24.eu\/de\/wp-json\/wp\/v2\/pages\/46213\/revisions"}],"wp:featuredmedia":[{"embeddable":true,"href":"https:\/\/shop.nlq24.eu\/de\/wp-json\/wp\/v2\/media\/45944"}],"wp:attachment":[{"href":"https:\/\/shop.nlq24.eu\/de\/wp-json\/wp\/v2\/media?parent=46213"}],"curies":[{"name":"wp","href":"https:\/\/api.w.org\/{rel}","templated":true}]}}