{"id":6062,"date":"2015-11-17T20:15:56","date_gmt":"2015-11-17T20:15:56","guid":{"rendered":"http:\/\/localhost:8888\/flatsome-next\/?page_id=3031"},"modified":"2025-05-05T17:54:39","modified_gmt":"2025-05-05T17:54:39","slug":"partnerinfo","status":"publish","type":"page","link":"https:\/\/shop.nlq24.eu\/de\/partnerinfo\/","title":{"rendered":"Informationen zum Partnerprogramm"},"content":{"rendered":"\n\t<div id=\"gap-1529705917\" class=\"gap-element clearfix\" style=\"display:block; height:auto;\">\n\t\t\n<style>\n#gap-1529705917 {\n  padding-top: 30px;\n}\n<\/style>\n\t<\/div>\n\t\n\n<h3 style=\"text-align: center;\">Hinweise zum Partner Programm bei NLQ24.de<\/h3>\n<div class=\"row align-equal align-right\"  id=\"row-1437045784\">\n\n\n\t<div id=\"col-1249706235\" class=\"col medium-4 small-12 large-4\"  >\n\t\t\t\t<div class=\"col-inner text-center\" style=\"background-color:rgb(255, 255, 255);\" >\n\t\t\t\n\t\t\t\n\n<h3>Bewirb meine Produkte!<\/h3>\n<p>Bei <strong>NLQ24<\/strong>.de wurde ein Partnerprogramm eingerichtet. Damit besteht nun die M\u00f6glichkeit f\u00fcr Sie, durch Empfehlungen auch zu profitieren.<\/p>\n<p>Dieses Partnerprogramm wird direkt von mir verwaltet und nicht durch Fremdfirmen. Es wird durch selbst erstellte Werbeanzeigen unterst\u00fctzt. Diese passen jeweils zu dem jeweiligen Produktangebot oder verweisen einfach nur auf meinen Shop.<\/p>\n<p>\u00a0<\/p>\n<p>\u00a0<\/p>\n\n\t\t<\/div>\n\t\t\t\t\t<\/div>\n\n\t\n\n\t<div id=\"col-658108310\" class=\"col medium-4 small-12 large-4\"  >\n\t\t\t\t<div class=\"col-inner text-center\"  >\n\t\t\t\n\t\t\t\n\n<h3><strong>Mit Banner oder Text?<\/strong><\/h3>\n<p>Ich stelle dir als Partner Werbemittel zur Verf\u00fcgung um Empfehlungen f\u00fcr Produkte oder meinen Shop an sich platzieren zu k\u00f6nnen.<\/p>\n<p><strong>Der Text Link:<br \/><\/strong>Ein solcher ist geeignet, um in Blogs oder in geschriebenen Artikeln\/Beitr\u00e4gen\u00a0 auf meinen Shop mit einem speziellen Link hinzuweisen. So einen Text Link kannst du zudem auch sehr gut in E-Mails platzieren und diese dann versenden. Durch den Klick und Kauf des Geworbenen \u00fcber deinen Link, erh\u00e4ltst du deinen Bonus!<\/p>\n<p><strong>Das Werbebanner:<br \/><\/strong>Hast du eine Webseite, erh\u00e4ltst du in deinem Account auch Werbebanner. Diese kannst du frei auf deiner Homepage oder in deinem Blog platzieren. Durch den Klick auf das Banner, welchen du mit deinem Link verlinkst, registriert mein Shop System Kunden, die von deiner Seite kommen. Verk\u00e4ufe, die aus dem Besuch meines Shops resultieren bringen dir dadurch einen Bonus.<\/p>\n\n\t\t<\/div>\n\t\t\t\t\t<\/div>\n\n\t\n\n\t<div id=\"col-542616253\" class=\"col medium-4 small-12 large-4\"  >\n\t\t\t\t<div class=\"col-inner text-center\"  >\n\t\t\t\n\t\t\t\n\n<h3>Ehrliche Abrechnung durch neueste Technik<\/h3>\n<p>Durch den Einsatz von modernster Software, werden deine geworbenen Links und Aufrufe gez\u00e4hlt und sind genau nachvollziehbar. Das gilt sowohl f\u00fcr die Textlinks als auch f\u00fcr Werbung durch Banner. So wird eine genaue Abrechnung anhand der Verk\u00e4ufe m\u00f6glich.<\/p>\n<p>Mein Partnerprogramm ist so ausgelegt, dass sich Empfehlungen f\u00fcr dich auch lohnen. Und das sogar f\u00fcr eine l\u00e4ngere Zeit.<\/p>\n<p>Solltest du nicht gewerblich mit Gewinnerzielungs-Absicht handeln und in den Steuerfreibetr\u00e4gen bleiben, sind deine Empfehlungen steuerfrei. Dar\u00fcber hinaus ben\u00f6tigst du dann einen Gewerbeschein f\u00fcr die Auszahlungen.<\/p>\n\n\t\t<\/div>\n\t\t\t\t\t<\/div>\n\n\t\n\n<\/div>\n<div class=\"message-box relative dark\" style=\"padding-top:15px;padding-bottom:15px;\"><div class=\"message-box-bg-image bg-fill fill\" ><\/div><div class=\"message-box-bg-overlay bg-fill fill\" ><\/div><div class=\"container relative\"><div class=\"inner last-reset\">\n\n<div class=\"row align-middle align-center\"  id=\"row-1312908818\">\n\n\n\t<div id=\"col-1035520074\" class=\"col medium-9 small-12 large-9\"  >\n\t\t\t\t<div class=\"col-inner\"  >\n\t\t\t\n\t\t\t\n\n<p>Nehmen auch Sie Teil und bewerben sich jetzt als Partner!<\/p>\n\n\t\t<\/div>\n\t\t\t\t\t<\/div>\n\n\t\n\n\t<div id=\"col-873207210\" class=\"col medium-2 small-12 large-2\"  >\n\t\t\t\t<div class=\"col-inner text-center\"  >\n\t\t\t\n\t\t\t\n\n\n\t\t<\/div>\n\t\t\t\t\t<\/div>\n\n\t\n\n<\/div>\n\n<\/div><\/div><\/div>\n\t<div id=\"gap-1439603337\" class=\"gap-element clearfix\" style=\"display:block; height:auto;\">\n\t\t\n<style>\n#gap-1439603337 {\n  padding-top: 30px;\n}\n<\/style>\n\t<\/div>\n\t\n\n<div class=\"row\"  id=\"row-2000173904\">\n\n\n\t<div id=\"col-901528044\" class=\"col medium-4 small-12 large-4\"  >\n\t\t\t\t<div class=\"col-inner text-center\"  >\n\t\t\t\n\t\t\t\n\n<h3 class=\"Normal tm5 tm6\"><span class=\"tm7\">Empfehlung, warum nicht?<\/span><\/h3>\n<p class=\"Normal tm5 tm6\"><span class=\"tm7\">Du kaufst schon l\u00e4nger bei mir und bist von meinen Produkten und meinem Angebot \u00fcberzeugt?<\/span><\/p>\n<p class=\"Normal tm5 tm6\"><span class=\"tm7\">Dann werde jetzt einfach Partner! Empfehle meinen Shop und die Produkte aus voller \u00dcberzeugung weiter. Zum Dank erh\u00e4ltst du f\u00fcr jeden empfohlenen Kunden der aufgrund Ihrer Empfehlung bei mir kauft, entweder einen Auszahlungsbetrag, den ich dir per Paypal oder auf dein Konto sende. Die Voraussetzung daf\u00fcr ist nat\u00fcrlich, dass die geworbene Bestellung bezahlt, endg\u00fcltig abgewickelt nicht widerrufen wurde und es sich um einen neuen Kunden handelt. <\/span><\/p>\n<p class=\"Normal tm5 tm6\"><strong><span class=\"tm8\">So k\u00f6nnen wir Partner sein:<\/span><\/strong><\/p>\n<p class=\"Normal tm5 tm6\"><span class=\"tm7\">Egal ob du eine eigene Homepage, betreibst einen Blog, einen Telegram Kanal oder eben nur \u00fcberzeugter Kunde und Nutzer meiner Produkte bist. Mein Sortiment sowie viel Zubeh\u00f6r erm\u00f6glichen es, sogar gezielte Kampagnen durchzuf\u00fchren und so auch von den Empfehlungen zu profitieren.<\/span><\/p>\n\n\t\t<\/div>\n\t\t\t\t\t<\/div>\n\n\t\n\n\t<div id=\"col-271384047\" class=\"col medium-4 small-12 large-4\"  >\n\t\t\t\t<div class=\"col-inner text-center\"  >\n\t\t\t\n\t\t\t\n\n<h3 class=\"Normal\">Die Partnerkonditionen f\u00fcr Empfehlungen:<\/h3>\n<p class=\"Normal\"><span class=\"tm5\">F\u00fcr jede <\/span><span class=\"tm5\">bezahlte und abgewickelte Bestellung, die deinen Partnerlink kommt und nicht widerrufen wurde, erh\u00e4ltst deu eine prozentuale Beteiligung am Nettowarenwert. Diese liegt grunds\u00e4tzlich bei 6 %, ist aber manchmal auch anders&nbsp; gestaffelt. <\/span><\/p>\n<p class=\"Normal\"><span class=\"tm5\">Den Bonusstand kannst du jederzeit im Partner Login-Bereich ersehen.<\/span><\/p>\n\n\t\t<\/div>\n\t\t\t\t\t<\/div>\n\n\t\n\n\t<div id=\"col-939528992\" class=\"col medium-4 small-12 large-4\"  >\n\t\t\t\t<div class=\"col-inner text-center\"  >\n\t\t\t\n\t\t\t\n\n<h3 class=\"Normal tm5 tm6\"><span class=\"tm7\">Kein Risiko<\/span><\/h3>\n<p class=\"Normal tm5 tm6\"><span class=\"tm7\">Die Teilnahme an dem Partner-Programm ist nat\u00fcrlich kostenfrei. Es besteht also keinerlei Risiko. Ich bin als Ansprechpartner auch pers\u00f6nlich f\u00fcr dich<\/span><span class=\"tm7\"> da und stehe dir mit Rat und Tat zur Seite. \u00dcber Telefon oder per eMail.<\/span><\/p>\n<h3 class=\"Normal\"><span class=\"tm5\">Immer informiert<\/span><\/h3>\n<p class=\"Normal\"><span class=\"tm5\">Im Partnerbereich kannst du sehen, wie viele der Links geklickt wurden und welchen Bonus du aus erfolgreichen K\u00e4ufen erh\u00e4ltst.<\/span><\/p>\n<p class=\"Normal\"><span class=\"tm5\">Ich freue mich auf eine gute Zusammenarbeit von Mensch zu Mensch<\/span><strong><span class=\"tm6\">.<\/span><\/strong><\/p>\n<p><span style=\"background-color: #ff0000; color: #ffffff;\"><strong><span style=\"font-size: 120%; background-color: #ff0000;\"><a style=\"background-color: #ff0000; color: #ffffff;\" href=\"https:\/\/shop.nlq24.eu\/anmeldung-zum-partner-programm\/\">\u00a0HIER BEWERBEN\u00a0<\/a><\/span><\/strong><\/span><\/p>\n<p>Liebe Gr\u00fc\u00dfe<br \/>torben<\/p>\n<p class=\"Normal\"><span class=\"tm6\" style=\"font-size: 80%;\">Dieses Partnerprogramm ist ein einseitiges, freiwilliges Angebot, welches ich jederzeit einseitig \u00e4ndern oder auch einstellen kann.<\/span><\/p>\n\n\t\t<\/div>\n\t\t\t\t\t<\/div>\n\n\t\n\n<\/div>\n\n","protected":false},"excerpt":{"rendered":"","protected":false},"author":2,"featured_media":0,"parent":0,"menu_order":0,"comment_status":"closed","ping_status":"closed","template":"page-blank.php","meta":{"footnotes":""},"class_list":["post-6062","page","type-page","status-publish","hentry"],"_links":{"self":[{"href":"https:\/\/shop.nlq24.eu\/de\/wp-json\/wp\/v2\/pages\/6062","targetHints":{"allow":["GET"]}}],"collection":[{"href":"https:\/\/shop.nlq24.eu\/de\/wp-json\/wp\/v2\/pages"}],"about":[{"href":"https:\/\/shop.nlq24.eu\/de\/wp-json\/wp\/v2\/types\/page"}],"author":[{"embeddable":true,"href":"https:\/\/shop.nlq24.eu\/de\/wp-json\/wp\/v2\/users\/2"}],"replies":[{"embeddable":true,"href":"https:\/\/shop.nlq24.eu\/de\/wp-json\/wp\/v2\/comments?post=6062"}],"version-history":[{"count":0,"href":"https:\/\/shop.nlq24.eu\/de\/wp-json\/wp\/v2\/pages\/6062\/revisions"}],"wp:attachment":[{"href":"https:\/\/shop.nlq24.eu\/de\/wp-json\/wp\/v2\/media?parent=6062"}],"curies":[{"name":"wp","href":"https:\/\/api.w.org\/{rel}","templated":true}]}}