{"id":73357,"date":"2020-09-22T10:36:50","date_gmt":"2020-09-22T10:36:50","guid":{"rendered":"https:\/\/shop.nlq24.eu\/?page_id=73357"},"modified":"2020-10-11T16:45:50","modified_gmt":"2020-10-11T16:45:50","slug":"fehlerquellen-bei-bestellung-oder-zahlung","status":"publish","type":"page","link":"https:\/\/shop.nlq24.eu\/de\/fehlerquellen-bei-bestellung-oder-zahlung\/","title":{"rendered":"Fehlerquellen bei Bestellung oder Zahlung"},"content":{"rendered":"\n<p>Es gibt leider Fehlerquellen bei einer Bestellung, die in gewissen Konstellationen auftauchen k\u00f6nnen. Aktuelle Hinweise hierzu gebe ich auf dieser Seite.<\/p>\n\n\n\n<h2 class=\"wp-block-heading\">Probleme bei der Zahlung mit Sofort\u00fcberweisung<\/h2>\n\n\n\n<p>Sofort\u00fcberweisung ist eine Zahlungsart von Klarna, welche jedoch nicht die Zahlungsart &#8222;Klarna&#8220; beinhaltet. <\/p>\n\n\n\n<p>Bei Sofort\u00fcberweisung werden Sie anonym zu Ihrem Online-Banking Ihrer Bank gef\u00fchrt. Dort loggen Sie sich, wie immer beim Onlinebanking ein. Daten werden dabei nicht an mich \u00fcbertragen. Ihr Zahlungsvorgang ist also gesch\u00fctzt, wie immer, wenn Sie Onlinebanking vornehmen. <\/p>\n\n\n\n<p>Der Unterschied liegt daran, dass Ihr Onlinebanking eine Nachricht an Sofort\u00fcberweisung sendet, die meinem Shop mitteilt, dass Sie bezahlt haben. Somit kann die Bestellung sofort bearbeitet werden, auch wenn die Zahlung vielleicht noch nicht gleich bei mir angekommen ist.<\/p>\n\n\n\n<h2 class=\"wp-block-heading\">Probleme durch neue Sicherheitsprotokolle bei Sofort\u00fcberweisung<\/h2>\n\n\n\n<p>Derzeit gibt es eine Weiterentwicklung des bekannten Sicherheitsprotokolls &#8222;SSL&#8220;. Im Internet \u00fcbertragene Daten werden \u00fcber dieses Protokoll verschl\u00fcsselt, um nicht auf dem Transportweg mitgelesen werden zu k\u00f6nnen.<br><br>Wird das neue Sicherheitsprotokoll von Ihrem Browser nicht unterst\u00fctzt, findet Ihre Zahlung ggf. nicht statt, weil die alten Protokolle zu unsicher geworden sind. <\/p>\n\n\n\n<p>Wenn Sie ein Problem bei der Zahlung hatten und Sie keine Nachricht von mir erhalten, dass die Zahlung erfolgt ist, sollten sie bitte \u00fcberpr\u00fcfen, ob der von Ihnen genutzten Browser mit dem Sicherheitsprotokoll &#8222;<strong>TLS 1.2.<\/strong>&#8220; kompatibel ist. Ein alter Browser, der nicht aktuell ist kann dies eventuell nicht. Daher sollten Sie im Zweifel bei so einem Problem einfach ein Update Ihres Browsers vornehmen, damit es wieder funktioniert. Dieses neue Sicherheitsprotokoll, welches Ihre Daten sichert, wird nun nach und nach in den meisten Online-Shops n\u00f6tig werden, damit Zahlungen funktionieren.<\/p>\n\n\n\n<p>Generell wir Ihnen empfohlen, als Basis die Betriebssysteme Windows 8.1, Windows 10 oder MAC OS X mindestens in der Version 10.9 zu nutzen. Die Browser: Chrome und Firefox aktualisieren sich in der Regel automatisch oder zeigen den Bedarf f\u00fcr ein Update an.<br><\/p>\n\n\n\n<p>Im Zweifel \u00fcberweisen Sie bitte einfach den f\u00e4lligen Betrag auf mein Konto und senden Sie mir eine Zahlungsbest\u00e4tigung per eMail an service@nlq24.de.<\/p>\n\n\n\n<p>Mehr Informationen zu den Zahlungsarten finden Sie <a href=\"https:\/\/shop.nlq24.eu\/bezahlmoeglichkeiten\/\">HIER<\/a>.<\/p>\n\n\n\n<p>Liebe Gr\u00fc\u00dfe NLQ24.de<br>Torben Beuthien<\/p>\n","protected":false},"excerpt":{"rendered":"<p>Es gibt leider Fehlerquellen bei einer Bestellung, die in gewissen Konstellationen auftauchen k\u00f6nnen. Aktuelle Hinweise hierzu gebe ich auf dieser Seite. Probleme bei der Zahlung mit Sofort\u00fcberweisung Sofort\u00fcberweisung ist eine Zahlungsart von Klarna, welche jedoch nicht die Zahlungsart &#8222;Klarna&#8220; beinhaltet. Bei Sofort\u00fcberweisung werden Sie anonym zu Ihrem Online-Banking Ihrer Bank gef\u00fchrt. Dort loggen Sie sich, [&#8230;]\n","protected":false},"author":1,"featured_media":0,"parent":0,"menu_order":0,"comment_status":"closed","ping_status":"closed","template":"","meta":{"footnotes":""},"class_list":["post-73357","page","type-page","status-publish","hentry"],"_links":{"self":[{"href":"https:\/\/shop.nlq24.eu\/de\/wp-json\/wp\/v2\/pages\/73357","targetHints":{"allow":["GET"]}}],"collection":[{"href":"https:\/\/shop.nlq24.eu\/de\/wp-json\/wp\/v2\/pages"}],"about":[{"href":"https:\/\/shop.nlq24.eu\/de\/wp-json\/wp\/v2\/types\/page"}],"author":[{"embeddable":true,"href":"https:\/\/shop.nlq24.eu\/de\/wp-json\/wp\/v2\/users\/1"}],"replies":[{"embeddable":true,"href":"https:\/\/shop.nlq24.eu\/de\/wp-json\/wp\/v2\/comments?post=73357"}],"version-history":[{"count":0,"href":"https:\/\/shop.nlq24.eu\/de\/wp-json\/wp\/v2\/pages\/73357\/revisions"}],"wp:attachment":[{"href":"https:\/\/shop.nlq24.eu\/de\/wp-json\/wp\/v2\/media?parent=73357"}],"curies":[{"name":"wp","href":"https:\/\/api.w.org\/{rel}","templated":true}]}}