{"id":75789,"date":"2021-03-31T09:51:40","date_gmt":"2021-03-31T09:51:40","guid":{"rendered":"https:\/\/shop.nlq24.eu\/allgemeine-geschaeftsbediungungen\/"},"modified":"2026-02-15T10:10:56","modified_gmt":"2026-02-15T10:10:56","slug":"allgemeine-geschaeftsbedingungenb","status":"publish","type":"page","link":"https:\/\/shop.nlq24.eu\/de\/allgemeine-geschaeftsbedingungenb\/","title":{"rendered":"Allgemeine Gesch\u00e4ftsbedingungen"},"content":{"rendered":"\n<p><strong>Allgemeine Gesch\u00e4ftsbedingungen<\/strong><\/p>\n\n\n\n<p><strong>1.&nbsp;<a href=\"#geltungsbereich\">Geltungsbereich<\/a><\/strong><br><strong>2.&nbsp;<a href=\"#vertragspartner,_vertragsschluss,_korrekturm\u00f6glichkeiten\">Vertragspartner, Vertragsschluss, Korrekturm\u00f6glichkeiten<\/a><\/strong><br><strong>3.&nbsp;<a href=\"#vertragssprache,_vertragstextspeicherung\">Vertragssprache, Vertragstextspeicherung<\/a><\/strong><br><strong>4.&nbsp;<a href=\"#vertragsgegenstand\">Vertragsgegenstand<\/a><\/strong><br><strong>5.&nbsp;<a href=\"#lieferbedingungen\">Lieferbedingungen<\/a><\/strong><br><strong>6.&nbsp;<a href=\"#bezahlung\">Bezahlung<\/a><\/strong><br><strong>7.&nbsp;<a href=\"#widerrufsrecht\">Widerrufsrecht<\/a><\/strong><br><strong>8.&nbsp;<a href=\"#eigentumsvorbehalt\">Eigentumsvorbehalt<\/a><\/strong><br><strong>9.&nbsp;<a href=\"#transportsch\u00e4den\">Transportsch\u00e4den<\/a><\/strong><br><strong>10.&nbsp;<a href=\"#gew\u00e4hrleistung_und_garantien\">Gew\u00e4hrleistung und Garantien<\/a><\/strong><br><strong>11.&nbsp;<a href=\"#haftung\">Haftung<\/a><\/strong><br><strong>12.&nbsp;<a href=\"#streitbeilegung\">Streitbeilegung<\/a><\/strong><br><strong>13.&nbsp;<a href=\"#schlussbestimmungen\">Schlussbestimmungen<\/a><\/strong><\/p>\n\n\n\n<h2 class=\"wp-block-heading\" id=\"geltungsbereich\">1.&nbsp;Geltungsbereich<\/h2>\n\n\n\n<p>F\u00fcr alle Bestellungen \u00fcber unseren Online-Shop durch Verbraucher und Unternehmer gelten die nachfolgenden AGB.<\/p>\n\n\n\n<p>F\u00fcr Deutschland gilt: Verbraucher sind gem. \u00a7 13 BGB jede nat\u00fcrliche Person, die ein Rechtsgesch\u00e4ft zu Zwecken abschlie\u00dft, die \u00fcberwiegend weder ihrer gewerblichen noch ihrer selbst\u00e4ndigen beruflichen T\u00e4tigkeit zugerechnet werden k\u00f6nnen.<\/p>\n\n\n\n<p>F\u00fcr \u00d6sterreich gilt: In den nachfolgenden Bedingungen ist unter &#8222;Verbraucher&#8220; der &#8222;Konsument&#8220; im Sinne des Konsumententenschutzgesetzes (KSchG) zu verstehen.<\/p>\n\n\n\n<p>F\u00fcr die Schweiz gilt: In den nachfolgenden Bedingungen ist unter &#8222;Verbraucher&#8220; der &#8222;Konsument&#8220; nach schweizerischem Recht zu verstehen.<\/p>\n\n\n\n<p>Unternehmer ist eine nat\u00fcrliche oder juristische Person oder eine rechtsf\u00e4hige Personengesellschaft, die bei Abschluss eines Rechtsgesch\u00e4fts in Aus\u00fcbung ihrer gewerblichen oder selbst\u00e4ndigen beruflichen T\u00e4tigkeit handelt.<\/p>\n\n\n\n<p>Gegen\u00fcber Unternehmern gilt: Verwendet der Unternehmer entgegenstehende oder erg\u00e4nzende Allgemeine Gesch\u00e4ftsbedingungen, wird deren Geltung hiermit widersprochen; sie werden nur dann Vertragsbestandteil, wenn wir dem ausdr\u00fccklich zugestimmt haben.<\/p>\n\n\n\n<h2 class=\"wp-block-heading\" id=\"vertragspartner,_vertragsschluss,_korrekturm\u00f6glichkeiten\">2.&nbsp;Vertragspartner, Vertragsschluss, Korrekturm\u00f6glichkeiten<\/h2>\n\n\n\n<p>Der Kaufvertrag kommt zustande mit Neue Lebensqualit\u00e4t Lager DE &#8211; Torben Beuthien.<\/p>\n\n\n\n<p>Die Darstellung der Produkte im Online-Shop stellt kein rechtlich bindendes Angebot, sondern einen unverbindlichen Online-Katalog dar. Sie k\u00f6nnen unsere Produkte zun\u00e4chst unverbindlich in den Warenkorb legen und Ihre Eingaben vor Absenden Ihrer verbindlichen Bestellung jederzeit korrigieren, indem Sie die hierf\u00fcr im Bestellablauf vorgesehenen und erl\u00e4uterten Korrekturhilfen nutzen. Durch Anklicken des Bestellbuttons geben Sie ein verbindliches Angebot \u00fcber die im Warenkorb enthaltenen Produkte ab. Die Best\u00e4tigung des Zugangs Ihrer Bestellung erfolgt per E-Mail unmittelbar nach dem Absenden der Bestellung.<\/p>\n\n\n\n<p>Wir nehmen Ihr Angebot innerhalb von zwei Tagen an, indem<\/p>\n\n\n\n<ul class=\"wp-block-list\">\n<li>wir eine Annahmeerkl\u00e4rung in separater E-Mail abgeben oder<\/li>\n\n\n\n<li>gegebenenfalls die Zahlungstransaktion durch unseren Dienstleister oder den ausgew\u00e4hlten Zahlungsdienstleister durchgef\u00fchrt wird. Der Durchf\u00fchrungszeitpunkt der Zahlungstransaktion richtet sich nach der jeweils ausgew\u00e4hlten Zahlungsart (s. unter \u201eBezahlung\u201c).<\/li>\n<\/ul>\n\n\n\n<p>Die f\u00fcr Sie relevante Alternative richtet sich danach, welches der aufgez\u00e4hlten Ereignisse als erstes eintritt.<\/p>\n\n\n\n<h2 class=\"wp-block-heading\" id=\"vertragssprache,_vertragstextspeicherung\">3.&nbsp;Vertragssprache, Vertragstextspeicherung<\/h2>\n\n\n\n<p>Die f\u00fcr den Vertragsschluss zur Verf\u00fcgung stehende(n) Sprache(n): Deutsch, Englisch, Spanisch<\/p>\n\n\n\n<p>Wir speichern den Vertragstext und senden Ihnen die Bestelldaten und unsere AGB in Textform zu. Den Vertragstext k\u00f6nnen Sie in unserem Kunden-Login einsehen.<\/p>\n\n\n\n<h2 class=\"wp-block-heading\" id=\"vertragsgegenstand\">4.&nbsp;Vertragsgegenstand<\/h2>\n\n\n\n<h3 class=\"wp-block-heading\" id=\"produktbeschreibung\">4.1&nbsp;Produktbeschreibung<\/h3>\n\n\n\n<p>Auf die Geltung der jeweiligen Produktbeschreibung als wesentlicher Bestandteil des Vertrages wird hingewiesen.<\/p>\n\n\n\n<h3 class=\"wp-block-heading\" id=\"produktbilder\">4.2&nbsp;Produktbilder<\/h3>\n\n\n\n<p>Unbeschadet Ihrer gesetzlichen Gew\u00e4hrleistungsrechte m\u00f6chten wir Sie auf die nachfolgenden Besonderheiten hinweisen. Bei Unsicherheiten setzen Sie sich bitte mit uns in Verbindung:<\/p>\n\n\n\n<p>Aufgrund individueller Bildschirmkonfigurationen (z.B. Aufl\u00f6sung und Helligkeit) sind geringf\u00fcgige Abweichungen zwischen den dargestellten und den tats\u00e4chlichen&nbsp;<strong>Produktfarben<\/strong>&nbsp;m\u00f6glich.<\/p>\n\n\n\n<h2 class=\"wp-block-heading\" id=\"lieferbedingungen\">5.&nbsp;Lieferbedingungen<\/h2>\n\n\n\n<h3 class=\"wp-block-heading\" id=\"lieferoptionen\">&nbsp;Lieferoptionen<\/h3>\n\n\n\n<p>Wir versenden die Produkte an die im Bestellprozess angegebene Lieferadresse.<\/p>\n\n\n\n<p>Sie haben grunds\u00e4tzlich die M\u00f6glichkeit der Abholung bei Neue Lebensqualit\u00e4t Lager DE, Hauptstr. 1, Badendorf, Deutschland zu den nachfolgend angegebenen Gesch\u00e4ftszeiten: nach Vereinbarung<\/p>\n\n\n\n<h2 class=\"wp-block-heading\" id=\"bezahlung\">6.&nbsp;Bezahlung<\/h2>\n\n\n\n<h3 class=\"wp-block-heading\" id=\"preise\">6.1&nbsp; Preise<\/h3>\n\n\n\n<p>Es gelten die zum Zeitpunkt der Bestellung angegebenen Preise. Diese sind Gesamtpreise und enthalten die gesetzliche Mehrwertsteuer.<\/p>\n\n\n\n<h3 class=\"wp-block-heading\" id=\"f\u00e4lligkeit_und_zahlungsverzug\">6.2&nbsp;F\u00e4lligkeit und Zahlungsverzug<\/h3>\n\n\n\n<p>Der Preis ist mit Vertragsschluss f\u00e4llig, wenn sich kein sp\u00e4terer Zeitpunkt aus den nachfolgenden Zahlungsbedingungen ergibt.<\/p>\n\n\n\n<p><strong>F\u00fcr Kunden mit Sitz in Deutschland und \u00d6sterreich gilt:<\/strong><\/p>\n\n\n\n<ul class=\"wp-block-list\">\n<li><strong>Gegen\u00fcber Verbrauchern:\u00a0<\/strong>F\u00fcr den Fall eines Zahlungsverzugs behalten wir uns vor, Ihnen bei der zweiten und jeder folgenden Mahnung eine Geb\u00fchr in H\u00f6he von 1,50 Euro pro Mahnung in Rechnung zu stellen. Ihnen bleibt der Nachweis der Entstehung eines geringeren Schadens vorbehalten. Weitere Anspr\u00fcche bleiben hiervon unber\u00fchrt.<\/li>\n\n\n\n<li><strong>Gegen\u00fcber Unternehmern:<\/strong>\u00a0F\u00fcr den Fall eines Zahlungsverzugs behalten wir uns vor, Ihnen die gesetzlichen Verzugszinsen in H\u00f6he von neun Prozentpunkten \u00fcber dem Basiszinssatz sowie eine Pauschale in H\u00f6he von 40 Euro in Rechnung zu stellen. Weitere Anspr\u00fcche bleiben hiervon unber\u00fchrt.<\/li>\n<\/ul>\n\n\n\n<p><strong>F\u00fcr Kunden mit Sitz in der Schweiz gilt:<\/strong><\/p>\n\n\n\n<ul class=\"wp-block-list\">\n<li><strong>Gegen\u00fcber Verbrauchern:<\/strong>\u00a0F\u00fcr den Fall eines Zahlungsverzugs behalten wir uns vor, Ihnen bei der zweiten und jeder folgenden Mahnung eine Geb\u00fchr in H\u00f6he von 1,50 CHF pro Mahnung in Rechnung zu stellen. Ihnen bleibt der Nachweis der Entstehung eines geringeren Schadens vorbehalten. Weitere Anspr\u00fcche bleiben hiervon unber\u00fchrt.<\/li>\n\n\n\n<li><strong>Gegen\u00fcber Unternehmern:<\/strong>\u00a0F\u00fcr den Fall eines Zahlungsverzugs behalten wir uns vor, Ihnen Verzugszinsen in H\u00f6he von neun Prozentpunkten \u00fcber dem Basiszinssatz der EZB sowie eine Pauschale in H\u00f6he von 40 CHF in Rechnung zu stellen. Weitere Anspr\u00fcche bleiben hiervon unber\u00fchrt.<\/li>\n<\/ul>\n\n\n\n<h3 class=\"wp-block-heading\" id=\"zahlungsarten\">6.3&nbsp;Zahlungsarten<\/h3>\n\n\n\n<p>In unserem Shop stehen Ihnen grunds\u00e4tzlich die nachfolgenden Zahlungsarten zur Verf\u00fcgung.<\/p>\n\n\n\n<p><strong>Vorkasse<\/strong><br>Bei Auswahl der Zahlungsart Vorkasse nennen wir Ihnen unsere Bankverbindung in separater E-Mail und liefern die Ware nach Zahlungseingang.<\/p>\n\n\n\n<p><strong>PayPal<\/strong><br>Um den Rechnungsbetrag \u00fcber den Zahlungsdienstleister PayPal (Europe) S.\u00e0 r.l. et Cie, S.C.A, 22-24 Boulevard Royal, L-2449 Luxembourg (\u201ePayPal\u201c) bezahlen zu k\u00f6nnen, m\u00fcssen Sie bei PayPal registriert sein, sich mit Ihren Zugangsdaten legitimieren und die Zahlungsanweisung best\u00e4tigen. Die Zahlungstransaktion wird durch PayPal unmittelbar nach Abgabe der Bestellung durchgef\u00fchrt. Weitere Hinweise erhalten Sie im Bestellvorgang.<\/p>\n\n\n\n<p>PayPal kann registrierten und nach eigenen Kriterien ausgew\u00e4hlten PayPal-Kunden weitere Zahlungsmodalit\u00e4ten im Kundenkonto anbieten. Auf das Anbieten dieser Modalit\u00e4ten haben wir allerdings keinen Einfluss; weitere individuell angebotene Zahlungsmodalit\u00e4ten betreffen Ihr Rechtsverh\u00e4ltnis mit PayPal. Weitere Informationen hierzu finden Sie in Ihrem PayPal-Konto.<\/p>\n\n\n\n<p><strong>Rechnung<\/strong><br>Der Rechnungsbetrag ist 14 Tage nach Erhalt der Rechnung und der Ware per \u00dcberweisung auf das in der Rechnung angegebene Bankkonto f\u00e4llig. Wir behalten uns vor, den Kauf auf Rechnung nur nach einer erfolgreichen Bonit\u00e4tspr\u00fcfung anzubieten.<\/p>\n\n\n\n<p><strong>Barzahlung bei Abholung<\/strong><br>Sie zahlen den Rechnungsbetrag bei der Abholung bar.<\/p>\n\n\n\n<p><strong>Barzahlung per Brief<\/strong><br>Sende den Rechnungsbetrag per Bargeld in einem Brief an die Adresse: Neue Lebensqualit\u00e4t Lager DE Hauptstr. 1 23619 Badendorf in Deutschland. Sobald das Geld eingegangen ist, wird die Bestellung bearbeitet. Das Wechselgeld erh\u00e4ltst du im Paket, wenn du es nicht anders w\u00fcnscht.<\/p>\n\n\n\n<h2 class=\"wp-block-heading\" id=\"widerrufsrecht\">7.&nbsp;Widerrufsrecht<\/h2>\n\n\n\n<p>Verbrauchern steht das gesetzliche Widerrufsrecht, wie in der Widerrufsbelehrung beschrieben, zu. Unternehmern wird kein freiwilliges Widerrufsrecht einger\u00e4umt.<\/p>\n\n\n\n<h2 class=\"wp-block-heading\" id=\"eigentumsvorbehalt\">8.&nbsp;Eigentumsvorbehalt<\/h2>\n\n\n\n<p>Das Produkt bleibt bis zur vollst\u00e4ndigen Bezahlung unser Eigentum.<\/p>\n\n\n\n<p>Bei Kunden mit Sitz in der Schweiz sind wir berechtigt, einen entsprechenden Eintrag im Eigentumsvorbehaltsregister vorzunehmen.<\/p>\n\n\n\n<p>F\u00fcr Unternehmer gilt erg\u00e4nzend: Wir behalten uns das Eigentum an dem Produkt bis zur vollst\u00e4ndigen Begleichung aller Forderungen aus einer laufenden Gesch\u00e4ftsbeziehung vor. Sie d\u00fcrfen die Vorbehaltsware im ordentlichen Gesch\u00e4ftsbetrieb weiterver\u00e4u\u00dfern; s\u00e4mtliche aus diesem Weiterverkauf entstehenden Forderungen treten Sie \u2013 unabh\u00e4ngig von einer Verbindung oder Vermischung der Vorbehaltsware mit einer neuen Sache &#8211; in H\u00f6he des Rechnungsbetrages an uns im Voraus ab, und wir nehmen diese Abtretung an. Sie bleiben zur Einziehung der Forderungen erm\u00e4chtigt, wir d\u00fcrfen Forderungen jedoch auch selbst einziehen, soweit Sie Ihren Zahlungsverpflichtungen nicht nachkommen. Die uns zustehenden Sicherheiten werden wir auf Ihr Verlangen insoweit freigeben, als der realisierbare Wert der Sicherheiten den Wert der offenen Forderungen um mehr als 10 % \u00fcbersteigt.<\/p>\n\n\n\n<h2 class=\"wp-block-heading\" id=\"transportsch\u00e4den\">9.&nbsp;Transportsch\u00e4den<\/h2>\n\n\n\n<p>F\u00fcr Verbraucher gilt: Werden Waren mit offensichtlichen Transportsch\u00e4den angeliefert, so reklamieren Sie solche Fehler bitte m\u00f6glichst sofort beim Zusteller und nehmen Sie bitte unverz\u00fcglich Kontakt zu uns auf. Die Vers\u00e4umung einer Reklamation oder Kontaktaufnahme hat f\u00fcr Ihre gesetzlichen Anspr\u00fcche und deren Durchsetzung, insbesondere Ihre Gew\u00e4hrleistungsrechte, keinerlei Konsequenzen. Sie helfen uns aber, unsere eigenen Anspr\u00fcche gegen\u00fcber dem Frachtf\u00fchrer bzw. der Transportversicherung geltend machen zu k\u00f6nnen.<\/p>\n\n\n\n<p>F\u00fcr Unternehmer gilt: Die Gefahr des zuf\u00e4lligen Untergangs und der zuf\u00e4lligen Verschlechterung geht auf Sie \u00fcber, sobald wir die Sache dem Spediteur, dem Frachtf\u00fchrer oder der sonst zur Ausf\u00fchrung der Versendung bestimmten Person oder Anstalt ausgeliefert haben.<\/p>\n\n\n\n<h2 class=\"wp-block-heading\" id=\"gew\u00e4hrleistung_und_garantien\">10.&nbsp;Gew\u00e4hrleistung und Garantien<\/h2>\n\n\n\n<h3 class=\"wp-block-heading\" id=\"m\u00e4ngelhaftungsrecht\">10.1&nbsp;M\u00e4ngelhaftungsrecht<\/h3>\n\n\n\n<p><strong>Gegen\u00fcber Verbrauchern mit Sitz in Deutschland und \u00d6sterreich gilt:<\/strong><br>Es gilt das gesetzliche M\u00e4ngelhaftungsrecht.<\/p>\n\n\n\n<p><strong>F\u00fcr Verbraucher mit Sitz in der Schweiz gilt<\/strong>:<br>Sie sollen, sobald es nach dem \u00fcblichen Gesch\u00e4ftsgange tunlich ist, die Beschaffenheit der empfangenen Sache pr\u00fcfen und, falls sich M\u00e4ngel ergeben, f\u00fcr die der Verk\u00e4ufer Gew\u00e4hr zu leisten hat, diesem sofort Anzeige machen. Vers\u00e4umt dieses der Verbraucher, so gilt die gekaufte Sache als genehmigt, soweit es sich nicht um M\u00e4ngel handelt, die bei der \u00fcbungsgem\u00e4ssen Untersuchung nicht erkennbar waren. Ergeben sich sp\u00e4ter solche M\u00e4ngel, so muss die Anzeige sofort nach der Entdeckung erfolgen, widrigenfalls die Sache auch r\u00fccksichtlich dieser M\u00e4ngel als genehmigt gilt.<br>Abweichend vom Vorstehenden gilt: Soweit M\u00e4ngel einer Sache, die bestimmungsgem\u00e4ss in ein unbewegliches Werk integriert worden ist, die Mangelhaftigkeit des Werks verursacht haben, sind diese innert 60 Tagen anzuzeigen. M\u00e4ngel, die bei der \u00fcbungsgem\u00e4ssen Untersuchung nicht erkennbar waren, sind innert 60 Tagen nach ihrer Entdeckung anzuzeigen.<\/p>\n\n\n\n<p>Senden Sie das mangelhafte Produkt mit einer Mangelbeschreibung an uns zur\u00fcck. Sie tragen die anfallenden Transportkosten. Wir leisten Gew\u00e4hr durch die Behebung von M\u00e4ngeln. Dies geschieht nach unserer Wahl entweder durch Beseitigung des Mangels (Nachbesserung) oder Lieferung einer mangelfreien Sache (Ersatzlieferung). Schl\u00e4gt die Nacherf\u00fcllung fehl, sind Sie zum R\u00fccktritt vom Vertrag berechtigt. Dies gilt nicht im Falle unerheblicher M\u00e4ngel. Ein Recht auf Preisminderung ist ausgeschlossen.<\/p>\n\n\n\n<p><strong>Gegen\u00fcber Unternehmern und unter Kaufleuten gilt:<\/strong><br>Soweit nicht nachstehend ausdr\u00fccklich anders vereinbart, gilt das gesetzliche M\u00e4ngelhaftungsrecht.<br>Die nachstehenden Einschr\u00e4nkungen und Fristverk\u00fcrzungen gelten nicht f\u00fcr Anspr\u00fcche aufgrund von Sch\u00e4den, die durch uns, unsere gesetzlichen Vertreter oder Erf\u00fcllungsgehilfen verursacht wurden<\/p>\n\n\n\n<p>\u2022 bei Verletzung des Lebens, des K\u00f6rpers oder der Gesundheit<br>\u2022 bei vors\u00e4tzlicher oder grob fahrl\u00e4ssiger Pflichtverletzung sowie Arglist<br>\u2022 bei Verletzung wesentlicher Vertragspflichten, deren Erf\u00fcllung die ordnungsgem\u00e4\u00dfe Durchf\u00fchrung des Vertrages \u00fcberhaupt erst erm\u00f6glicht und auf deren Einhaltung der Vertragspartner regelm\u00e4\u00dfig vertrauen darf (Kardinalpflichten)<br>\u2022 im Rahmen eines Garantieversprechens, soweit vereinbart, oder<br>\u2022 soweit der Anwendungsbereich des Produkthaftungsgesetzes er\u00f6ffnet ist.<\/p>\n\n\n\n<p><strong>Beschr\u00e4nkungen gegen\u00fcber Unternehmern<\/strong><\/p>\n\n\n\n<p>Gegen\u00fcber Unternehmern gelten als Vereinbarung \u00fcber die Beschaffenheit der Ware nur unsere eigenen Angaben und die Produktbeschreibungen des Herstellers, die in den Vertrag einbezogen wurden; f\u00fcr \u00f6ffentliche \u00c4u\u00dferungen des Herstellers oder sonstige Werbeaussagen \u00fcbernehmen wir keine Haftung. F\u00fcr Unternehmer betr\u00e4gt die Verj\u00e4hrungsfrist f\u00fcr M\u00e4ngelanspr\u00fcche bei neu hergestellten Sachen ein Jahr ab Gefahr\u00fcbergang. Der vorige Satz gilt nicht bei einer Sache, die entsprechend ihrer \u00fcblichen Verwendungsweise f\u00fcr ein Bauwerk verwendet worden ist und dessen Mangelhaftigkeit verursacht hat. Der Verkauf gebrauchter Waren erfolgt unter Ausschluss jeglicher Gew\u00e4hrleistung. Die gesetzlichen Verj\u00e4hrungsfristen f\u00fcr den R\u00fcckgriffsanspruch nach \u00a7 445a BGB bleiben unber\u00fchrt.<\/p>\n\n\n\n<p><strong>Hinweis gegen\u00fcber Kaufleuten<\/strong><\/p>\n\n\n\n<p>Unter Kaufleuten gilt die in \u00a7 377 HGB geregelte Untersuchungs- und R\u00fcgepflicht. Unterlassen Sie die dort geregelte Anzeige, so gilt die Ware als genehmigt, es sei denn, dass es sich um einen Mangel handelt, der bei der Untersuchung nicht erkennbar war. Dies gilt nicht, falls wir einen Mangel arglistig verschwiegen haben.<\/p>\n\n\n\n<h3 class=\"wp-block-heading\" id=\"garantien_und_kundendienst\">10.2&nbsp;Garantien und Kundendienst<\/h3>\n\n\n\n<p>Informationen zu gegebenenfalls geltenden zus\u00e4tzlichen Garantien und deren genaue Bedingungen finden Sie jeweils beim Produkt und auf besonderen Informationsseiten im Online-Shop.<\/p>\n\n\n\n<h2 class=\"wp-block-heading\" id=\"haftung\">11.&nbsp;Haftung<\/h2>\n\n\n\n<p>F\u00fcr Anspr\u00fcche aufgrund von Sch\u00e4den, die durch uns, unsere gesetzlichen Vertreter oder Erf\u00fcllungsgehilfen verursacht wurden, haften wir stets unbeschr\u00e4nkt<\/p>\n\n\n\n<ul class=\"wp-block-list\">\n<li>bei Verletzung des Lebens, des K\u00f6rpers oder der Gesundheit,<\/li>\n\n\n\n<li>bei vors\u00e4tzlicher oder grob fahrl\u00e4ssiger Pflichtverletzung,<\/li>\n\n\n\n<li>bei Garantieversprechen, soweit vereinbart, oder<\/li>\n\n\n\n<li>soweit der Anwendungsbereich des Produkthaftungsgesetzes er\u00f6ffnet ist.<\/li>\n<\/ul>\n\n\n\n<p>Bei Verletzung wesentlicher Vertragspflichten, deren Erf\u00fcllung die ordnungsgem\u00e4\u00dfe Durchf\u00fchrung des Vertrages \u00fcberhaupt erst erm\u00f6glicht und auf deren Einhaltung der Vertragspartner regelm\u00e4\u00dfig vertrauen darf, (Kardinalpflichten) durch leichte Fahrl\u00e4ssigkeit von uns, unseren gesetzlichen Vertretern oder Erf\u00fcllungsgehilfen ist die Haftung der H\u00f6he nach auf den bei Vertragsschluss vorhersehbaren Schaden begrenzt, mit dessen Entstehung typischerweise gerechnet werden muss.<br>Im \u00dcbrigen sind Anspr\u00fcche auf Schadensersatz ausgeschlossen.<\/p>\n\n\n\n<h2 class=\"wp-block-heading\" id=\"streitbeilegung\">12.&nbsp;Streitbeilegung<\/h2>\n\n\n\n<p>Zur Teilnahme an einem Streitbeilegungsverfahren vor einer Verbraucherschlichtungsstelle sind wir nicht verpflichtet und nicht bereit.<\/p>\n\n\n\n<h2 class=\"wp-block-heading\" id=\"schlussbestimmungen\">13.&nbsp;Schlussbestimmungen<\/h2>\n\n\n\n<p>Sind Sie Unternehmer, dann gilt deutsches Recht unter Ausschluss des UN-Kaufrechts.<\/p>\n\n\n\n<p>Sollten einzelne Klauseln dieser AGB ganz oder teilweise unwirksam sein, so bleibt der Vertrag im \u00dcbrigen wirksam. Soweit einzelne Klauseln unwirksam sind, richtet sich der Inhalt des Vertrags nach den gesetzlichen Vorschriften.<\/p>\n\n\n\n<p><\/p>\n\n\n\n<p>15226<\/p>\n\n\n\n<p><\/p>\n","protected":false},"excerpt":{"rendered":"<p>Allgemeine Gesch\u00e4ftsbedingungen 1.&nbsp;Geltungsbereich2.&nbsp;Vertragspartner, Vertragsschluss, Korrekturm\u00f6glichkeiten3.&nbsp;Vertragssprache, Vertragstextspeicherung4.&nbsp;Vertragsgegenstand5.&nbsp;Lieferbedingungen6.&nbsp;Bezahlung7.&nbsp;Widerrufsrecht8.&nbsp;Eigentumsvorbehalt9.&nbsp;Transportsch\u00e4den10.&nbsp;Gew\u00e4hrleistung und Garantien11.&nbsp;Haftung12.&nbsp;Streitbeilegung13.&nbsp;Schlussbestimmungen 1.&nbsp;Geltungsbereich F\u00fcr alle Bestellungen \u00fcber unseren Online-Shop durch Verbraucher und Unternehmer gelten die nachfolgenden AGB. F\u00fcr Deutschland gilt: Verbraucher sind gem. \u00a7 13 BGB jede nat\u00fcrliche Person, die ein Rechtsgesch\u00e4ft zu Zwecken abschlie\u00dft, die \u00fcberwiegend weder ihrer gewerblichen noch ihrer selbst\u00e4ndigen beruflichen T\u00e4tigkeit zugerechnet werden k\u00f6nnen. F\u00fcr [&#8230;]\n","protected":false},"author":1,"featured_media":0,"parent":0,"menu_order":0,"comment_status":"closed","ping_status":"closed","template":"","meta":{"footnotes":""},"class_list":["post-75789","page","type-page","status-publish","hentry"],"_links":{"self":[{"href":"https:\/\/shop.nlq24.eu\/de\/wp-json\/wp\/v2\/pages\/75789","targetHints":{"allow":["GET"]}}],"collection":[{"href":"https:\/\/shop.nlq24.eu\/de\/wp-json\/wp\/v2\/pages"}],"about":[{"href":"https:\/\/shop.nlq24.eu\/de\/wp-json\/wp\/v2\/types\/page"}],"author":[{"embeddable":true,"href":"https:\/\/shop.nlq24.eu\/de\/wp-json\/wp\/v2\/users\/1"}],"replies":[{"embeddable":true,"href":"https:\/\/shop.nlq24.eu\/de\/wp-json\/wp\/v2\/comments?post=75789"}],"version-history":[{"count":0,"href":"https:\/\/shop.nlq24.eu\/de\/wp-json\/wp\/v2\/pages\/75789\/revisions"}],"wp:attachment":[{"href":"https:\/\/shop.nlq24.eu\/de\/wp-json\/wp\/v2\/media?parent=75789"}],"curies":[{"name":"wp","href":"https:\/\/api.w.org\/{rel}","templated":true}]}}