{"id":78115,"date":"2021-10-02T12:40:31","date_gmt":"2021-10-02T12:40:31","guid":{"rendered":"https:\/\/shop.nlq24.eu\/?page_id=78115"},"modified":"2021-10-03T10:46:18","modified_gmt":"2021-10-03T10:46:18","slug":"anleitung-dualer-erdfrequenzgenerator","status":"publish","type":"page","link":"https:\/\/shop.nlq24.eu\/de\/anleitung-dualer-erdfrequenzgenerator\/","title":{"rendered":"Anleitung dualer Erdfrequenzgenerator"},"content":{"rendered":"\nAnleitung f\u00fcr den dualen Erdfrequenzgenerator\n\n\n\n<p>Bedienungsanleitung f\u00fcr Ihren<strong> Dualen Erdfrequenz Generator<\/strong><\/p>\n\n\n\n<p>1) Setzen Sie die 1,5 Volt AAA-Batterien ein. Um Startprobleme mit dem Prozessor auszuschlie\u00dfen, M\u00dcSSEN SIE BEIM EINSETZEN DER BATTERIEN DEN KNOPF EINGEDR\u00dcCKT HALTEN.<\/p>\n\n\n\n<p>2) Beim Loslassen des Knopfes leuchten die gelbe und gr\u00fcne LED circa eine Sekunde lang auf.<\/p>\n\n\n\n<p>3) Wenn die gr\u00fcne LED im 0,5 Sekunden-Intervall zu blinken beginnt, befindet sich der EFG im \u201e7,83&nbsp;Hz Aktivmodus\u201c. Das Ger\u00e4t wird in diesem Modus bleiben (geht nicht aus).<\/p>\n\n\n\n<p>4) Dr\u00fccken Sie noch einmal auf den Knopf (mindestens 0,3 Sek., Sie d\u00fcrfen den Knopf aber auch festgedr\u00fcckt halten), dann beginnen beide LED zu blinken. Der EFG befindet sich jetzt im \u201e3,91&nbsp;Hz-Ruhemodus\u201c, dieser geht nach einer halben Stunde \u00fcber in den \u201e7,83&nbsp;Hz Aktivmodus\u201c.<\/p>\n\n\n\n<p>5) Dr\u00fccken Sie noch einmal auf den Knopf; jetzt blinkt nur noch das gelbe L\u00e4mpchen und ist der \u201e3,92&nbsp;Hz Ruhemodus\u201c aktiviert. Nach 30 Minuten schaltet sich das Ger\u00e4t aus.<\/p>\n\n\n\n<p>6) Wenn Sie den Knopf noch einmal eindr\u00fccken, beginnen beide LED zu blinken, und schaltet sich das Ger\u00e4t nach einer Sekunde aus.<\/p>\n\n\n\n<p>7) Wenn Sie den Knopf erneut eindr\u00fccken, wird der EFG wieder eingeschaltet und befindet sich sofort im \u201e7,83&nbsp;Hz Aktivmodus\u201c. Es blinkt dann nur die gr\u00fcne LED. Der EFG befindet sich wieder im Modus 3.<\/p>\n\n\n\n<p>Nach dem Eindr\u00fccken der Taste blinken die LEDs mit einem Intervall von 0,5 Sekunden. Um Strom zu sparen, geht dieses langsam in ein Zeitintervall von 3 Sekunden \u00fcber.<\/p>\n\n\n\n<p>Der Strom durch die M\u00f6biusspule ist pulsartig und besitzt einen Spitzenwert von 2,5 mA. Die Frequenzen betragen 7,83 und 3,92 Hz.<\/p>\n\n\n\n<p>LED = Leuchtdiode\/L\u00e4mpchen.<\/p>\n\n\n\n<p><em>Technische Empfehlung: Feuchtigkeit, Hitze und extreme K\u00e4lte vermeiden.<\/em><\/p>\n\n\n\n<p><strong>Batterien ersetzen:<\/strong><\/p>\n\n\n\n<p>L\u00f6sen Sie die Schraube an der R\u00fcckseite des Dual EFG und ersetzen oder setzen sie die Batterien ein.<\/p>\n\n\n\n<p>\u00dcberpr\u00fcfen Sie, ob die 1,5 Volt AAA-Batterien richtig (Plus- und Minuspole) eingesetzt sind.<\/p>\n\n\n\n<p>Setzen Sie beide Geh\u00e4useteile wieder genau aufeinander und drehen Sie die Schraube wieder fest. Pr\u00fcfen Sie, ob beide Teile gut ineinandergreifen.<\/p>\n\n\n\n<p><em>Viel Freude mit Ihrem Dualen Erdfrequenz Generator (EFG).<\/em><\/p>\n\n\n\n<p>torben<\/p>\n\n\n\n<p><\/p>\n\n\n\n<p><\/p>\n\n\n\n<p>Neue Lebensqualit\u00e4t * Hauptstr. 1 * 23619 Badendorf<\/p>\n\n\n\n<p><a href=\"http:\/\/www.shop.nlq24.eu\">www.shop.nlq24.eu<\/a><a> <\/a><\/p>\n\n\n\n<p>Mail: <a href=\"mailto:service@nlq24.de\">service@nlq24.de<\/a><\/p>\n","protected":false},"excerpt":{"rendered":"<p>Anleitung f\u00fcr den dualer Erdfrequenzgenerator<\/p>\n","protected":false},"author":1,"featured_media":0,"parent":0,"menu_order":0,"comment_status":"closed","ping_status":"closed","template":"","meta":{"footnotes":""},"class_list":["post-78115","page","type-page","status-publish","hentry"],"_links":{"self":[{"href":"https:\/\/shop.nlq24.eu\/de\/wp-json\/wp\/v2\/pages\/78115","targetHints":{"allow":["GET"]}}],"collection":[{"href":"https:\/\/shop.nlq24.eu\/de\/wp-json\/wp\/v2\/pages"}],"about":[{"href":"https:\/\/shop.nlq24.eu\/de\/wp-json\/wp\/v2\/types\/page"}],"author":[{"embeddable":true,"href":"https:\/\/shop.nlq24.eu\/de\/wp-json\/wp\/v2\/users\/1"}],"replies":[{"embeddable":true,"href":"https:\/\/shop.nlq24.eu\/de\/wp-json\/wp\/v2\/comments?post=78115"}],"version-history":[{"count":0,"href":"https:\/\/shop.nlq24.eu\/de\/wp-json\/wp\/v2\/pages\/78115\/revisions"}],"wp:attachment":[{"href":"https:\/\/shop.nlq24.eu\/de\/wp-json\/wp\/v2\/media?parent=78115"}],"curies":[{"name":"wp","href":"https:\/\/api.w.org\/{rel}","templated":true}]}}