{"id":80283,"date":"2022-06-01T18:41:21","date_gmt":"2022-06-01T18:41:21","guid":{"rendered":"https:\/\/shop.nlq24.eu\/echtheit-von-bewertungen\/"},"modified":"2022-06-03T13:20:46","modified_gmt":"2022-06-03T13:20:46","slug":"echtheit-von-bewertungen","status":"publish","type":"page","link":"https:\/\/shop.nlq24.eu\/de\/echtheit-von-bewertungen\/","title":{"rendered":"Echtheit von Bewertungen"},"content":{"rendered":"\n\n\n<p>Eine \u00dcberpr\u00fcfung der Bewertungen hat wie folgt stattgefunden:<br>Wir pr\u00fcfen Bewertungen zu unseren Produkten vor der Ver\u00f6ffentlichung. Jede Bewertung wird individuell darauf gepr\u00fcft, ob diese von einem Menschen vorgenommen wurde, der die Waren oder Dienstleistungen tats\u00e4chlich hier erworben hat. Eine Freischaltung findet erst nach fr\u00fchestens 24 h statt.<\/p>\n","protected":false},"excerpt":{"rendered":"<p>Eine \u00dcberpr\u00fcfung der Bewertungen hat wie folgt stattgefunden:Wir pr\u00fcfen Bewertungen zu unseren Produkten vor der Ver\u00f6ffentlichung. Jede Bewertung wird individuell darauf gepr\u00fcft, ob diese von einem Menschen vorgenommen wurde, der die Waren oder Dienstleistungen tats\u00e4chlich hier erworben hat. Eine Freischaltung findet erst nach fr\u00fchestens 24 h statt.<\/p>\n","protected":false},"author":1,"featured_media":0,"parent":0,"menu_order":0,"comment_status":"closed","ping_status":"closed","template":"","meta":{"footnotes":""},"class_list":["post-80283","page","type-page","status-publish","hentry"],"_links":{"self":[{"href":"https:\/\/shop.nlq24.eu\/de\/wp-json\/wp\/v2\/pages\/80283","targetHints":{"allow":["GET"]}}],"collection":[{"href":"https:\/\/shop.nlq24.eu\/de\/wp-json\/wp\/v2\/pages"}],"about":[{"href":"https:\/\/shop.nlq24.eu\/de\/wp-json\/wp\/v2\/types\/page"}],"author":[{"embeddable":true,"href":"https:\/\/shop.nlq24.eu\/de\/wp-json\/wp\/v2\/users\/1"}],"replies":[{"embeddable":true,"href":"https:\/\/shop.nlq24.eu\/de\/wp-json\/wp\/v2\/comments?post=80283"}],"version-history":[{"count":0,"href":"https:\/\/shop.nlq24.eu\/de\/wp-json\/wp\/v2\/pages\/80283\/revisions"}],"wp:attachment":[{"href":"https:\/\/shop.nlq24.eu\/de\/wp-json\/wp\/v2\/media?parent=80283"}],"curies":[{"name":"wp","href":"https:\/\/api.w.org\/{rel}","templated":true}]}}