{"id":86159,"date":"2024-12-19T18:53:53","date_gmt":"2024-12-19T18:53:53","guid":{"rendered":"https:\/\/shop.nlq24.eu\/?page_id=86159"},"modified":"2024-12-19T19:34:24","modified_gmt":"2024-12-19T19:34:24","slug":"cds-cdl-cdh-produktuebersicht","status":"publish","type":"page","link":"https:\/\/shop.nlq24.eu\/de\/cds-cdl-cdh-produktuebersicht\/","title":{"rendered":"CDS\/CDL\/CDH Produkt\u00fcbersicht"},"content":{"rendered":"\n<p><strong>CDH3000 &#8211;&nbsp; CDL3000<\/strong> sind <strong>Chlordioxid L\u00f6sungen<\/strong><\/p>\n\n\n\n<p>Sie werden hier als reine Chemie verkauft.<\/p>\n\n\n\n<p>CDH3000 ist eine Mischung aus Natriumchlorit 25 % und einer S\u00e4ure in Wasser. Dabei entsteht die w\u00e4ssrige Chlordioxid L\u00f6sung. <strong>C<\/strong>hlor<strong>d<\/strong>ioxid <strong>L<\/strong>\u00f6sung wird mit den Buchstaben &#8222;CDL&#8220; im deutscher Sprache abgek\u00fcrzt. <strong>C<\/strong>hlorine<strong> D<\/strong>ioxide <strong>S<\/strong>olution &#8222;CDS&#8220; ist eine englische Abk\u00fcrzung.<\/p>\n\n\n\n<h3 class=\"wp-block-heading\"><strong>Welche Varianten gibt es?<\/strong><\/h3>\n\n\n\n<p>1. Die aktivierte Fertigl\u00f6sung<a href=\"https:\/\/shop.nlq24.eu\/de\/Produkt\/cds-cdl-chlordioxid-loesung-cdh3000\/\"><strong> CDH3000<\/strong> <\/a>ist bereits aktiviert mit <a href=\"https:\/\/shop.nlq24.eu\/produkt\/salzsaeure-4\/\">Salzs\u00e4ure.<\/a><\/p>\n\n\n\n<p>2. Die aktivierte Fertigl\u00f6sung <a href=\"https:\/\/shop.nlq24.eu\/produkt\/cdh3000-ms-chlordioxid-loesung-03-cdl\/\"><strong>CDH3000 MS<\/strong><\/a> wird mit der wertvollen <a href=\"https:\/\/shop.nlq24.eu\/produkt\/milchsaeure-21-rechtsdrehend\/\">rechtsdrehenden Milchs\u00e4ure<\/a> f\u00fcr dich aktiviert.<\/p>\n\n\n\n<p>3. <strong><a href=\"https:\/\/shop.nlq24.eu\/produkt\/cdh3000-premium-chlordioxid-loesung-03-in-mironglas\/\">CDH3000 Premium<\/a><\/strong> ist mit Salzs\u00e4ure aktiviert, wird dir aber <strong>in<\/strong> einer Licht- und Frequenz sch\u00fctzenden <a href=\"https:\/\/shop.nlq24.eu\/produkt\/miron-glasflasche\/\"><strong>Mironglasflasche<\/strong><\/a> geliefert = l\u00e4ngere Haltbarkeit.<\/p>\n\n\n\n<p>4. <strong><a href=\"https:\/\/shop.nlq24.eu\/produkt\/cdh1500-cdl\/\">CDH1500<\/a> <\/strong>hat eine reduzierte, aber ausreichende Power, macht auf den meisten Textilien keine Verf\u00e4rbungen.<\/p>\n\n\n\n<p>5. <strong><a href=\"https:\/\/shop.nlq24.eu\/de\/produkt\/cdl3000-top-premium-250-ml-mit-dosiersystem\/\">CDL3000<\/a><\/strong> ist eine <strong>sehr reine Chlordioxid L\u00f6sung<\/strong> bei der das Gas in das Wasser eingeleitet wird.<\/p>\n\n\n\n<hr class=\"wp-block-separator has-alpha-channel-opacity\"\/>\n\n\n\n<h3 class=\"wp-block-heading\">L\u00c4NGER HALTBARE unaktivierte CDH Varianten:<\/h3>\n\n\n\n<p>Das CDH3000 LONG besteht aus 2 Komponenten und ist beim Kauf <strong>unaktiviert<\/strong>. und somit l\u00e4nger lagerbar. Durch das Hinzuf\u00fcgen der separt abgepackten S\u00e4ure entsteht dann deine Chlordioxid L\u00f6sung.<\/p>\n\n\n\n<p>5. <strong><a href=\"https:\/\/shop.nlq24.eu\/produkt\/cdl3000-long-chlordioxid-loesung-unaktiviert-mit-aktivator\/\">CDH3000 LONG<\/a><\/strong> (<strong>unaktiviert<\/strong>) mit dem Aktivator <strong><a href=\"https:\/\/shop.nlq24.eu\/produkt\/salzsaeure-4\/\">Salzs\u00e4ure<\/a><\/strong>.<\/p>\n\n\n\n<p>6. <a href=\"https:\/\/shop.nlq24.eu\/produkt\/cdh3000-long-ms-milchsaeure\/\"><strong>CDH3000-LONG MS<\/strong><\/a> (<strong>unaktiviert<\/strong>) Aktivator ist hier die wertvolle <a href=\"https:\/\/shop.nlq24.eu\/produkt\/milchsaeure-21-rechtsdrehend\/\">rechtsdrehende Milchs\u00e4ure<\/a>. Diese hat sehr interessante Eigenschaften.<\/p>\n\n\n\n<hr class=\"wp-block-separator has-alpha-channel-opacity\"\/>\n\n\n\n<h3 class=\"wp-block-heading\">Besonderheiten von CDH3000, der Chlordioxid L\u00f6sung<\/h3>\n\n\n\n<p>Die Chlordioxid L\u00f6sung wird <strong>frisch, liebevoll und sorgf\u00e4ltig f\u00fcr dich nach der st\u00f6chimometrischen Formel zubereitet. <\/strong>Die Aktivierung bei CDH erfolgt verlustfrei in der geschlossenen Glasflasche in Osmosewasser.&nbsp; Dabei wird die Aktivierung wird <strong>s\u00e4ure reduziert<\/strong> vorgenommen.<\/p>\n\n\n\n<p><strong>Mein TIPP<\/strong>: Nutze den<a href=\"https:\/\/shop.nlq24.eu\/produkt\/doser-cdh-doser-10-ml\/\">&nbsp;Doser<\/a> zum sauberen verlustfreien Dosieren<\/p>\n\n\n\n<p>Bei einem Kauf ohne Doser System passt der Deckel nicht zu einem <a href=\"https:\/\/shop.nlq24.eu\/de\/doser-system-verwenden\/\">Doser-System<\/a>.<\/p>\n\n\n","protected":false},"excerpt":{"rendered":"<p>CDH3000 &#8211;&nbsp; CDL3000 sind Chlordioxid L\u00f6sungen Sie werden hier als reine Chemie verkauft. CDH3000 ist eine Mischung aus Natriumchlorit 25 % und einer S\u00e4ure in Wasser. Dabei entsteht die w\u00e4ssrige Chlordioxid L\u00f6sung. Chlordioxid L\u00f6sung wird mit den Buchstaben &#8222;CDL&#8220; im deutscher Sprache abgek\u00fcrzt. Chlorine Dioxide Solution &#8222;CDS&#8220; ist eine englische Abk\u00fcrzung. Welche Varianten gibt es? [&#8230;]\n","protected":false},"author":1,"featured_media":0,"parent":0,"menu_order":0,"comment_status":"closed","ping_status":"closed","template":"","meta":{"footnotes":""},"class_list":["post-86159","page","type-page","status-publish","hentry"],"_links":{"self":[{"href":"https:\/\/shop.nlq24.eu\/de\/wp-json\/wp\/v2\/pages\/86159","targetHints":{"allow":["GET"]}}],"collection":[{"href":"https:\/\/shop.nlq24.eu\/de\/wp-json\/wp\/v2\/pages"}],"about":[{"href":"https:\/\/shop.nlq24.eu\/de\/wp-json\/wp\/v2\/types\/page"}],"author":[{"embeddable":true,"href":"https:\/\/shop.nlq24.eu\/de\/wp-json\/wp\/v2\/users\/1"}],"replies":[{"embeddable":true,"href":"https:\/\/shop.nlq24.eu\/de\/wp-json\/wp\/v2\/comments?post=86159"}],"version-history":[{"count":0,"href":"https:\/\/shop.nlq24.eu\/de\/wp-json\/wp\/v2\/pages\/86159\/revisions"}],"wp:attachment":[{"href":"https:\/\/shop.nlq24.eu\/de\/wp-json\/wp\/v2\/media?parent=86159"}],"curies":[{"name":"wp","href":"https:\/\/api.w.org\/{rel}","templated":true}]}}