{"id":86174,"date":"2024-12-20T10:24:03","date_gmt":"2024-12-20T10:24:03","guid":{"rendered":"https:\/\/shop.nlq24.eu\/?page_id=86174"},"modified":"2024-12-20T10:41:07","modified_gmt":"2024-12-20T10:41:07","slug":"natriumchlorit-saeure-sets","status":"publish","type":"page","link":"https:\/\/shop.nlq24.eu\/de\/natriumchlorit-saeure-sets\/","title":{"rendered":"Natriumchlorit + S\u00e4ure Sets"},"content":{"rendered":"\n\n\n<h2 class=\"wp-block-heading\">\u00dcbersicht zu den Natriumchlorit + S\u00e4ure Sets<\/h2>\n\n\n\n<p>Hier gebe ich eine genauere \u00dcbersicht zu den Natriumchlorit + S\u00e4ure Sets <\/p>\n\n\n\n<p class=\"has-vivid-cyan-blue-color has-text-color has-link-color has-medium-font-size wp-elements-e4c34aa19f338419b054f4a0a7cc0853\">Die <strong>Sets<\/strong> bestehen aus einer <a href=\"https:\/\/shop.nlq24.eu\/de\/Produkt\/natriumchlorit-25-loesung\/\"><strong>Natriumchlorit L\u00f6sung 25 %<\/strong><\/a> und <a href=\"https:\/\/shop.nlq24.eu\/de\/Produkt\/salzsaeure-4\/\"><strong>Salzs\u00e4ure 4 %<\/strong><\/a> oder <a href=\"https:\/\/shop.nlq24.eu\/de\/Produkt\/milchsaeure-21-rechtsdrehend\/\"><strong>rechtsdrehender Milchs\u00e4ure 21 %<\/strong><\/a> in sehr hoher Qualit\u00e4t.<\/p>\n\n\n\n<hr class=\"wp-block-separator has-alpha-channel-opacity\"\/>\n\n\n\n<h3 class=\"wp-block-heading\"><strong>Natriumchlorit 25 %in Top Qualit\u00e4t:<\/strong><\/h3>\n\n\n\n<p>Diese Natriumchlorit L\u00f6sung ist sehr rein und beinhaltet nur Natriumchlorit und demineralisiertes Wasser. Weitere, fremde Bestandteile: <strong>0,0 %<\/strong><br>Es handelt sich um ein EU-Qualit\u00e4tsprodukt ohne Zusatzstoffe und Fremdsalze. Es ist also <strong>keine <\/strong>&#8222;technische Qualit\u00e4t&#8220; sondern Qualit\u00e4t h\u00f6chster G\u00fcte. Sie entspricht DIN EN 938 Typ 1. Die Herstellung erfolgt synthetisiert.<\/p>\n\n\n\n<hr class=\"wp-block-separator has-alpha-channel-opacity\"\/>\n\n\n\n<h3 class=\"wp-block-heading\"><strong>Salzs\u00e4ure 4 %:<\/strong><\/h3>\n\n\n\n<p>Die hier angebotene Salzs\u00e4ure 4 % hat h\u00f6chste Qualit\u00e4t und ist als Lebensmittelzusatzstoff verwendbar. Es handelt sich auch hier nicht um &#8222;technische Qualit\u00e4t&#8220;.<\/p>\n\n\n\n<hr class=\"wp-block-separator has-alpha-channel-opacity\"\/>\n\n\n\n<h3 class=\"wp-block-heading\"><strong>Rechtdrehende Milchs\u00e4ure 21%<\/strong><\/h3>\n\n\n\n<p>Diese Milchs\u00e4ure wird auch als 2-Hydroxypropans\u00e4ure bezeichnet. Es handelt sich um eine <strong>organische S\u00e4ure<\/strong>, die als Stoffwechselprodukt in pflanzlichen und tierischen Organismen vorkommt. Milchs\u00e4ure ist eine klare, farblose bis schwach gelbliche Fl\u00fcssigkeit. Zu mindestens dann, sofern Sie noch unver\u00e4ndert rein ist. Sie schmeckt sauer. Die Salze der Milchs\u00e4ure werden als \u201cLactate\u201d bezeichnet. Sie eignet sich ebenfalls als Aktivator f\u00fcr Natriumchlorit zu Chlordioxid. Die Reaktion l\u00e4uft mit Milchs\u00e4ure langsamer ab, als mit Salzs\u00e4ure. Daf\u00fcr ist sie aber sehr nachhaltig.<\/p>\n\n\n\n<p>Mit diesem Set kaufen Sie ein hochwertiges Produkt.<\/p>\n\n\n\n<hr class=\"wp-block-separator has-alpha-channel-opacity\"\/>\n\n\n\n<h2 class=\"wp-block-heading\">Natriumchlorit + S\u00e4ure Sets &#8211; <strong>Das Material der Flaschen:<\/strong><\/h2>\n\n\n\n<p>Die Chlordioxid Sets sind abgef\u00fcllt in <strong>Glasflaschen<\/strong> oder in <strong>chemiebest\u00e4ndigen, bruchsicheren PP-Flaschen<\/strong>. HDPE Flaschen haben sich als nicht dauerhaft best\u00e4ndig erwiesen. Gerade bei der Natriumchlorit L\u00f6sung ist dies auch wichtig.<\/p>\n\n\n\n<p>Nat\u00fcrlich unterliegen alle Materialen aus Kunststoff nach l\u00e4ngerer Beanspruchung durch Chemie einem Zerfall. Daher empfehle ich die Nutzung von Glasflaschen. Diese sind am L\u00e4ngsten best\u00e4ndig. Ein Schwachpunkt \u00fcber Jahre hinweg stellt nur der Verschluss dar. Doch auch diese sind f\u00fcr die angebotene Chemie sehr lange best\u00e4ndig.<\/p>\n\n\n\n<p><br>Suchst du vielleicht stattdessen eine fertig aktivierte Chlordioxid Fertigmischung?&nbsp; Falls ja, schaue dir bitte diese Produkte an: <a href=\"https:\/\/shop.nlq24.eu\/produkt-kategorien\/cdh3000\/\">CDH3000 Fertigl\u00f6sun<\/a>g<a href=\"https:\/\/shop.nlq24.eu\/produkt-kategorien\/cdh3000\/\">.<\/a><\/p>\n\n\n\n<p><\/p>\n","protected":false},"excerpt":{"rendered":"<p>Natriumchlorit +  S\u00e4ure Sets &#8211; Information<\/p>\n","protected":false},"author":1,"featured_media":68965,"parent":0,"menu_order":0,"comment_status":"closed","ping_status":"closed","template":"","meta":{"footnotes":""},"class_list":["post-86174","page","type-page","status-publish","has-post-thumbnail","hentry"],"_links":{"self":[{"href":"https:\/\/shop.nlq24.eu\/de\/wp-json\/wp\/v2\/pages\/86174","targetHints":{"allow":["GET"]}}],"collection":[{"href":"https:\/\/shop.nlq24.eu\/de\/wp-json\/wp\/v2\/pages"}],"about":[{"href":"https:\/\/shop.nlq24.eu\/de\/wp-json\/wp\/v2\/types\/page"}],"author":[{"embeddable":true,"href":"https:\/\/shop.nlq24.eu\/de\/wp-json\/wp\/v2\/users\/1"}],"replies":[{"embeddable":true,"href":"https:\/\/shop.nlq24.eu\/de\/wp-json\/wp\/v2\/comments?post=86174"}],"version-history":[{"count":0,"href":"https:\/\/shop.nlq24.eu\/de\/wp-json\/wp\/v2\/pages\/86174\/revisions"}],"wp:featuredmedia":[{"embeddable":true,"href":"https:\/\/shop.nlq24.eu\/de\/wp-json\/wp\/v2\/media\/68965"}],"wp:attachment":[{"href":"https:\/\/shop.nlq24.eu\/de\/wp-json\/wp\/v2\/media?parent=86174"}],"curies":[{"name":"wp","href":"https:\/\/api.w.org\/{rel}","templated":true}]}}