{"id":103,"date":"2018-12-23T08:54:25","date_gmt":"2018-12-23T08:54:25","guid":{"rendered":"https:\/\/www.nlq24.de\/?post_type=product&#038;p=103"},"modified":"2025-06-10T08:03:21","modified_gmt":"2025-06-10T08:03:21","slug":"einmalspritze-spritze-2-ml-terumo-ohne-kanuele","status":"publish","type":"product","link":"https:\/\/shop.nlq24.eu\/de\/Produkt\/einmalspritze-spritze-2-ml-terumo-ohne-kanuele\/","title":{"rendered":"Einmalspritze 2 ml"},"content":{"rendered":"<p class=\"Normal\"><strong>Einmalspritze 2 ml<\/strong><br \/>\nDiese Einmal-Spr\u00edtze, hat ein Fassungsverm\u00f6gen von 2 ml. Sie besteht aus zwei Teilen. Mit dieser Spritze k\u00f6nnen Sie Fl\u00fcssigkeiten genau und optimal dosieren<strong><span class=\"tm5\">. <\/span><\/strong>Die kleine, genaue Skala hilft Ihnen dabei. Sie ist zudem wischfest und bietet dadurch eine sehr gute Lesbarkeit der Mengenabmessung. Der Ansatz ist 6 % Luer. Laut Verpackungsdatum ist diese Spritze nicht mehr steril. Dies ist aber beim Abmessen von Wasserdesinfektionskomponenten auch nicht n\u00f6tig.<\/p>\n<p class=\"Normal\">\n","protected":false},"excerpt":{"rendered":"<p>Einmalspritze \/Spritze 2 ml ohne Kan\u00fcle<\/p>\n","protected":false},"featured_media":5462,"comment_status":"open","ping_status":"closed","template":"","meta":[],"product_brand":[],"product_cat":[43,81,116],"product_tag":[742,286,371,372,385,649,741],"class_list":{"0":"post-103","1":"product","2":"type-product","3":"status-publish","4":"has-post-thumbnail","6":"product_cat-dosieren-abmessen","7":"product_cat-alle-produkte-im-ueberblick","8":"product_cat-einmalspritzen","9":"product_tag-spritze-2-ml","10":"product_tag-dosierspritze","11":"product_tag-spritze","12":"product_tag-einmalspritze-2-ml","13":"product_tag-einmalspritze","14":"product_tag-dosieren","15":"product_tag-2-ml-spritze","16":"product_shipping_class-standard","18":"first","19":"instock","20":"taxable","21":"shipping-taxable","22":"purchasable","23":"product-type-simple"},"_links":{"self":[{"href":"https:\/\/shop.nlq24.eu\/de\/wp-json\/wp\/v2\/product\/103","targetHints":{"allow":["GET"]}}],"collection":[{"href":"https:\/\/shop.nlq24.eu\/de\/wp-json\/wp\/v2\/product"}],"about":[{"href":"https:\/\/shop.nlq24.eu\/de\/wp-json\/wp\/v2\/types\/product"}],"replies":[{"embeddable":true,"href":"https:\/\/shop.nlq24.eu\/de\/wp-json\/wp\/v2\/comments?post=103"}],"wp:featuredmedia":[{"embeddable":true,"href":"https:\/\/shop.nlq24.eu\/de\/wp-json\/wp\/v2\/media\/5462"}],"wp:attachment":[{"href":"https:\/\/shop.nlq24.eu\/de\/wp-json\/wp\/v2\/media?parent=103"}],"wp:term":[{"taxonomy":"product_brand","embeddable":true,"href":"https:\/\/shop.nlq24.eu\/de\/wp-json\/wp\/v2\/product_brand?post=103"},{"taxonomy":"product_cat","embeddable":true,"href":"https:\/\/shop.nlq24.eu\/de\/wp-json\/wp\/v2\/product_cat?post=103"},{"taxonomy":"product_tag","embeddable":true,"href":"https:\/\/shop.nlq24.eu\/de\/wp-json\/wp\/v2\/product_tag?post=103"}],"curies":[{"name":"wp","href":"https:\/\/api.w.org\/{rel}","templated":true}]}}