{"id":104,"date":"2018-11-01T07:24:15","date_gmt":"2018-11-01T07:24:15","guid":{"rendered":"https:\/\/www.nlq24.de\/?post_type=product&#038;p=104"},"modified":"2026-04-13T17:46:14","modified_gmt":"2026-04-13T17:46:14","slug":"einmalspritze-5-ml","status":"publish","type":"product","link":"https:\/\/shop.nlq24.eu\/de\/Produkt\/einmalspritze-5-ml\/","title":{"rendered":"Einmalspritze 5 ml (6 ml)"},"content":{"rendered":"<p>Einmalspritze 5 ml (6 ml)<\/p>\n<p>Diese Spr\u00edtze hat ein Volumen von 5 ml. Die Skala geht jedoch bis 6 ml. Es ist eine zweiteilige Spritze<strong>. <\/strong>Zum Dosieren und Abmessen eignet sie sich optimal. Verkauft wird nur die Spritze ohne Kan\u00fcle. Die wischfeste, sehr gut lesbare Skala erm\u00f6glicht ein klares Ablesen der aufgezogenen Menge. Mit einer Graduierung in 0,2 ml-Schritten, ist ein genaues Abmessen m\u00f6glich. Die Spritze verf\u00fcgt \u00fcber einen LUER-Ansatz. Das Sterilit\u00e4tsdatum auf der Verpackung ist 09\/2020. F\u00fcr eine einfache Abmessung von Chemikalien ist dies jedoch ohnehin unrelevant.<\/p>\n<p>Hier finden Sie die <a href=\"https:\/\/shop.nlq24.eu\/produkt\/einmalspritze-20-ml-chirana\/\">Einmalspritze 20 ml Volumen<\/a><br \/>\nHier die <a href=\"https:\/\/shop.nlq24.eu\/produkt\/einmalspritze-10-ml-chirana\/\">Einmalspritze 10 ml Volumen<\/a><\/p>\n","protected":false},"excerpt":{"rendered":"<p>Einmalspritze, 5 ml (6 ml) ohne Kan\u00fcle<\/p>\n","protected":false},"featured_media":5612,"comment_status":"open","ping_status":"closed","template":"","meta":[],"product_brand":[],"product_cat":[43,81,116],"product_tag":[371,385,744,745],"class_list":{"0":"post-104","1":"product","2":"type-product","3":"status-publish","4":"has-post-thumbnail","6":"product_cat-dosieren-abmessen","7":"product_cat-alle-produkte-im-ueberblick","8":"product_cat-einmalspritzen","9":"product_tag-spritze","10":"product_tag-einmalspritze","11":"product_tag-einmalspritze-5-ml-6-ml","12":"product_tag-einmalspritze-5ml","13":"product_shipping_class-standard","15":"first","16":"instock","17":"taxable","18":"shipping-taxable","19":"purchasable","20":"product-type-simple"},"_links":{"self":[{"href":"https:\/\/shop.nlq24.eu\/de\/wp-json\/wp\/v2\/product\/104","targetHints":{"allow":["GET"]}}],"collection":[{"href":"https:\/\/shop.nlq24.eu\/de\/wp-json\/wp\/v2\/product"}],"about":[{"href":"https:\/\/shop.nlq24.eu\/de\/wp-json\/wp\/v2\/types\/product"}],"replies":[{"embeddable":true,"href":"https:\/\/shop.nlq24.eu\/de\/wp-json\/wp\/v2\/comments?post=104"}],"wp:featuredmedia":[{"embeddable":true,"href":"https:\/\/shop.nlq24.eu\/de\/wp-json\/wp\/v2\/media\/5612"}],"wp:attachment":[{"href":"https:\/\/shop.nlq24.eu\/de\/wp-json\/wp\/v2\/media?parent=104"}],"wp:term":[{"taxonomy":"product_brand","embeddable":true,"href":"https:\/\/shop.nlq24.eu\/de\/wp-json\/wp\/v2\/product_brand?post=104"},{"taxonomy":"product_cat","embeddable":true,"href":"https:\/\/shop.nlq24.eu\/de\/wp-json\/wp\/v2\/product_cat?post=104"},{"taxonomy":"product_tag","embeddable":true,"href":"https:\/\/shop.nlq24.eu\/de\/wp-json\/wp\/v2\/product_tag?post=104"}],"curies":[{"name":"wp","href":"https:\/\/api.w.org\/{rel}","templated":true}]}}