{"id":106,"date":"2018-11-01T07:59:00","date_gmt":"2018-11-01T07:59:00","guid":{"rendered":"https:\/\/www.nlq24.de\/?post_type=product&#038;p=106"},"modified":"2026-02-03T16:22:55","modified_gmt":"2026-02-03T16:22:55","slug":"einmalspritze-20-ml-chirana","status":"publish","type":"product","link":"https:\/\/shop.nlq24.eu\/de\/Produkt\/einmalspritze-20-ml-chirana\/","title":{"rendered":"Einmalspritze, 20 ml"},"content":{"rendered":"<p>Einmalspritze 20 ml<br \/>\nDiese Spr\u00edtze hat ein Volumen von 20 ml. Sie ist zweiteilig<strong>. <\/strong>Sie k\u00f6nnen diese optimal zum Dosieren und Abmessen benutzen. Die wischfeste Skala bietet eine lange Haltbarkeit. Sie ist zudem sehr gut lesbar. Dies erm\u00f6glicht ein genaues Abmessen des Inhaltes. Mit einer Graduierung in 1 ml-Schritten, ist ein genaues Abmessen m\u00f6glich. Die Spritze verf\u00fcgt \u00fcber einen LUER &#8211; Ansatz. Das Sterilit\u00e4tsdatum auf der Verpackung ist 12\/2020. F\u00fcr eine einfache Abmessung von Chemikalien, ist dies jedoch ohnehin unrelevant.<\/p>\n<p>Hier finden Sie die <a href=\"https:\/\/shop.nlq24.eu\/produkt\/einmalspritze-10-ml-chirana\/\">Einmalspritze 10 ml Volumen<\/a><\/p>\n<p>Zum Dosieren und Abmessen finden Sie hier zus\u00e4tzlich eine <strong><a href=\"https:\/\/shop.nlq24.eu\/de\/produkt\/kanuele-zum-abmessen-und-dosieren-120-mm-lang\/\">lange Kan\u00fcle 120 mm<\/a><\/strong>. Mit dieser kann man auch Fl\u00fcssigkeiten aus Tropferflaschen bis 100 ml einfach entnehmen und abmessen. Die Kan\u00fcle passt hier durch den Tropfereinsatz hindurch.<\/p>\n","protected":false},"excerpt":{"rendered":"<p>Einmalspritze 20 ml, Chirana<\/p>\n","protected":false},"featured_media":5548,"comment_status":"open","ping_status":"closed","template":"","meta":[],"product_brand":[],"product_cat":[43,81,116],"product_tag":[371,380,381,385],"class_list":{"0":"post-106","1":"product","2":"type-product","3":"status-publish","4":"has-post-thumbnail","6":"product_cat-dosieren-abmessen","7":"product_cat-alle-produkte-im-ueberblick","8":"product_cat-einmalspritzen","9":"product_tag-spritze","10":"product_tag-einmalspritze-20-ml","11":"product_tag-spritze-20-ml","12":"product_tag-einmalspritze","13":"product_shipping_class-standard","15":"first","16":"instock","17":"taxable","18":"shipping-taxable","19":"purchasable","20":"product-type-simple"},"_links":{"self":[{"href":"https:\/\/shop.nlq24.eu\/de\/wp-json\/wp\/v2\/product\/106","targetHints":{"allow":["GET"]}}],"collection":[{"href":"https:\/\/shop.nlq24.eu\/de\/wp-json\/wp\/v2\/product"}],"about":[{"href":"https:\/\/shop.nlq24.eu\/de\/wp-json\/wp\/v2\/types\/product"}],"replies":[{"embeddable":true,"href":"https:\/\/shop.nlq24.eu\/de\/wp-json\/wp\/v2\/comments?post=106"}],"wp:featuredmedia":[{"embeddable":true,"href":"https:\/\/shop.nlq24.eu\/de\/wp-json\/wp\/v2\/media\/5548"}],"wp:attachment":[{"href":"https:\/\/shop.nlq24.eu\/de\/wp-json\/wp\/v2\/media?parent=106"}],"wp:term":[{"taxonomy":"product_brand","embeddable":true,"href":"https:\/\/shop.nlq24.eu\/de\/wp-json\/wp\/v2\/product_brand?post=106"},{"taxonomy":"product_cat","embeddable":true,"href":"https:\/\/shop.nlq24.eu\/de\/wp-json\/wp\/v2\/product_cat?post=106"},{"taxonomy":"product_tag","embeddable":true,"href":"https:\/\/shop.nlq24.eu\/de\/wp-json\/wp\/v2\/product_tag?post=106"}],"curies":[{"name":"wp","href":"https:\/\/api.w.org\/{rel}","templated":true}]}}