{"id":108,"date":"2018-11-01T08:09:49","date_gmt":"2018-11-01T08:09:49","guid":{"rendered":"https:\/\/www.nlq24.de\/?post_type=product&#038;p=108"},"modified":"2026-02-03T16:22:55","modified_gmt":"2026-02-03T16:22:55","slug":"kanuele-zum-abmessen-und-dosieren-120-mm-lang","status":"publish","type":"product","link":"https:\/\/shop.nlq24.eu\/de\/Produkt\/kanuele-zum-abmessen-und-dosieren-120-mm-lang\/","title":{"rendered":"Kan\u00fcle zum Abmessen und Dosieren, 120 mm"},"content":{"rendered":"<div><strong>Kan\u00fcle zum Abmessen und Dosieren, z.B. von Wasserdesinfektionszutaten<\/strong><\/div>\n<div>Diese Kan\u00fcle kann Ihnen als Dosierhilfe zur Entnahme von Fl\u00fcssigkeiten und zum Abmessen dienen. Sie passt auf die im Shop angebotenen Einmalspritzen. Sie ist nicht zur medizinischen Anwendung bestimmt. Die L\u00e4nge der Kan\u00fcle betr\u00e4gt 120 mm. Der Au\u00dfendurchmesser liegt bei 0,8 mm. Hersteller ist die Firma Braun.<\/div>\n<div>Mit dieser Kan\u00fcle (und einer <a href=\"https:\/\/shop.nlq24.eu\/produkt\/einmalspritze-20-ml-chirana\/\">Spritze<\/a>) k\u00f6nnen Sie Substanzen aus Glas- und PE-Flaschen bis zu 100 ml entnehmen. Die Kan\u00fcle passt dabei sogar durch den Tropferverschluss der DIN18 Glasflaschen. Sie erm\u00f6glicht Ihnen das genaue Abmessen von Fl\u00fcssigkeiten, ohne dass Sie den Tropfer entfernen m\u00fcssen. Sollten Sie Fl\u00fcssigkeiten damit entnehmen wollen, die miteinander reagieren, so sollten Sie diese vor der Entnahme der reaktiven Fl\u00fcssigkeit gr\u00fcndlich reinigen. Sie k\u00f6nnten aber auch, die ungef\u00e4hr ben\u00f6tigte Fl\u00fcssigkeit, zuvor in einen <a href=\"https:\/\/shop.nlq24.eu\/produkt\/messbecher-30-ml-aus-bestaendigem-hdpe\/\">Messbecher<\/a> f\u00fcllen. Schlie\u00dflich k\u00f6nnen Sie dann die Fl\u00fcssigkeit auch von dort entnehmen. Eine Reaktion in dem Originalbeh\u00e4lter wird somit ausgeschlossen.<\/div>\n<div><\/div>\n","protected":false},"excerpt":{"rendered":"<p>Kan\u00fcle zum Abmessen und Dosieren, 120 mm<\/p>\n","protected":false},"featured_media":5614,"comment_status":"open","ping_status":"closed","template":"","meta":[],"product_brand":[],"product_cat":[43,81,116],"product_tag":[3546,2040,2041,2042],"class_list":{"0":"post-108","1":"product","2":"type-product","3":"status-publish","4":"has-post-thumbnail","6":"product_cat-dosieren-abmessen","7":"product_cat-alle-produkte-im-ueberblick","8":"product_cat-einmalspritzen","9":"product_tag-kanuele-2","10":"product_tag-abmessen","11":"product_tag-spritzenaufsatz","12":"product_tag-lange-kanuele","13":"product_shipping_class-standard","15":"first","16":"instock","17":"taxable","18":"shipping-taxable","19":"purchasable","20":"product-type-simple"},"_links":{"self":[{"href":"https:\/\/shop.nlq24.eu\/de\/wp-json\/wp\/v2\/product\/108","targetHints":{"allow":["GET"]}}],"collection":[{"href":"https:\/\/shop.nlq24.eu\/de\/wp-json\/wp\/v2\/product"}],"about":[{"href":"https:\/\/shop.nlq24.eu\/de\/wp-json\/wp\/v2\/types\/product"}],"replies":[{"embeddable":true,"href":"https:\/\/shop.nlq24.eu\/de\/wp-json\/wp\/v2\/comments?post=108"}],"wp:featuredmedia":[{"embeddable":true,"href":"https:\/\/shop.nlq24.eu\/de\/wp-json\/wp\/v2\/media\/5614"}],"wp:attachment":[{"href":"https:\/\/shop.nlq24.eu\/de\/wp-json\/wp\/v2\/media?parent=108"}],"wp:term":[{"taxonomy":"product_brand","embeddable":true,"href":"https:\/\/shop.nlq24.eu\/de\/wp-json\/wp\/v2\/product_brand?post=108"},{"taxonomy":"product_cat","embeddable":true,"href":"https:\/\/shop.nlq24.eu\/de\/wp-json\/wp\/v2\/product_cat?post=108"},{"taxonomy":"product_tag","embeddable":true,"href":"https:\/\/shop.nlq24.eu\/de\/wp-json\/wp\/v2\/product_tag?post=108"}],"curies":[{"name":"wp","href":"https:\/\/api.w.org\/{rel}","templated":true}]}}