{"id":110,"date":"2018-11-03T13:29:06","date_gmt":"2018-11-03T13:29:06","guid":{"rendered":"https:\/\/www.nlq24.de\/?post_type=product&#038;p=110"},"modified":"2024-12-12T19:42:01","modified_gmt":"2024-12-12T19:42:01","slug":"verschluss-kindersicher-fuer-glasflasche-pp28-grosse-oeffnung","status":"publish","type":"product","link":"https:\/\/shop.nlq24.eu\/de\/Produkt\/verschluss-kindersicher-fuer-glasflasche-pp28-grosse-oeffnung\/","title":{"rendered":"Verschluss, Kindersicher f\u00fcr Glasflasche PP28"},"content":{"rendered":"<p><u><strong>Verschluss, Kindersicher f\u00fcr Glasflaschen PP28<\/strong><\/u><\/p>\n<div>Dieser Verschluss verf\u00fcgt \u00fcber eine PE Schaumdichtung und eine Kindersicherung.<\/div>\n<div><\/div>\n<div>Dr\u00fccken Sie zum \u00d6ffnen der Flasche den Verschluss herunter. Erst dann l\u00e4sst er sich \u00f6ffnen.<\/div>\n<div>Der Verschlussdeckel bietet Ihnen eine optimale Dichtigkeit, auch f\u00fcr unterwegs. Somit haben Sie einen guten Schutz f\u00fcr das F\u00fcllgut.<\/div>\n<div><\/div>\n<h3>Eignung:<\/h3>\n<div>Der Deckel eignet sich f\u00fcr PP 28 Flaschen aus Glas oder auch aus PET in den Gr\u00f6\u00dfen 250, 500 und 1000 ml. Die Glas &#8211; Leerflaschen k\u00f6nnen Sie ebenfalls <a href=\"https:\/\/shop.nlq24.eu\/produkt\/glasflasche-pp28-verschiedene-groessen-und-zubehoer\/\">hier<\/a> im Shop erwerben.<\/div>\n<div><\/div>\n<h3>Dosiereinsatz als Zubeh\u00f6r erh\u00e4ltlich<\/h3>\n<div>Um den Durchmesser von PP28 Flaschen zu verringern, k\u00f6nnen sie diese mit diesem<strong><a href=\"https:\/\/shop.nlq24.eu\/de\/produkt\/doser-einsatz-fuer-doser-system\/\"> Doser-Einsatz<\/a><\/strong> kombinieren.<\/div>\n<div>Doser-Einsatz und dieser Kindersichere Verschluss PP28 sind aufeinander abgestimmt, so dass die Dichtigkeit bei der Verwendung des Doser-Einsatzes gegeben ist.<\/div>\n<div><\/div>\n<div>Vielleicht ben\u00f6tigen Sie auch dieses komplette<strong><a href=\"https:\/\/shop.nlq24.eu\/de\/produkt\/doser-cdh-doser-10-ml\/\"> Doser-System<\/a><\/strong>.<\/div>\n<div>Oder eine Glasflasche komplett mit Doser-System, die <strong><a href=\"https:\/\/shop.nlq24.eu\/de\/produkt\/doser-system-flasche\/\">Doser-System-Flasche<\/a><\/strong>.<\/div>\n","protected":false},"excerpt":{"rendered":"<p><u><strong>Verschluss, Kindersicher f\u00fcr Glasflaschen PP28<\/strong><\/u><\/p>\n","protected":false},"featured_media":4052,"comment_status":"open","ping_status":"closed","template":"","meta":[],"product_brand":[],"product_cat":[81,89,113,327],"product_tag":[111,375,476,533],"class_list":{"0":"post-110","1":"product","2":"type-product","3":"status-publish","4":"has-post-thumbnail","6":"product_cat-alle-produkte-im-ueberblick","7":"product_cat-glasflaschen","8":"product_cat-verschluesse-fuer-pp28-glasflaschen","9":"product_cat-verschluesse-und-zubehoer","10":"product_tag-verschluss","11":"product_tag-kindersicherheitsverschluss-pp28","12":"product_tag-deckel-fuer-pp28-glasflaschen","13":"product_tag-pp28","14":"product_shipping_class-standard","16":"first","17":"instock","18":"taxable","19":"shipping-taxable","20":"purchasable","21":"product-type-simple"},"_links":{"self":[{"href":"https:\/\/shop.nlq24.eu\/de\/wp-json\/wp\/v2\/product\/110","targetHints":{"allow":["GET"]}}],"collection":[{"href":"https:\/\/shop.nlq24.eu\/de\/wp-json\/wp\/v2\/product"}],"about":[{"href":"https:\/\/shop.nlq24.eu\/de\/wp-json\/wp\/v2\/types\/product"}],"replies":[{"embeddable":true,"href":"https:\/\/shop.nlq24.eu\/de\/wp-json\/wp\/v2\/comments?post=110"}],"wp:featuredmedia":[{"embeddable":true,"href":"https:\/\/shop.nlq24.eu\/de\/wp-json\/wp\/v2\/media\/4052"}],"wp:attachment":[{"href":"https:\/\/shop.nlq24.eu\/de\/wp-json\/wp\/v2\/media?parent=110"}],"wp:term":[{"taxonomy":"product_brand","embeddable":true,"href":"https:\/\/shop.nlq24.eu\/de\/wp-json\/wp\/v2\/product_brand?post=110"},{"taxonomy":"product_cat","embeddable":true,"href":"https:\/\/shop.nlq24.eu\/de\/wp-json\/wp\/v2\/product_cat?post=110"},{"taxonomy":"product_tag","embeddable":true,"href":"https:\/\/shop.nlq24.eu\/de\/wp-json\/wp\/v2\/product_tag?post=110"}],"curies":[{"name":"wp","href":"https:\/\/api.w.org\/{rel}","templated":true}]}}