{"id":111,"date":"2018-11-03T19:57:17","date_gmt":"2018-11-03T19:57:17","guid":{"rendered":"https:\/\/www.nlq24.de\/?post_type=product&#038;p=111"},"modified":"2025-06-12T09:57:39","modified_gmt":"2025-06-12T09:57:39","slug":"dmso100-dimethylsulfoxid","status":"publish","type":"product","link":"https:\/\/shop.nlq24.eu\/de\/Produkt\/dmso100-dimethylsulfoxid\/","title":{"rendered":"DMSO100 Dimethylsulfoxid (DMSO min. 99,9%)"},"content":{"rendered":"<p class=\"Normal\"><strong><span class=\"tm5\">DMSO100 &#8211; Dimethylsulfoxid,<\/span><\/strong> <strong><span class=\"tm5\">ist ein bekanntes L\u00f6semittel mit hervorragenden Eigenschaften. Reinheit in Pharmaqualit\u00e4t<br \/>\n<\/span><\/strong><\/p>\n<p class=\"Normal\">Dieses DMSO hat eine sehr hohe Qualit\u00e4t und Reinheit. Die Reinheit entspricht den Anforderungen an Pharmaqualit\u00e4t (Siehe <strong><span class=\"tm5\"><a href=\"https:\/\/shop.nlq24.eu\/wp-content\/uploads\/2025\/03\/DMSO100-Analysezertifikat_Dimethylsulfoxid_DE.pdf\">DMSO100 Analysezertifikat<\/a>.)<\/span><\/strong>. Die sehr gute Qualit\u00e4t best\u00e4tigen auch meine langj\u00e4hrigen, zufriedenen Kunden. Dieses DMSO stammt aus Pharma-Chargen. Bei diesem DMSO handelt es sich also <strong>nicht<\/strong> um technische Qualit\u00e4t. Diese Substanz ist <strong>frei von kanzerogenen<\/strong>, also Krebs erregenden, <strong>Stoffen<\/strong>. Die Dichte betr\u00e4gt 1.099. Die Reinheit liegt zwischen 99,99 %, mindestens 99,9 %. Der Wasseranteil liegt lediglich zwischen 0,003% bis maximal 0,01 %. Der Reduktionsanteil betr\u00e4gt nur zwischen 0,003% bis maximal 0,01 %. Es wird hier als reine Chemikalie angeboten. Geruch und Geschmack k\u00f6nnen, je nach Charge unterschiedlich sein.<\/p>\n<p class=\"Normal\"><strong><span class=\"tm5\">Hinweise<\/span><\/strong>: Von Z\u00fcndquellen fernhalten. Augen- und Hautkontakt vermeiden. Bei niedrigen Temperaturen (unter <strong><span class=\"tm5\">+<\/span><\/strong>18\u00b0C) kann DMSO kristallisieren. Aus diesem Grunde sollte man es bei \u00fcber 20\u00b0C aufbewahren. Sollte das DMSO, aufgrund zu k\u00fchler Lagerung einmal kristallisieren, erw\u00e4rmen Sie es einfach in einem warmen Wasserbad. Die Wassertemperatur sollte dabei 40\u00b0 C nicht \u00fcberschreiten. Durch diese sanfte Erw\u00e4rmung wird es wieder fl\u00fcssig und verwendbar. Erw\u00e4rmen Sie es <strong><span class=\"tm5\">niemals <\/span><\/strong>in einer Mikrowelle.<\/p>\n<p class=\"Normal\">Interessant ist, dass DMSO sich bei dem Gefrieren nicht ausdehnt, wie z.B. Wasser. Nein, es zieht sich zusammen und kristallisiert.<\/p>\n<p class=\"Normal\">Solltest du eine Verd\u00fcnnung von DMSO suchen, findest du im Shop <a href=\"https:\/\/shop.nlq24.eu\/produkt\/dmso-50-verduennung\/\"><span style=\"color: #0000ff;\">DMSO 50 %<\/span><\/a> oder <a href=\"https:\/\/shop.nlq24.eu\/produkt\/dmso-70-prozent\/\"><span style=\"color: #0000ff;\">DMSO 70%<\/span>.<\/a><\/p>\n<div>\n<div>\n<div>\n<div>\n<p class=\"Normal\"><strong><span class=\"tm5\">Folgende Varianten stehen zu Auswahl:<\/span><\/strong><\/p>\n<p>&nbsp;<\/p>\n<p class=\"Normal\">10 ml PP-Tropferflasche bruchsicher oder Glasflasche mit Tropfer<br \/>\n50 ml PP-Tropferflasche bruchsicher oder Glasflasche mit Tropfer<br \/>\n100 ml Glasflasche<br \/>\n200 ml HDPE Tropferflasche<br \/>\n250 ml Glasflasche ohne Tropfer<br \/>\n500 ml Glasflasche ohne Tropfer<br \/>\n1000 ml Glasflasche ohne Tropfer<\/p>\n<\/div>\n<\/div>\n<\/div>\n<\/div>\n","protected":false},"excerpt":{"rendered":"<p>DMSO100 Dimethylsulfoxid min 99,9 %<\/p>\n","protected":false},"featured_media":87601,"comment_status":"open","ping_status":"closed","template":"","meta":[],"product_brand":[],"product_cat":[47,81],"product_tag":[3067,3068,117,118,122,552],"class_list":{"0":"post-111","1":"product","2":"type-product","3":"status-publish","4":"has-post-thumbnail","6":"product_cat-dmso-dimethylsulfoxid","7":"product_cat-alle-produkte-im-ueberblick","8":"product_tag-dimethylsulfoxid","9":"product_tag-dmso-pharmazeutische-reinheit","10":"product_tag-dmso","11":"product_tag-dmso100","12":"product_tag-122","13":"product_tag-pharmacharge","14":"product_shipping_class-standard","15":"pa_flaschenart-hdpe-flasche","16":"pa_flaschenart-glasflasche-din18","17":"pa_flaschenart-glasflasche-pp28","18":"pa_flaschenart-pp-flasche-halbtransparent","19":"pa_milliliter-200-ml","20":"pa_milliliter-250-ml","21":"pa_milliliter-500-ml","22":"pa_milliliter-1000-ml","23":"pa_milliliter-10-ml","24":"pa_milliliter-30-ml","25":"pa_milliliter-50-ml","26":"pa_milliliter-100-ml","28":"first","29":"instock","30":"taxable","31":"shipping-taxable","32":"purchasable","33":"product-type-variable"},"_links":{"self":[{"href":"https:\/\/shop.nlq24.eu\/de\/wp-json\/wp\/v2\/product\/111","targetHints":{"allow":["GET"]}}],"collection":[{"href":"https:\/\/shop.nlq24.eu\/de\/wp-json\/wp\/v2\/product"}],"about":[{"href":"https:\/\/shop.nlq24.eu\/de\/wp-json\/wp\/v2\/types\/product"}],"replies":[{"embeddable":true,"href":"https:\/\/shop.nlq24.eu\/de\/wp-json\/wp\/v2\/comments?post=111"}],"wp:featuredmedia":[{"embeddable":true,"href":"https:\/\/shop.nlq24.eu\/de\/wp-json\/wp\/v2\/media\/87601"}],"wp:attachment":[{"href":"https:\/\/shop.nlq24.eu\/de\/wp-json\/wp\/v2\/media?parent=111"}],"wp:term":[{"taxonomy":"product_brand","embeddable":true,"href":"https:\/\/shop.nlq24.eu\/de\/wp-json\/wp\/v2\/product_brand?post=111"},{"taxonomy":"product_cat","embeddable":true,"href":"https:\/\/shop.nlq24.eu\/de\/wp-json\/wp\/v2\/product_cat?post=111"},{"taxonomy":"product_tag","embeddable":true,"href":"https:\/\/shop.nlq24.eu\/de\/wp-json\/wp\/v2\/product_tag?post=111"}],"curies":[{"name":"wp","href":"https:\/\/api.w.org\/{rel}","templated":true}]}}