{"id":114,"date":"2018-11-03T21:40:51","date_gmt":"2018-11-03T21:40:51","guid":{"rendered":"https:\/\/www.nlq24.de\/?post_type=product&#038;p=114"},"modified":"2025-10-08T09:57:15","modified_gmt":"2025-10-08T09:57:15","slug":"dmso-70-prozent-loesung","status":"publish","type":"product","link":"https:\/\/shop.nlq24.eu\/de\/Produkt\/dmso-70-prozent-loesung\/","title":{"rendered":"DMSO 70% L\u00f6sung, Dimethylsulfoxid"},"content":{"rendered":"<div><strong>DMSO 70% L\u00f6sung &#8211; Dimethylsulfoxid<\/strong><\/div>\n<div>\n<p>Sie erhalten hier eine DMSO 70% L\u00f6sung in perfekter Mischung. Diese L\u00f6sung habe ich f\u00fcr Sie mit destilliertem Wasser auf 70% verd\u00fcnnt. Die Grundsubstanz dieser DMSO L\u00f6sung ist DMSO 99,99 % in sehr hoher Qualit\u00e4t &#8211; siehe <a href=\"https:\/\/shop.nlq24.eu\/produkt\/dmso100-100-ml-glasflasche-din18\/\"><strong>DMSO100<\/strong><\/a>. Dieses wiederum, ist frei von kanzerogenen, also krebserregenden Stoffen. Mehr zu DMSO finden Sie <a href=\"https:\/\/www.natao.org\/dmso.htm\">hier<\/a>.<\/p>\n<p>Der Vorteil an dieser L\u00f6sung ist, dass diese im Gegensatz zu DMSO100, nicht so schnell &#8222;gefriert&#8220; (kristallisiert). Denn DMSO gefriert bereits bei PLUS 18 \u00b0C! Somit ist es bei Temperaturen unter 18 \u00b0C nicht fl\u00fcssig und somit nicht einsetzbar. Das ist bei dieser <strong>70 %igen L\u00f6sung anders.<\/strong> Sie bleibt einsatzf\u00e4hig. Bei DMSO findet so gut wie keine relevante Ausl\u00f6sung von &#8222;Weichmachern&#8220; aus den Kunststoffflaschen statt.<\/p>\n<div><\/div>\n<div>\n<div><strong>Varianten:<\/strong><\/div>\n<div>50 ml in Glasflasche mit Tropfer,<\/div>\n<div>100 ml in Glasflasche mit Tropfer,<\/div>\n<div>250 ml Glasflasche PP28 ohne Tropfer,<\/div>\n<div>500 ml Glasflasche PP28 ohne Tropfer.<\/div>\n<\/div>\n<div><\/div>\n<div>Hinweise: Bei Raumtemperatur lagern. Nicht stark erhitzen.<\/div>\n<\/div>\n","protected":false},"excerpt":{"rendered":"<p><strong>DMSO 70% L\u00f6sung<br \/>\n<\/strong><\/p>\n","protected":false},"featured_media":87172,"comment_status":"open","ping_status":"closed","template":"","meta":[],"product_brand":[],"product_cat":[81,451],"product_tag":[663,117,781,782,452,453],"class_list":{"0":"post-114","1":"product","2":"type-product","3":"status-publish","4":"has-post-thumbnail","6":"product_cat-alle-produkte-im-ueberblick","7":"product_cat-dmso-70","8":"product_tag-verduennung","9":"product_tag-dmso","10":"product_tag-dmso-70-loesung-dimethylsulfoxid","11":"product_tag-dmso-loesung","12":"product_tag-dmso-70","13":"product_tag-dmso-verduennung","14":"product_shipping_class-standard","15":"pa_flaschenart-hdpe-flasche","16":"pa_flaschenart-glasflasche-din18","17":"pa_flaschenart-hdpe-flasche-schwarz","18":"pa_flaschenart-glasflasche-pp28","19":"pa_flaschenart-hdpe-flasche-weiss","20":"pa_flaschenart-pp-flasche-halbtransparent","21":"pa_milliliter-30-ml","22":"pa_milliliter-50-ml","23":"pa_milliliter-100-ml","24":"pa_milliliter-200-ml","25":"pa_milliliter-250-ml","26":"pa_milliliter-500-ml","27":"pa_milliliter-1000-ml","29":"first","30":"instock","31":"featured","32":"taxable","33":"shipping-taxable","34":"purchasable","35":"product-type-variable"},"_links":{"self":[{"href":"https:\/\/shop.nlq24.eu\/de\/wp-json\/wp\/v2\/product\/114","targetHints":{"allow":["GET"]}}],"collection":[{"href":"https:\/\/shop.nlq24.eu\/de\/wp-json\/wp\/v2\/product"}],"about":[{"href":"https:\/\/shop.nlq24.eu\/de\/wp-json\/wp\/v2\/types\/product"}],"replies":[{"embeddable":true,"href":"https:\/\/shop.nlq24.eu\/de\/wp-json\/wp\/v2\/comments?post=114"}],"wp:featuredmedia":[{"embeddable":true,"href":"https:\/\/shop.nlq24.eu\/de\/wp-json\/wp\/v2\/media\/87172"}],"wp:attachment":[{"href":"https:\/\/shop.nlq24.eu\/de\/wp-json\/wp\/v2\/media?parent=114"}],"wp:term":[{"taxonomy":"product_brand","embeddable":true,"href":"https:\/\/shop.nlq24.eu\/de\/wp-json\/wp\/v2\/product_brand?post=114"},{"taxonomy":"product_cat","embeddable":true,"href":"https:\/\/shop.nlq24.eu\/de\/wp-json\/wp\/v2\/product_cat?post=114"},{"taxonomy":"product_tag","embeddable":true,"href":"https:\/\/shop.nlq24.eu\/de\/wp-json\/wp\/v2\/product_tag?post=114"}],"curies":[{"name":"wp","href":"https:\/\/api.w.org\/{rel}","templated":true}]}}