{"id":115,"date":"2018-11-03T21:49:33","date_gmt":"2018-11-03T21:49:33","guid":{"rendered":"https:\/\/www.nlq24.de\/?post_type=product&#038;p=115"},"modified":"2025-06-03T10:05:30","modified_gmt":"2025-06-03T10:05:30","slug":"dmso-50-verduennung","status":"publish","type":"product","link":"https:\/\/shop.nlq24.eu\/de\/Produkt\/dmso-50-verduennung\/","title":{"rendered":"DMSO 50% Verd\u00fcnnung"},"content":{"rendered":"<div><strong>DMSO 50% Verd\u00fcnnung\u00a0<\/strong><strong><br \/>\n<\/strong><\/div>\n<div>\n<div>\n<div>\n<p>Die Grundsubstanz ist dieser DMSO 50% Verd\u00fcnnung ist das DMSO 99,99 in sehr hoher Qualit\u00e4t, siehe <a href=\"https:\/\/shop.nlq24.eu\/produkt\/dmso100-100-ml-glasflasche-din18\/\"><span style=\"color: #0000ff;\"><strong>DMSO100.<\/strong><\/span><\/a><br \/>\nEs ist frei von kanzerogenen, also krebserregenden Stoffen. Die L\u00f6sung wird mit destilliertem Wasser auf 50% f\u00fcr Sie verd\u00fcnnt.<\/p>\n<p><strong>Varianten:<br \/>\n<\/strong>50 oder 100 ml in PP-Flasche, HDPE-Flasche, oder Glasflasche DIN18 mit Tropfer.<br \/>\nGlasflaschen DIN18 wahlweise auch mit Pipette, 106 mm lang.<br \/>\nEinen <strong>Pinsel-Verschluss<\/strong> gibt es wahlweise f\u00fcr die 30 und 50 ml Glasflaschen DIN18<br \/>\n250 ml Glasflasche PP28 ohne Tropfer<br \/>\n500 ml Glasflasche PP28 ohne Tropfer<br \/>\n1000 ml Glasflasche PP28 ohne Tropfer<\/p>\n<p>Mehr zu DMSO finden Sie <a href=\"https:\/\/www.natao.org\/dmso.htm\">hier<\/a>.<\/p>\n<\/div>\n<\/div>\n<\/div>\n","protected":false},"excerpt":{"rendered":"<p><strong>DMSO 50 % L\u00f6sung<br \/>\n<\/strong><\/p>\n","protected":false},"featured_media":87530,"comment_status":"open","ping_status":"closed","template":"","meta":[],"product_brand":[],"product_cat":[81,244],"product_tag":[117,245,246],"class_list":{"0":"post-115","1":"product","2":"type-product","3":"status-publish","4":"has-post-thumbnail","6":"product_cat-alle-produkte-im-ueberblick","7":"product_cat-dmso-50","8":"product_tag-dmso","9":"product_tag-dmso-50","10":"product_tag-dmso50","11":"product_shipping_class-standard","12":"pa_flaschenart-glasflasche-pp28","13":"pa_flaschenart-pp-flasche-halbtransparent","14":"pa_flaschenart-hdpe-flasche","15":"pa_flaschenart-glasflasche-din18","16":"pa_milliliter-30-ml","17":"pa_milliliter-50-ml","18":"pa_milliliter-100-ml","19":"pa_milliliter-250-ml","20":"pa_milliliter-500-ml","21":"pa_milliliter-1000-ml","23":"first","24":"instock","25":"taxable","26":"shipping-taxable","27":"purchasable","28":"product-type-variable"},"_links":{"self":[{"href":"https:\/\/shop.nlq24.eu\/de\/wp-json\/wp\/v2\/product\/115","targetHints":{"allow":["GET"]}}],"collection":[{"href":"https:\/\/shop.nlq24.eu\/de\/wp-json\/wp\/v2\/product"}],"about":[{"href":"https:\/\/shop.nlq24.eu\/de\/wp-json\/wp\/v2\/types\/product"}],"replies":[{"embeddable":true,"href":"https:\/\/shop.nlq24.eu\/de\/wp-json\/wp\/v2\/comments?post=115"}],"wp:featuredmedia":[{"embeddable":true,"href":"https:\/\/shop.nlq24.eu\/de\/wp-json\/wp\/v2\/media\/87530"}],"wp:attachment":[{"href":"https:\/\/shop.nlq24.eu\/de\/wp-json\/wp\/v2\/media?parent=115"}],"wp:term":[{"taxonomy":"product_brand","embeddable":true,"href":"https:\/\/shop.nlq24.eu\/de\/wp-json\/wp\/v2\/product_brand?post=115"},{"taxonomy":"product_cat","embeddable":true,"href":"https:\/\/shop.nlq24.eu\/de\/wp-json\/wp\/v2\/product_cat?post=115"},{"taxonomy":"product_tag","embeddable":true,"href":"https:\/\/shop.nlq24.eu\/de\/wp-json\/wp\/v2\/product_tag?post=115"}],"curies":[{"name":"wp","href":"https:\/\/api.w.org\/{rel}","templated":true}]}}