{"id":125,"date":"2019-01-03T20:31:41","date_gmt":"2019-01-03T20:31:41","guid":{"rendered":"https:\/\/www.nlq24.de\/?post_type=product&#038;p=125"},"modified":"2026-02-20T22:41:10","modified_gmt":"2026-02-20T22:41:10","slug":"kaliseife-1-liter-verschiedene-varianten-offen","status":"publish","type":"product","link":"https:\/\/shop.nlq24.eu\/de\/Produkt\/kaliseife-1-liter-verschiedene-varianten-offen\/","title":{"rendered":"Kaliseife 1 Liter &#8211; nat\u00fcrliche Seife"},"content":{"rendered":"<div><strong><span style=\"color: #555555;\">Kaliseife, die nat\u00fcrliche Seife<\/span><\/strong><\/div>\n<div><\/div>\n<div><span style=\"color: #555555;\">Meine Empfehlung: Kaliseife mit Borax und Citronella Duft!<\/span><\/div>\n<div><\/div>\n<div><span style=\"color: #555555;\">Diese reine, traditionelle und nat\u00fcrliche Kaliseife wird aus heimischen, pflanzlichen \u00d6len und Kali sowie zudem nachhaltig hergestellt. Dabei enth\u00e4lt sie 15% Kali in Brunnenwasser. Diese Seife ist frei von Tensiden. Je nach Auswahl der Sorte, sind Duftstoffe enthalten. In der Kaliseife natur und der Kaliseife Borax sind keine Duftstoffe enthalten.<\/span><\/div>\n<div>\n<p>Bei der Herstellung wurde ohne chemische Hilfsmittel gearbeitet. Die Seife ist sehr aktiv reinigend und gut vertr\u00e4glich. Daher eignet sie sich ideal zur pflegenden Reinigung von PVC-, Stein-, Holz- Linolium- und Fliesenb\u00f6den und M\u00f6beln. Auch als Flecken &#8211; L\u00f6ser auf Teppichen sowie auch auf Bekleidung, ist sie ebenfalls sehr gut geeignet. Jedoch solltest du diese nicht auf unversiegelten Holzb\u00f6den benutzen.<\/p>\n<\/div>\n<div><\/div>\n<div><strong>Dosierung von Kaliseife &#8211; nat\u00fcrliche Seife:<\/strong><\/div>\n<div>F\u00fcgen auf 10 Liter Putzwasser, 50 ml Kalkiseife hinzu. Bei starker Verschmutzung kannst du diese nat\u00fcrliche Seife aber auch ebenso h\u00f6her dosieren. Als Oberfl\u00e4chenschutz kannst du sie sogar unverd\u00fcnnt aufpolieren.<\/div>\n<div><\/div>\n<div>Inhaltsstoffe nach Detergenzienverordnung finden Sie hier: <a href=\"https:\/\/shop.nlq24.eu\/datenblaetter-nach-detergenzienverordnung\/?preview=true\" data-link-type=\"tree\" data-type=\"linkpicker\" data-cke-saved-href=\"http:\/\/www.neue-lebensqualitaet.com\/epages\/neue-lebensqualitaet.sf\/?ObjectPath=\/Shops\/neue-lebensqualitaet\/Categories\/Kaliseife\/Kaliseife_Inhaltsstoffe_Datenblatt\">Datenbl\u00e4tter nach Detergenzienverordnung<\/a><\/div>\n<div><\/div>\n<div><\/div>\n<div>\n<div><strong><img loading=\"lazy\" decoding=\"async\" class=\"alignnone size-full wp-image-1675\" src=\"https:\/\/shop.nlq24.eu\/wp-content\/uploads\/2018\/09\/Achtung-Gefahrzeichen-Pictogram.jpg\" alt=\"\" width=\"77\" height=\"77\" \/><br \/>\nAchtung<\/strong><\/div>\n<div>\n<p>Verursacht Hautreizungen, Kann allergische Hautreaktionen verursachen Verursacht schwere Augenreizungen,\u00a0 Schutzhandschuhe\/Augenschutz\/Gesichtsschutz tragen. BEI KONTAKT MIT DEN AUGEN: einige Minuten behutsam mit Wasser sp\u00fclen. Eventuell Kontaktlinsen entfernen. Weiter sp\u00fclen. Augenkontakt vermeiden. K\u00fchl und frostfrei, verschlossen und f\u00fcr Kinder unerreichbar aufbewahren. Vor Gebrauch sch\u00fctteln. Nur im Original Gebinde verwenden.<\/p>\n<\/div>\n<div>\n<div>\n<div><strong>Verwendungszweck\/Eigenschaften:<\/strong><\/div>\n<div>Reinigungs- und Pflegemittel f\u00fcr wasserfeste Oberfl\u00e4chen und Textilien. In Wasser leicht l\u00f6sliches Konzentrat, auf der Grundlage von aus Pflanzen\u00f6l hergestellter Seife.<\/div>\n<div><\/div>\n<div><strong>Zusammensetzung:<br \/>\n<\/strong>Wasser, Raps\u00f6l als Seife (Kaliumoleat) , Kaliumhydroxid, Citronens\u00e4ure.<\/div>\n<div><strong>Angaben nach <\/strong><strong>Detergenzien Verordnung:<\/strong><br \/>\n&gt;60% Wasser, 15-30% Seife, &lt;1% \u00e4therisches \u00d6l, &lt;5% andere.<\/div>\n<p><strong>Verpackung:<\/strong> Flasche aus Polyethylen.<\/p>\n<\/div>\n<div><strong>Diese nat\u00fcrliche Kaliseife gibt in verschiedenen Varianten:<\/strong><\/div>\n<div>Kaliseife Natur<\/div>\n<div>&#8211; mit Citronella Duft,<\/div>\n<div>&#8211; mit Lavendel Duft<br \/>\n&#8211; mit Borax,<\/div>\n<div>&#8211; mit Borax und Citronella Duft,<\/div>\n<\/div>\n<\/div>\n","protected":false},"excerpt":{"rendered":"<p>Kaliseife in verschiedenen Varianten verf\u00fcgbar.<\/p>\n","protected":false},"featured_media":4368,"comment_status":"open","ping_status":"closed","template":"","meta":[],"product_brand":[],"product_cat":[81,137],"product_tag":[650,76,651,259,263],"class_list":{"0":"post-125","1":"product","2":"type-product","3":"status-publish","4":"has-post-thumbnail","6":"product_cat-alle-produkte-im-ueberblick","7":"product_cat-kaliseife","8":"product_tag-citronella","9":"product_tag-borax","10":"product_tag-duft","11":"product_tag-kaliseife","12":"product_tag-kali-borax-seife","13":"product_shipping_class-standard","15":"first","16":"instock","17":"taxable","18":"shipping-taxable","19":"purchasable","20":"product-type-variable"},"_links":{"self":[{"href":"https:\/\/shop.nlq24.eu\/de\/wp-json\/wp\/v2\/product\/125","targetHints":{"allow":["GET"]}}],"collection":[{"href":"https:\/\/shop.nlq24.eu\/de\/wp-json\/wp\/v2\/product"}],"about":[{"href":"https:\/\/shop.nlq24.eu\/de\/wp-json\/wp\/v2\/types\/product"}],"replies":[{"embeddable":true,"href":"https:\/\/shop.nlq24.eu\/de\/wp-json\/wp\/v2\/comments?post=125"}],"wp:featuredmedia":[{"embeddable":true,"href":"https:\/\/shop.nlq24.eu\/de\/wp-json\/wp\/v2\/media\/4368"}],"wp:attachment":[{"href":"https:\/\/shop.nlq24.eu\/de\/wp-json\/wp\/v2\/media?parent=125"}],"wp:term":[{"taxonomy":"product_brand","embeddable":true,"href":"https:\/\/shop.nlq24.eu\/de\/wp-json\/wp\/v2\/product_brand?post=125"},{"taxonomy":"product_cat","embeddable":true,"href":"https:\/\/shop.nlq24.eu\/de\/wp-json\/wp\/v2\/product_cat?post=125"},{"taxonomy":"product_tag","embeddable":true,"href":"https:\/\/shop.nlq24.eu\/de\/wp-json\/wp\/v2\/product_tag?post=125"}],"curies":[{"name":"wp","href":"https:\/\/api.w.org\/{rel}","templated":true}]}}