{"id":127,"date":"2018-11-21T11:06:46","date_gmt":"2018-11-21T11:06:46","guid":{"rendered":"https:\/\/www.nlq24.de\/?post_type=product&#038;p=127"},"modified":"2025-11-18T09:18:37","modified_gmt":"2025-11-18T09:18:37","slug":"natron-natriumhydrogencarbonat-feinstes-pulver-verschiedene-varianten-zur-auswahl","status":"publish","type":"product","link":"https:\/\/shop.nlq24.eu\/de\/Produkt\/natron-natriumhydrogencarbonat-feinstes-pulver-verschiedene-varianten-zur-auswahl\/","title":{"rendered":"Natron &#8211; feines Pulver"},"content":{"rendered":"\t<div class=\"img has-hover x md-x lg-x y md-y lg-y\" id=\"image_1637453995\">\n\t\t\t\t\t\t<div data-animate=\"fadeInLeft\">\t\t<div class=\"img-inner image-blur box-shadow-1 dark\" >\n\t\t\t<img loading=\"lazy\" decoding=\"async\" width=\"533\" height=\"533\" src=\"https:\/\/shop.nlq24.eu\/wp-content\/uploads\/2018\/11\/Natao-Logo-Vektor2.png\" class=\"attachment-large size-large\" alt=\"\" srcset=\"https:\/\/shop.nlq24.eu\/wp-content\/uploads\/2018\/11\/Natao-Logo-Vektor2.png 533w, https:\/\/shop.nlq24.eu\/wp-content\/uploads\/2018\/11\/Natao-Logo-Vektor2-247x247.png 247w, https:\/\/shop.nlq24.eu\/wp-content\/uploads\/2018\/11\/Natao-Logo-Vektor2-100x100.png 100w, https:\/\/shop.nlq24.eu\/wp-content\/uploads\/2018\/11\/Natao-Logo-Vektor2-466x466.png 466w\" sizes=\"auto, (max-width: 533px) 100vw, 533px\" \/>\t\t\t\t\t\t\n\t\t\t\t\t<\/div>\n\t\t<\/div>\t\t\t\t\t\t\n<style>\n#image_1637453995 {\n  width: 15%;\n}\n<\/style>\n\t<\/div>\n\t\n<p><b>Natron &#8211; Natriumhydrogencarbonat<\/b> feines Pulver<\/p>\n<p>Dieses Natronpulver wird aus<span class=\"svelte-1fz0gqk\">\u00a0<\/span><strong class=\"svelte-1fz0gqk\"><span class=\"svelte-1fz0gqk\">nat\u00fcrlichen<\/span><\/strong><span class=\"svelte-1fz0gqk\"> Rohstoffen wie Kalkstein und Salz synthetisch gewonnen<\/span> und stammt aus zwei Hauptabbaugebieten : dem Salzfeld von Lenoncourt, das sich in Art-sur-Meurthe, Cerville und Lenoncourt befindet, und dem Kalksteinabbau in der Grube von Pagny-sur-Meuse in Frankreich. Diese direkten Zug\u00e4nge zu den Rohstoffen erm\u00f6glichen der Fabrik in La Madeleine, im Herzen der Lorraine, eine kontinuierliche und qualitativ hochwertige Produktion. Es<span class=\"qa-highlight svelte-x57wqa\"><span class=\"svelte-x57wqa\">\u00a0hat Lebensmittelqualit\u00e4t.<\/span><\/span><\/p>\n<p>Es ist also <strong>kein<\/strong> Abfallprodukt aus der <strong>chemischen<\/strong> Industrie und hat somit einen ganz anderen Stellenwert, wie &#8222;Abfall Natron&#8220;. So bezeichne ich es mal.<\/p>\n<p>Natriumhydrogencarbonat, auch &#8222;Baking Soda&#8220; genannt, neutralisiert S\u00e4uren. Im Gegensatz zu granuliertem, groben Natron, ist dieses Natron feiner und kann daher f\u00fcr bestimmte Verwendungen einfacher genutzt werden.<\/p>\n<p>Natron bindet und neutralisiert S\u00e4uren (z.B. im Teichwasser). Somit wird hartes Wasser damit weicher. Es beseitigt unangenehme Ger\u00fcche im K\u00fchlschrank. Bindet Fisch- und Zwiebelger\u00fcche an H\u00e4nden und Geschirr. F\u00fcge dem Abwaschwasser eine Prise bei. Auch f\u00fcr klares Wasser im Pool sorgt es. Hierbei benutzt man 1 kg auf 10 Kubikmeter Wasser. Es h\u00e4lt damit den pH-Wert im optimalen Bereich. Dadurch gibt es beim Schwimmen keine brennenden Augen mehr. Natron kann noch vielf\u00e4ltiger benutzt werden.<\/p>\n<p>Dieses Natron ist frei von Aluminium und anderen Chemikalien. Es ist gut l\u00f6sbar.<\/p>\n<p>Die Verschl\u00fcsse sind auch zum Wiederverschlie\u00dfen geeignet.<\/p>\n<p><strong>Natron sollte man nicht mit <a href=\"https:\/\/shop.nlq24.eu\/produkt\/soda-natriumcarbonat-pulver-reines-pulver-verschiedene-varianten\/\" target=\"_blank\" rel=\"noopener noreferrer\">Soda<\/a> (Natriumcarbonat) verwechseln.<br \/>\n<\/strong>Soda ist n\u00e4mlich 4 mal st\u00e4rker als Natron und f\u00fchrt daher in den basischen Bereich.<strong><br \/>\n<\/strong><\/p>\n<p><strong>Hinweise:<\/strong> Natron-Pulver reizt die Augen nach Ber\u00fchrung. Bei Ber\u00fchrung mit den Augen, sofort mit klarem Wasser sp\u00fclen. Vor Hitze und Feuchtigkeit gesch\u00fctzt lagern.<\/p>\n<p><strong>Verschiedene Mengen zur Auswahl:<\/strong><br \/>\n50 g im Standbodenbeutel (f\u00fcr unterwegs)<br \/>\n200 g in HDPE-Dose<br \/>\n200 g im PE Beutel<br \/>\n250 g PE Beutel<br \/>\n500 g PE Beutel<br \/>\n700 g in HDPE-Dose (Pulver fein und gut l\u00f6sbar, Verschluss auch zum Wiederverschlie\u00dfen geeignet.)<br \/>\n1500 g in HDPE-Dose oder PE Beutel<\/p>\n","protected":false},"excerpt":{"rendered":"<p>Natron (Natriumhydrogencarbonat), feinstes Pulver, in verschiedenen Mengen<\/p>\n","protected":false},"featured_media":6471,"comment_status":"open","ping_status":"closed","template":"","meta":[],"product_brand":[],"product_cat":[38,40,81],"product_tag":[208,209,211,212,555],"class_list":{"0":"post-127","1":"product","2":"type-product","3":"status-publish","4":"has-post-thumbnail","6":"product_cat-mineralien","7":"product_cat-natron","8":"product_cat-alle-produkte-im-ueberblick","9":"product_tag-natron","10":"product_tag-natriumbicarbonat","11":"product_tag-natriumhydrogencarbonat","12":"product_tag-bakingsoda","13":"product_tag-kaisernatron","14":"product_shipping_class-standard","15":"pa_dose-oder-beutel-pe-beutel","16":"pa_dose-oder-beutel-in-dose","17":"pa_gramm-150-g","18":"pa_gramm-171","19":"pa_gramm-50-g","20":"pa_gramm-173","21":"pa_gramm-174","22":"pa_gramm-177","23":"pa_gramm-178","24":"pa_gramm-180","26":"first","27":"instock","28":"taxable","29":"shipping-taxable","30":"purchasable","31":"product-type-variable"},"_links":{"self":[{"href":"https:\/\/shop.nlq24.eu\/de\/wp-json\/wp\/v2\/product\/127","targetHints":{"allow":["GET"]}}],"collection":[{"href":"https:\/\/shop.nlq24.eu\/de\/wp-json\/wp\/v2\/product"}],"about":[{"href":"https:\/\/shop.nlq24.eu\/de\/wp-json\/wp\/v2\/types\/product"}],"replies":[{"embeddable":true,"href":"https:\/\/shop.nlq24.eu\/de\/wp-json\/wp\/v2\/comments?post=127"}],"wp:featuredmedia":[{"embeddable":true,"href":"https:\/\/shop.nlq24.eu\/de\/wp-json\/wp\/v2\/media\/6471"}],"wp:attachment":[{"href":"https:\/\/shop.nlq24.eu\/de\/wp-json\/wp\/v2\/media?parent=127"}],"wp:term":[{"taxonomy":"product_brand","embeddable":true,"href":"https:\/\/shop.nlq24.eu\/de\/wp-json\/wp\/v2\/product_brand?post=127"},{"taxonomy":"product_cat","embeddable":true,"href":"https:\/\/shop.nlq24.eu\/de\/wp-json\/wp\/v2\/product_cat?post=127"},{"taxonomy":"product_tag","embeddable":true,"href":"https:\/\/shop.nlq24.eu\/de\/wp-json\/wp\/v2\/product_tag?post=127"}],"curies":[{"name":"wp","href":"https:\/\/api.w.org\/{rel}","templated":true}]}}