{"id":1276,"date":"2019-01-14T03:50:23","date_gmt":"2019-01-14T03:50:23","guid":{"rendered":"https:\/\/www.nlq24.de\/?post_type=product&#038;p=1276"},"modified":"2020-01-16T19:08:11","modified_gmt":"2020-01-16T19:08:11","slug":"verschluss-mit-giessring-fuer-glasflasche-pp28-flasche-mit-grosser-muendung","status":"publish","type":"product","link":"https:\/\/shop.nlq24.eu\/de\/Produkt\/verschluss-mit-giessring-fuer-glasflasche-pp28-flasche-mit-grosser-muendung\/","title":{"rendered":"Verschluss mit Gie\u00dfring f\u00fcr Flaschennorm PP28"},"content":{"rendered":"<p>Verschluss mit Gie\u00dfring, f\u00fcr Glasflasche PP28 (Flasche mit gro\u00dfer M\u00fcndung)<\/p>\n<p>Dieser Verschluss mit Gie\u00dfring ist f\u00fcr die Nutzung auf einer Glasflasche PP28 ausgelegt. Das Verschlussmaterial ist PE<strong>. <\/strong>Dieser wei\u00dfe Schraubverschluss ist mit einer Originalit\u00e4tssicherung (Abreissring) ausgestattet. Dies hat folgende Vorteile. Erstens: Dieser Ring rei\u00dft beim ersten \u00d6ffnen der Flasche ab. Zweitens, kann man durch das Abreissen erkennen, dass die Flasche nicht mehr original verschlossen ist.<\/p>\n<p>Der im Deckel integrierte Gie\u00dfring, welcher in der Flasche verbleibt, <strong>garaniert ein sauberes Ausgie\u00dfen der Fl\u00fcssigkeit aus der Flasche<\/strong>. Er <strong>verhindert<\/strong> n\u00e4mlich, dass die <strong>Fl\u00fcssigkeit au\u00dfen am Flaschenhals herunter l\u00e4uft<\/strong>. Eine saubere Sache. Er ist auch f\u00fcr CDH3000 geeignet. Er ist allerdings <em>nicht mit Doser-Einsatz verwendbar<\/em>. Das liegt daran, dass sich der im Verschluss befindliche Gie\u00dfring-Einsatz beim ersten Zuschrauben der Flasche in dieser verbleibt.<\/p>\n","protected":false},"excerpt":{"rendered":"<p>Verschluss mit Gie\u00dfring f\u00fcr Glasflasche PP28<\/p>\n","protected":false},"featured_media":4240,"comment_status":"open","ping_status":"closed","template":"","meta":[],"product_brand":[],"product_cat":[81,113,327],"product_tag":[111,533,708,709],"class_list":{"0":"post-1276","1":"product","2":"type-product","3":"status-publish","4":"has-post-thumbnail","6":"product_cat-alle-produkte-im-ueberblick","7":"product_cat-verschluesse-fuer-pp28-glasflaschen","8":"product_cat-verschluesse-und-zubehoer","9":"product_tag-verschluss","10":"product_tag-pp28","11":"product_tag-giessring","12":"product_tag-deckel-pp28","13":"product_shipping_class-standard","15":"first","16":"instock","17":"taxable","18":"shipping-taxable","19":"purchasable","20":"product-type-simple"},"_links":{"self":[{"href":"https:\/\/shop.nlq24.eu\/de\/wp-json\/wp\/v2\/product\/1276","targetHints":{"allow":["GET"]}}],"collection":[{"href":"https:\/\/shop.nlq24.eu\/de\/wp-json\/wp\/v2\/product"}],"about":[{"href":"https:\/\/shop.nlq24.eu\/de\/wp-json\/wp\/v2\/types\/product"}],"replies":[{"embeddable":true,"href":"https:\/\/shop.nlq24.eu\/de\/wp-json\/wp\/v2\/comments?post=1276"}],"wp:featuredmedia":[{"embeddable":true,"href":"https:\/\/shop.nlq24.eu\/de\/wp-json\/wp\/v2\/media\/4240"}],"wp:attachment":[{"href":"https:\/\/shop.nlq24.eu\/de\/wp-json\/wp\/v2\/media?parent=1276"}],"wp:term":[{"taxonomy":"product_brand","embeddable":true,"href":"https:\/\/shop.nlq24.eu\/de\/wp-json\/wp\/v2\/product_brand?post=1276"},{"taxonomy":"product_cat","embeddable":true,"href":"https:\/\/shop.nlq24.eu\/de\/wp-json\/wp\/v2\/product_cat?post=1276"},{"taxonomy":"product_tag","embeddable":true,"href":"https:\/\/shop.nlq24.eu\/de\/wp-json\/wp\/v2\/product_tag?post=1276"}],"curies":[{"name":"wp","href":"https:\/\/api.w.org\/{rel}","templated":true}]}}