{"id":128,"date":"2018-11-08T21:47:10","date_gmt":"2018-11-08T21:47:10","guid":{"rendered":"https:\/\/www.nlq24.de\/?post_type=product&#038;p=128"},"modified":"2024-12-12T19:40:50","modified_gmt":"2024-12-12T19:40:50","slug":"soda-natriumcarbonat-pulver-reines-pulver-verschiedene-varianten","status":"publish","type":"product","link":"https:\/\/shop.nlq24.eu\/de\/Produkt\/soda-natriumcarbonat-pulver-reines-pulver-verschiedene-varianten\/","title":{"rendered":"Soda (Natriumcarbonat) reines Pulver"},"content":{"rendered":"<p><strong>Soda &#8211; Natriumcarbonat Pulver (Waschsoda) Na2CO3<\/strong><\/p>\n<p>* reines Pulver, E500<br \/>\n* im PE Beutel oder in der PE-Dose<br \/>\nZum Reinigen, als Wasserenth\u00e4rter, Trocknungsmittel, Geruchsbinder.<br \/>\nSoda sollte <strong>nicht<\/strong> mit Natriumbicarbonat <span style=\"text-decoration: underline; color: #0000ff;\"><strong>(<a style=\"color: #0000ff; text-decoration: underline;\" href=\"https:\/\/shop.nlq24.eu\/produkt\/natron-natriumhydrogencarbonat-feinstes-pulver-verschiedene-varianten-zur-auswahl\/\">Natron<\/a>)<\/strong><\/span> verwechselt werden.<\/p>\n<p><strong>Soda ist 4 mal St\u00e4rker als Natron!<\/strong><br \/>\nEs<br \/>\n* hebt den pH Wert ins Basische (z.B. im Teichwasser)<br \/>\n* F\u00fcr klares Wasser im Pool: 250 g auf 10 Kubikmeter Wasser h\u00e4lt den pH-Wert im optimalen Bereich (keine brennenden Augen mehr).<br \/>\n* frei von Aluminium und anderen Chemikalien<br \/>\n* zum Weichkochen von Lebensmitteln 20 g auf 1 Liter Kochwasser<br \/>\n* statt Sp\u00fclmittel 5 g auf ein Waschbecken geben.<br \/>\n* 1 TL zur Geruchsbeseitigung in Abfl\u00fcsse oder K\u00fchlschrank geben<\/p>\n<p>Soda bildet sich bei der Verdunstung von Wasser, vornehmlich an den R\u00e4ndern von Salzseen.<\/p>\n<p><strong>Hinweise:<\/strong> Pulver reizt die Augen nach Ber\u00fchrung. Bei Ber\u00fchrung mit den Augen, sofort mit klarem Wasser sp\u00fclen. Vor Hitze und Feuchtigkeit gesch\u00fctzt lagern.<\/p>\n<p><strong>Varianten:<\/strong><br \/>\n100 g PE Dose<br \/>\n200 g PE Beutel<br \/>\n500 g PE Beutel<br \/>\n1000 g PE Dose<br \/>\n1000 g Beutel<\/p>\n","protected":false},"excerpt":{"rendered":"<p>Soda (Natriumcarbonat) Pulver, rein, feines Pulver in Varianten<\/p>\n","protected":false},"featured_media":6590,"comment_status":"open","ping_status":"closed","template":"","meta":[],"product_brand":[],"product_cat":[38,81,138],"product_tag":[270,271],"class_list":{"0":"post-128","1":"product","2":"type-product","3":"status-publish","4":"has-post-thumbnail","6":"product_cat-mineralien","7":"product_cat-alle-produkte-im-ueberblick","8":"product_cat-soda","9":"product_tag-natriumcarbonat","10":"product_tag-na2co3","11":"product_shipping_class-standard","12":"pa_dose-oder-beutel-pe-beutel","13":"pa_dose-oder-beutel-in-dose","14":"pa_gramm-171","15":"pa_gramm-173","16":"pa_gramm-176","17":"pa_gramm-177","18":"pa_gramm-179","19":"pa_gramm-1200-g","21":"first","22":"instock","23":"taxable","24":"shipping-taxable","25":"purchasable","26":"product-type-variable"},"_links":{"self":[{"href":"https:\/\/shop.nlq24.eu\/de\/wp-json\/wp\/v2\/product\/128","targetHints":{"allow":["GET"]}}],"collection":[{"href":"https:\/\/shop.nlq24.eu\/de\/wp-json\/wp\/v2\/product"}],"about":[{"href":"https:\/\/shop.nlq24.eu\/de\/wp-json\/wp\/v2\/types\/product"}],"replies":[{"embeddable":true,"href":"https:\/\/shop.nlq24.eu\/de\/wp-json\/wp\/v2\/comments?post=128"}],"wp:featuredmedia":[{"embeddable":true,"href":"https:\/\/shop.nlq24.eu\/de\/wp-json\/wp\/v2\/media\/6590"}],"wp:attachment":[{"href":"https:\/\/shop.nlq24.eu\/de\/wp-json\/wp\/v2\/media?parent=128"}],"wp:term":[{"taxonomy":"product_brand","embeddable":true,"href":"https:\/\/shop.nlq24.eu\/de\/wp-json\/wp\/v2\/product_brand?post=128"},{"taxonomy":"product_cat","embeddable":true,"href":"https:\/\/shop.nlq24.eu\/de\/wp-json\/wp\/v2\/product_cat?post=128"},{"taxonomy":"product_tag","embeddable":true,"href":"https:\/\/shop.nlq24.eu\/de\/wp-json\/wp\/v2\/product_tag?post=128"}],"curies":[{"name":"wp","href":"https:\/\/api.w.org\/{rel}","templated":true}]}}