{"id":12802,"date":"2019-05-13T11:28:55","date_gmt":"2019-05-13T11:28:55","guid":{"rendered":"https:\/\/www.nlq24.de\/?post_type=product&#038;p=12802"},"modified":"2026-02-03T10:15:22","modified_gmt":"2026-02-03T10:15:22","slug":"pipette-84mm-din18","status":"publish","type":"product","link":"https:\/\/shop.nlq24.eu\/de\/Produkt\/pipette-84mm-din18\/","title":{"rendered":"Pipette f\u00fcr Glasflasche DIN18, 84 mm lang, schwarz"},"content":{"rendered":"<p class=\"Normal\"><strong><span class=\"tm6\">Pipette f\u00fcr Glasflasche DIN18, 84 mm L\u00e4nge<br \/>\n<\/span><\/strong><\/p>\n<p>Farbe nach Verf\u00fcgbarkeit.<\/p>\n<p class=\"Normal\">Diese Pipette mit Glasr\u00f6hrchen, eignet sich f\u00fcr Glasflaschen der Gr\u00f6\u00dfe DIN18. Du kannst diese einfach aufschrauben und als Verschluss benutzen. Sie passt zu den DIN18 Glasflaschen in den Gr\u00f6\u00dfen <strong>30 und 50 ml<\/strong>. Nutze sicher zum Abmessen von Tropfen. Mit 84 mm hat diese eine L\u00e4nge, die zur Entnahme gut ausreicht, auch wenn Sie nicht bis an den Boden der Flasche reicht. Durch leichtes Kippen der Flasche kannst du die Fl\u00fcssigkeit trotzdem gut entnehmen. Das Fassungsverm\u00f6gen liegt bei ca. <strong>1,0 ml<\/strong>. Die verwendeten Materialien sind: PE, f\u00fcr den Verschluss, Gummi f\u00fcr den Balg und Glas f\u00fcr das R\u00f6hrchen. Die Pipette ist jedoch nicht f\u00fcr die 10 ml DIN18 Glasflasche geeignet. Zu dieser gibt es eine <a href=\"https:\/\/shop.nlq24.eu\/produkt\/pipette-fuer-10-ml-glasflasche-din18\/\">gesonderte Pipette f\u00fcr 10 ml <\/a>. Der Originalit\u00e4tsring sorgt daf\u00fcr, dass man erkennen kann, wenn die Flasche einmal ge\u00f6ffnet wurde. Er l\u00f6st sich beim ersten \u00d6ffnen der Flasche und verbleibt dann unter dem Verschluss. Die Pipette hat eine Gr\u00f6\u00dfe von 84 x 7,25 mm.<\/p>\n<p class=\"Normal\">Sollten Sie eine Flasche mit einer Pipette ben\u00f6tigen, die bis zum Boden reicht, klicken Sie auf die<u><a href=\"https:\/\/shop.nlq24.eu\/produkt\/glasflasche-din18-slim-braun\/\"> Glasflasche SLIM<\/a><\/u>.<\/p>\n","protected":false},"excerpt":{"rendered":"<p><strong>Pipette f\u00fcr Glasflasche DIN18, 84 cm lang, wei\u00df<\/strong><\/p>\n","protected":false},"featured_media":75932,"comment_status":"open","ping_status":"closed","template":"","meta":[],"product_brand":[],"product_cat":[43,81,843,89,109,327],"product_tag":[712,1444,364,366,388,389,391],"class_list":{"0":"post-12802","1":"product","2":"type-product","3":"status-publish","4":"has-post-thumbnail","6":"product_cat-dosieren-abmessen","7":"product_cat-alle-produkte-im-ueberblick","8":"product_cat-pipetten","9":"product_cat-glasflaschen","10":"product_cat-verschluesse-din18","11":"product_cat-verschluesse-und-zubehoer","12":"product_tag-pipette-standard","13":"product_tag-pipette-fuer-glasflasche-84-mm","14":"product_tag-pipette","15":"product_tag-pipette-fuer-glasflasche-din18","16":"product_tag-glaspipette","17":"product_tag-pipette-fuer-glasflasche","18":"product_tag-tropferpipette","19":"product_shipping_class-standard","21":"first","22":"instock","23":"taxable","24":"shipping-taxable","25":"purchasable","26":"product-type-simple"},"_links":{"self":[{"href":"https:\/\/shop.nlq24.eu\/de\/wp-json\/wp\/v2\/product\/12802","targetHints":{"allow":["GET"]}}],"collection":[{"href":"https:\/\/shop.nlq24.eu\/de\/wp-json\/wp\/v2\/product"}],"about":[{"href":"https:\/\/shop.nlq24.eu\/de\/wp-json\/wp\/v2\/types\/product"}],"replies":[{"embeddable":true,"href":"https:\/\/shop.nlq24.eu\/de\/wp-json\/wp\/v2\/comments?post=12802"}],"wp:featuredmedia":[{"embeddable":true,"href":"https:\/\/shop.nlq24.eu\/de\/wp-json\/wp\/v2\/media\/75932"}],"wp:attachment":[{"href":"https:\/\/shop.nlq24.eu\/de\/wp-json\/wp\/v2\/media?parent=12802"}],"wp:term":[{"taxonomy":"product_brand","embeddable":true,"href":"https:\/\/shop.nlq24.eu\/de\/wp-json\/wp\/v2\/product_brand?post=12802"},{"taxonomy":"product_cat","embeddable":true,"href":"https:\/\/shop.nlq24.eu\/de\/wp-json\/wp\/v2\/product_cat?post=12802"},{"taxonomy":"product_tag","embeddable":true,"href":"https:\/\/shop.nlq24.eu\/de\/wp-json\/wp\/v2\/product_tag?post=12802"}],"curies":[{"name":"wp","href":"https:\/\/api.w.org\/{rel}","templated":true}]}}