{"id":129,"date":"2019-01-19T21:46:15","date_gmt":"2019-01-19T21:46:15","guid":{"rendered":"https:\/\/www.nlq24.de\/?post_type=product&#038;p=129"},"modified":"2026-04-01T20:36:24","modified_gmt":"2026-04-01T20:36:24","slug":"muecken-insektenschutz-hautpflegeoel","status":"publish","type":"product","link":"https:\/\/shop.nlq24.eu\/de\/Produkt\/muecken-insektenschutz-hautpflegeoel\/","title":{"rendered":"M\u00fccken-Insektenschutz-Hautpflege\u00f6l"},"content":{"rendered":"<div>\n<p>Dieses Zitronen-Eukalyptus Hautpflege\u00f6l m\u00f6gen Insekten \u00fcbrigens nicht gern \ud83d\ude09 .<\/p>\n<p>Dieses wertvolle \u00d6l wird von der Firma Naturgut in Deutschland hergestellt.<\/p>\n<p>&nbsp;<\/p>\n<h3>Mit den besonders wertvollen BIO-Hautpflege\u00f6len Argan\u00f6l und Nachtkerzen\u00f6l<\/h3>\n<p>Pflege deine Haut einfach durch leichtes Auftragen. Dieses \u00d6l wurde speziell f\u00fcr den Outdoor Bereich entwickelt. Diese effektives Hautpflege-\u00d6l hat zudem einen hohen Anteil an hautpflegender \u00d6ls\u00e4ure und Linols\u00e4ure. Das gibt ein geschmeidiges Hautgef\u00fchl. Der nat\u00fcrlicher Duftstoff besteht aus \u00e4therischem \u00d6l und bringt eine wirksame Schutzkugel aus nat\u00fcrlichem Duft. Zudem h\u00e4lt es die Haut einfach hygienisch. Und das alles ohne Farb- und Konservierungsstoffe!<\/p>\n<p>Eine erlesene Auswahl an Pflege\u00f6len zum Schutz und Pflege der Haut beinhaltet auch das Cocos-\u00d6l. Es hat eine beruhigende Wirkung auf die Haut und duftet angenehm. Das milde und pflegende Sonnenblumen\u00f6l zieht schnell ein und sch\u00fctzt die Haut.<\/p>\n<p>Der reine Pflanzenwirkstoff PMD 19 aus Zitronen-Eukalyptus, hat einen nat\u00fcrlich frischen und zitrusartigen Duft und h\u00e4lt nebenbei kleine Plagegeister auf Abstand<\/p>\n<p>Der vitalisierende Duft hat viele positive Eigenschaften f\u00fcr den Menschen.<\/p>\n<p>&nbsp;<\/p>\n<p><b><strong>Anwendung<\/strong><\/b>: Vor Gebrauch sch\u00fctteln. Tragen das Hautpflege-\u00d6l d\u00fcnn auf und massiere es leicht in die Haut ein.<\/p>\n<\/div>\n<div><\/div>\n<h3 class=\"Normal\"><strong><span class=\"tm5\">Verf\u00fcgbare Varianten:<\/span><\/strong><\/h3>\n<p class=\"Normal\"><strong><span class=\"tm5\"><br \/>\n<\/span><\/strong>100 ml Flasche mit Spr\u00fchkopf oder<\/p>\n<p class=\"Normal\">50 ml Roll-on-Stick<\/p>\n<p>Ich verwende diese wunderbare Kombination auch selbst und bin damit sehr zufrieden. Es hat mich damals in Schwedne<\/p>\n","protected":false},"excerpt":{"rendered":"<p>Zitronen-Eukalyptus Hautpflege\u00f6l<\/p>\n","protected":false},"featured_media":79367,"comment_status":"open","ping_status":"closed","template":"","meta":[],"product_brand":[],"product_cat":[37,81],"product_tag":[268,603,605],"class_list":{"0":"post-129","1":"product","2":"type-product","3":"status-publish","4":"has-post-thumbnail","6":"product_cat-aetherische-oele","7":"product_cat-alle-produkte-im-ueberblick","8":"product_tag-mueckenschutz","9":"product_tag-stechmuecken","10":"product_tag-zeckenschutz","11":"product_shipping_class-standard","13":"first","14":"instock","15":"taxable","16":"shipping-taxable","17":"purchasable","18":"product-type-variable","19":"has-default-attributes"},"_links":{"self":[{"href":"https:\/\/shop.nlq24.eu\/de\/wp-json\/wp\/v2\/product\/129","targetHints":{"allow":["GET"]}}],"collection":[{"href":"https:\/\/shop.nlq24.eu\/de\/wp-json\/wp\/v2\/product"}],"about":[{"href":"https:\/\/shop.nlq24.eu\/de\/wp-json\/wp\/v2\/types\/product"}],"replies":[{"embeddable":true,"href":"https:\/\/shop.nlq24.eu\/de\/wp-json\/wp\/v2\/comments?post=129"}],"wp:featuredmedia":[{"embeddable":true,"href":"https:\/\/shop.nlq24.eu\/de\/wp-json\/wp\/v2\/media\/79367"}],"wp:attachment":[{"href":"https:\/\/shop.nlq24.eu\/de\/wp-json\/wp\/v2\/media?parent=129"}],"wp:term":[{"taxonomy":"product_brand","embeddable":true,"href":"https:\/\/shop.nlq24.eu\/de\/wp-json\/wp\/v2\/product_brand?post=129"},{"taxonomy":"product_cat","embeddable":true,"href":"https:\/\/shop.nlq24.eu\/de\/wp-json\/wp\/v2\/product_cat?post=129"},{"taxonomy":"product_tag","embeddable":true,"href":"https:\/\/shop.nlq24.eu\/de\/wp-json\/wp\/v2\/product_tag?post=129"}],"curies":[{"name":"wp","href":"https:\/\/api.w.org\/{rel}","templated":true}]}}