{"id":135,"date":"2018-11-09T08:27:55","date_gmt":"2018-11-09T08:27:55","guid":{"rendered":"https:\/\/www.nlq24.de\/?post_type=product&#038;p=135"},"modified":"2025-11-12T11:35:10","modified_gmt":"2025-11-12T11:35:10","slug":"magnesiumoel-31-verschiedene-mengen","status":"publish","type":"product","link":"https:\/\/shop.nlq24.eu\/de\/Produkt\/magnesiumoel-31-verschiedene-mengen\/","title":{"rendered":"Magnesium\u00f6l, w\u00e4ssrige Magnesiumchlorid-L\u00f6sung 31%"},"content":{"rendered":"<p class=\"Normal\"><strong><u><span class=\"tm5\">Magnesiumchlorid, w\u00e4ssrige L\u00f6sung 31% &#8222;Magnesium\u00f6l&#8220;<\/span><\/u><\/strong><\/p>\n<p class=\"Normal\">Diese Magnesiumchlorid L\u00f6sung wurde mit nat\u00fcrlichem Magnesiumchlorid (MgCl2) aus dem Toten Meer hergestellt. Diese L\u00f6sung hat einen Anteil von 31 % reinem Magnesium-Chlorid. Nat\u00fcrliche Qualit\u00e4t in einer braunen Glasflasche. F\u00fcr den Wasseranteil wurde destilliertes Wasser verwendet. Es handelt sich um reines &#8222;Magnesium-\u00d6l&#8220; ohne weitere Zus\u00e4tze. Nat\u00fcrlich und ohne Konservierungsstoffe. Diese Mischung ist auch unter dem Namen &#8222;Magnesium-Sole&#8220; und &#8222;Magnesium\u00f6l&#8220; bekannt. Magnesium\u00f6l&#8220; hei\u00dft es, nicht etwa, weil dort \u00d6l enthalten ist, sondern weil es sich \u00f6lig anf\u00fchlt.<\/p>\n<p>&nbsp;<\/p>\n<p>Ich empfehle jedoch die noch vollwertigere L\u00f6sung <a href=\"https:\/\/shop.nlq24.eu\/de\/produkt\/mkb-magnesium-kalium-borax-mischung-in-glasflasche-100-ml\/\">MKB Vital<\/a><\/p>\n<div><\/div>\n<div>\n<div><img loading=\"lazy\" decoding=\"async\" class=\"alignnone size-full wp-image-55159\" src=\"https:\/\/shop.nlq24.eu\/wp-content\/uploads\/2019\/01\/Achtung-Ausrufezeichen-71x71-1.jpg\" alt=\"\" width=\"71\" height=\"71\" \/><strong><br \/>\nAchtung<\/strong><\/div>\n<p class=\"Normal\"><strong><span class=\"tm5\">Gefahrenhinweise:<br \/>\n<\/span><\/strong>Verursacht Hautreizungen.\u00a0Verursacht schwere Augenreizungen.<\/p>\n<p class=\"Normal\">Beispiel zur Verwendung:<br \/>\nZur Anhebung der Magnesium-Konzentration in Aquarien\/Teichen<\/p>\n<p class=\"Normal\"><strong><span class=\"tm5\">Folgende Varianten sind m\u00f6glich:<br \/>\n<\/span><\/strong>50 ml Glas- PP- oder HDPE- Flasche mit Tropfer<br \/>\n100 ml Glas- PP- oder HDPE- Flasche mit Tropfer oder zus\u00e4tzlichem Spray-Aufsatz<br \/>\n200 ml HDPE Flasche wei\u00df mit Tropferspitze<br \/>\n250 ml Glasflasche PP28 ohne Tropfer<br \/>\n500 ml Glasflasche PP28 ohne Tropfer<br \/>\n1000 ml Glasflasche PP28 ohne Tropfer<\/p>\n<p>&nbsp;<\/p>\n<\/div>\n","protected":false},"excerpt":{"rendered":"<p>Magnesiumchlorid, w\u00e4ssrige L\u00f6sung 31% &#8222;Magnesium\u00f6l&#8220;<\/p>\n","protected":false},"featured_media":5062,"comment_status":"open","ping_status":"closed","template":"","meta":[],"product_brand":[],"product_cat":[81,145],"product_tag":[666,74,139,140,141],"class_list":{"0":"post-135","1":"product","2":"type-product","3":"status-publish","4":"has-post-thumbnail","6":"product_cat-alle-produkte-im-ueberblick","7":"product_cat-magnesium-produkte","8":"product_tag-mgcl2","9":"product_tag-magnesium","10":"product_tag-magnesiumflocken","11":"product_tag-magnesiumchlorid","12":"product_tag-hexahydrat","13":"product_shipping_class-standard","14":"pa_flaschenart-hdpe-flasche","15":"pa_flaschenart-glasflasche-din18","16":"pa_flaschenart-glasflasche-pp28","17":"pa_flaschenart-pp-flasche-halbtransparent","18":"pa_milliliter-1000-ml","19":"pa_milliliter-200-ml","20":"pa_milliliter-50-ml","21":"pa_milliliter-100-ml","22":"pa_milliliter-250-ml","23":"pa_milliliter-500-ml","25":"first","26":"instock","27":"taxable","28":"shipping-taxable","29":"purchasable","30":"product-type-variable"},"_links":{"self":[{"href":"https:\/\/shop.nlq24.eu\/de\/wp-json\/wp\/v2\/product\/135","targetHints":{"allow":["GET"]}}],"collection":[{"href":"https:\/\/shop.nlq24.eu\/de\/wp-json\/wp\/v2\/product"}],"about":[{"href":"https:\/\/shop.nlq24.eu\/de\/wp-json\/wp\/v2\/types\/product"}],"replies":[{"embeddable":true,"href":"https:\/\/shop.nlq24.eu\/de\/wp-json\/wp\/v2\/comments?post=135"}],"wp:featuredmedia":[{"embeddable":true,"href":"https:\/\/shop.nlq24.eu\/de\/wp-json\/wp\/v2\/media\/5062"}],"wp:attachment":[{"href":"https:\/\/shop.nlq24.eu\/de\/wp-json\/wp\/v2\/media?parent=135"}],"wp:term":[{"taxonomy":"product_brand","embeddable":true,"href":"https:\/\/shop.nlq24.eu\/de\/wp-json\/wp\/v2\/product_brand?post=135"},{"taxonomy":"product_cat","embeddable":true,"href":"https:\/\/shop.nlq24.eu\/de\/wp-json\/wp\/v2\/product_cat?post=135"},{"taxonomy":"product_tag","embeddable":true,"href":"https:\/\/shop.nlq24.eu\/de\/wp-json\/wp\/v2\/product_tag?post=135"}],"curies":[{"name":"wp","href":"https:\/\/api.w.org\/{rel}","templated":true}]}}