{"id":14,"date":"2018-07-24T12:40:50","date_gmt":"2018-07-24T12:40:50","guid":{"rendered":"https:\/\/www.nlq24.de\/?post_type=product&#038;p=14"},"modified":"2026-01-19T10:29:15","modified_gmt":"2026-01-19T10:29:15","slug":"natriumchlorit-25-loesung","status":"publish","type":"product","link":"https:\/\/shop.nlq24.eu\/de\/Produkt\/natriumchlorit-25-loesung\/","title":{"rendered":"Natriumchlorit L\u00f6sung 25%"},"content":{"rendered":"<p class=\"Normal\">Diese Natriumchlorit L\u00f6sung 25% ist ein Qualit\u00e4tsprodukt. Es entspricht DIN EN 938 Typ 1.<\/p>\n<p><span class=\"style7\">Gefahren- und Sicherheitshinweise f\u00fcr<br \/>\n<strong>Natriumchlorit L\u00f6sung 25 %<\/strong><strong><br \/>\n<\/strong> <strong><img loading=\"lazy\" decoding=\"async\" class=\"\" src=\"https:\/\/shop.nlq24.eu\/wp-content\/uploads\/2018\/09\/Achtung-Gefahrzeichen-Pictogram.jpg\" alt=\"\" width=\"67\" height=\"67\" \/><br \/>\nAchtung\u00a0 \u00a0 \u00a0 \u00a0<\/strong><\/span><\/p>\n<p class=\"Standard_1\"><span class=\"tm6\">Gefahren- und Sicherheitshinweise:<\/span><\/p>\n<p class=\"Standard_1\"><span class=\"tm6\">Vor Gebrauch stets Etikett + Produktinformationen lesen.<\/span><\/p>\n<p class=\"Standard_1\"><span class=\"tm6\">Entwickelt bei Ber\u00fchrung mit S\u00e4ure sehr giftige Gase. Gesundheitssch\u00e4dlich bei Verschlucken. Verursacht schwere Augenreizung. Gesundheitssch\u00e4dlich bei Einatmen. Gas\/Nebel\/Dampf\/Aerosol nicht einatmen. Darf nicht in die H\u00e4nde von Kindern gelangen.<\/span><\/p>\n<p class=\"Standard_1\"><span class=\"tm6\">Schutzhandschuhe\/Schutzkleidung, Augenschutz\/Gesichtsschutz tragen. Nur in Original Verpackung unter Verschluss aufbewahren. Bei Verschlucken: Sofort Giftinformationszentrum oder Arzt anrufen. Bei Kontakt mit den Augen: Einige Minuten lang behutsam mit Wasser aussp\u00fclen. Eventuell vorhandene Kontaktlinsen nach M\u00f6glichkeit entfernen. Weiter aussp\u00fclen. Ist \u00e4rztlicher Rat erforderlich, Kennzeichnungsetikett bereithalten.<\/span><\/p>\n<p class=\"Standard_1\"><span class=\"tm6\">\u00a0<\/span><\/p>\n<p class=\"Normal tm7\"><span class=\"tm8\">Dieses Gemisch enth\u00e4lt keine Stoffe, die als PBT- oder vPvB-Stoff beurteilt werden.<\/span><\/p>\n<p>Diese L\u00f6sung hat einen pH Wert unter 11.<\/p>\n<p>&#8211;<\/p>\n<p>&nbsp;<\/p>\n<p>Suchst du <strong>Salzs\u00e4ure<\/strong> zur Aktivierung zu Chlordioxid schaue <strong><a href=\"https:\/\/shop.nlq24.eu\/produkt\/salzsaeure-4\/\">HIER<\/a><\/strong>.<br \/>\nWenn du <strong>Milchs\u00e4ure<\/strong> zur Aktivierung suchst, schaue <strong><a href=\"https:\/\/shop.nlq24.eu\/de\/produkt\/milchsaeure-21-rechtsdrehend\/\">HIER<\/a><\/strong>.<br \/>\n<strong>Zitronens\u00e4ure<\/strong> findest du <strong><a href=\"https:\/\/shop.nlq24.eu\/de\/produkt\/zitronensaeure-50\/\">HIER<\/a><\/strong>.<\/p>\n<p>Ben\u00f6tigst du <strong>Natriumchlorit und Salzs\u00e4ure als Set<\/strong> zum g\u00fcnstigeren Preis, findest du <strong><a href=\"https:\/\/shop.nlq24.eu\/produkt\/chlordioxid-set-typ-mms\/\">hier das Set<\/a> von <a href=\"https:\/\/www.natao.org\/cdh3000-cdl-wasserdesinfektion.htm\">OX-IT.<\/a><\/strong><\/p>\n","protected":false},"excerpt":{"rendered":"<p><span class=\"style7\">Natriumchlorit L\u00f6sung 25%<strong><br \/>\n<\/strong><\/span><\/p>\n","protected":false},"featured_media":5083,"comment_status":"open","ping_status":"closed","template":"","meta":[],"product_brand":[],"product_cat":[33,81],"product_tag":[317,195,196,197,198],"class_list":{"0":"post-14","1":"product","2":"type-product","3":"status-publish","4":"has-post-thumbnail","6":"product_cat-natriumchlorit-25","7":"product_cat-alle-produkte-im-ueberblick","8":"product_tag-natriumchlorit-loesung","9":"product_tag-natriumchlorit","10":"product_tag-natriumchlorit-25","11":"product_tag-naclo2","12":"product_tag-naclo","13":"product_shipping_class-standard","14":"pa_flaschenart-hdpe-flasche","15":"pa_flaschenart-glasflasche-din18","16":"pa_flaschenart-glasflasche-pp28","17":"pa_flaschenart-pp-flasche-halbtransparent","18":"pa_milliliter-1000-ml","19":"pa_milliliter-465-ml","20":"pa_milliliter-5-x-100-ml","21":"pa_milliliter-10-x-100-ml","22":"pa_milliliter-10-ml","23":"pa_milliliter-20-ml","24":"pa_milliliter-30-ml","25":"pa_milliliter-50-ml","26":"pa_milliliter-100-ml","27":"pa_milliliter-250-ml","28":"pa_milliliter-5-ml","29":"pa_milliliter-500-ml","31":"first","32":"instock","33":"taxable","34":"shipping-taxable","35":"purchasable","36":"product-type-variable"},"_links":{"self":[{"href":"https:\/\/shop.nlq24.eu\/de\/wp-json\/wp\/v2\/product\/14","targetHints":{"allow":["GET"]}}],"collection":[{"href":"https:\/\/shop.nlq24.eu\/de\/wp-json\/wp\/v2\/product"}],"about":[{"href":"https:\/\/shop.nlq24.eu\/de\/wp-json\/wp\/v2\/types\/product"}],"replies":[{"embeddable":true,"href":"https:\/\/shop.nlq24.eu\/de\/wp-json\/wp\/v2\/comments?post=14"}],"wp:featuredmedia":[{"embeddable":true,"href":"https:\/\/shop.nlq24.eu\/de\/wp-json\/wp\/v2\/media\/5083"}],"wp:attachment":[{"href":"https:\/\/shop.nlq24.eu\/de\/wp-json\/wp\/v2\/media?parent=14"}],"wp:term":[{"taxonomy":"product_brand","embeddable":true,"href":"https:\/\/shop.nlq24.eu\/de\/wp-json\/wp\/v2\/product_brand?post=14"},{"taxonomy":"product_cat","embeddable":true,"href":"https:\/\/shop.nlq24.eu\/de\/wp-json\/wp\/v2\/product_cat?post=14"},{"taxonomy":"product_tag","embeddable":true,"href":"https:\/\/shop.nlq24.eu\/de\/wp-json\/wp\/v2\/product_tag?post=14"}],"curies":[{"name":"wp","href":"https:\/\/api.w.org\/{rel}","templated":true}]}}