{"id":14278,"date":"2019-05-31T09:59:06","date_gmt":"2019-05-31T09:59:06","guid":{"rendered":"https:\/\/www.nlq24.de\/?post_type=product&#038;p=14278"},"modified":"2025-10-21T10:08:39","modified_gmt":"2025-10-21T10:08:39","slug":"pipette-fuer-glasflasche-din18-71-mm-kopie","status":"publish","type":"product","link":"https:\/\/shop.nlq24.eu\/de\/Produkt\/pipette-fuer-glasflasche-din18-71-mm-kopie\/","title":{"rendered":"Pipette f\u00fcr Glasflasche DIN18, 71 mm"},"content":{"rendered":"<p class=\"Normal\"><strong><span class=\"tm6\">Pipette f\u00fcr Glasflasche DIN18, 71 mm L\u00e4nge<br \/>\n<\/span><\/strong><\/p>\n<p class=\"Normal\">Diese Pipette mit Glasr\u00f6hrchen, eignet sich f\u00fcr Glasflaschen der Gr\u00f6\u00dfe DIN18. Sie k\u00f6nnen diese einfach aufschrauben und als Verschluss benutzen. Sie passt zu ihren DIN18 Glasflaschen in den Gr\u00f6\u00dfen 50 und 100 ml. Sie nutzen diese sicher zum Abmessen von Tropfen. Mit 71 mm hat diese eine L\u00e4nge, die zur Entnahme gut ausreicht, auch wenn Sie nicht bis an den Boden der Flasche reicht. Durch leichtes Kippen der Flasche k\u00f6nnen Sie die Fl\u00fcssigkeit trotzdem gut entnehmen. Das Fassungsverm\u00f6gen liegt bei ca. 0,6 ml. Die verwendeten Materialien sind: PE, f\u00fcr den Verschluss, Gummi f\u00fcr den Balg und Glas f\u00fcr das R\u00f6hrchen. Die Pipette ist jedoch nicht f\u00fcr die 10 ml DIN18 Glasflasche geeignet.\u00a0 Zu dieser gibt es eine <a href=\"https:\/\/shop.nlq24.eu\/produkt\/pipette-fuer-10-ml-glasflasche-din18\/\">gesonderte Pipette<\/a>. Der Originalit\u00e4tsring sorgt daf\u00fcr, dass man erkennen kann, wenn die Flasche einmal ge\u00f6ffnet wurde. Er l\u00f6st sich beim ersten \u00d6ffnen der Flasche und verbleibt dann unter dem Verschluss.<\/p>\n<p class=\"Normal\">Sollten Sie eine Flasche mit einer Pipette ben\u00f6tigen, die bis zum Boden reicht, klicken Sie auf die<u><a href=\"https:\/\/shop.nlq24.eu\/produkt\/glasflasche-din18-slim-braun\/\"> Glasflasche SLIM<\/a><\/u>.<\/p>\n","protected":false},"excerpt":{"rendered":"<p><strong>Pipette f\u00fcr Glasflasche DIN18, 71 mm lang, rot<\/strong><\/p>\n","protected":false},"featured_media":14282,"comment_status":"open","ping_status":"closed","template":"","meta":[],"product_brand":[],"product_cat":[43,81,89,843,109,327],"product_tag":[391,392,712,1470,364,366,388,389],"class_list":{"0":"post-14278","1":"product","2":"type-product","3":"status-publish","4":"has-post-thumbnail","6":"product_cat-dosieren-abmessen","7":"product_cat-alle-produkte-im-ueberblick","8":"product_cat-glasflaschen","9":"product_cat-pipetten","10":"product_cat-verschluesse-din18","11":"product_cat-verschluesse-und-zubehoer","12":"product_tag-tropferpipette","13":"product_tag-pipette-rot","14":"product_tag-pipette-standard","15":"product_tag-pipette-71-mm","16":"product_tag-pipette","17":"product_tag-pipette-fuer-glasflasche-din18","18":"product_tag-glaspipette","19":"product_tag-pipette-fuer-glasflasche","20":"product_shipping_class-standard","22":"first","23":"outofstock","24":"taxable","25":"shipping-taxable","26":"purchasable","27":"product-type-simple"},"_links":{"self":[{"href":"https:\/\/shop.nlq24.eu\/de\/wp-json\/wp\/v2\/product\/14278","targetHints":{"allow":["GET"]}}],"collection":[{"href":"https:\/\/shop.nlq24.eu\/de\/wp-json\/wp\/v2\/product"}],"about":[{"href":"https:\/\/shop.nlq24.eu\/de\/wp-json\/wp\/v2\/types\/product"}],"replies":[{"embeddable":true,"href":"https:\/\/shop.nlq24.eu\/de\/wp-json\/wp\/v2\/comments?post=14278"}],"wp:featuredmedia":[{"embeddable":true,"href":"https:\/\/shop.nlq24.eu\/de\/wp-json\/wp\/v2\/media\/14282"}],"wp:attachment":[{"href":"https:\/\/shop.nlq24.eu\/de\/wp-json\/wp\/v2\/media?parent=14278"}],"wp:term":[{"taxonomy":"product_brand","embeddable":true,"href":"https:\/\/shop.nlq24.eu\/de\/wp-json\/wp\/v2\/product_brand?post=14278"},{"taxonomy":"product_cat","embeddable":true,"href":"https:\/\/shop.nlq24.eu\/de\/wp-json\/wp\/v2\/product_cat?post=14278"},{"taxonomy":"product_tag","embeddable":true,"href":"https:\/\/shop.nlq24.eu\/de\/wp-json\/wp\/v2\/product_tag?post=14278"}],"curies":[{"name":"wp","href":"https:\/\/api.w.org\/{rel}","templated":true}]}}