{"id":14287,"date":"2019-05-31T10:20:09","date_gmt":"2019-05-31T10:20:09","guid":{"rendered":"https:\/\/www.nlq24.de\/?post_type=product&#038;p=14287"},"modified":"2026-04-28T10:32:22","modified_gmt":"2026-04-28T10:32:22","slug":"pipette-fuer-glasflasche-din18-106-mm","status":"publish","type":"product","link":"https:\/\/shop.nlq24.eu\/de\/Produkt\/pipette-fuer-glasflasche-din18-106-mm\/","title":{"rendered":"Pipette f\u00fcr Glasflasche DIN18, 106 mm"},"content":{"rendered":"<p class=\"Normal\"><strong><span class=\"tm6\">Pipette f\u00fcr Glasflasche DIN18, 106 mm L\u00e4nge<br \/>\n<\/span><\/strong><\/p>\n<p class=\"Normal\">Diese Pipette mit Glasr\u00f6hrchen, eignet sich f\u00fcr Glasflaschen der Gr\u00f6\u00dfe DIN18. Sie k\u00f6nnen diese einfach aufschrauben und als Verschluss benutzen. Sie passt zu ihrer DIN18 Glasflasche in der<strong> Gr\u00f6\u00dfe 100 ml<\/strong>. Sie nutzen diese sicher zum Abmessen von Tropfen. Mit 106 mm hat diese eine L\u00e4nge, die zur Entnahme gut ausreicht, auch wenn Sie nicht bis an den Boden der Flasche reicht. Durch leichtes Kippen der Flasche k\u00f6nnen Sie die Fl\u00fcssigkeit trotzdem gut entnehmen.<\/p>\n<p class=\"Normal\">Das Fassungsverm\u00f6gen liegt bei ca. 0,75 ml.<\/p>\n<p class=\"Normal\">Die verwendeten Materialien sind: PE, f\u00fcr den Verschluss, Gummi f\u00fcr den Balg und Glas f\u00fcr das R\u00f6hrchen. Die Pipette ist <strong>nicht<\/strong> f\u00fcr die 10, 30 und 50 ml DIN18 Glasflaschen geeignet. Der Originalit\u00e4tsring sorgt daf\u00fcr, dass man erkennen kann, wenn die Flasche einmal ge\u00f6ffnet wurde. Er l\u00f6st sich beim ersten \u00d6ffnen der Flasche und verbleibt dann unter dem Verschluss.<\/p>\n","protected":false},"excerpt":{"rendered":"<p><strong>Pipette f\u00fcr Glasflasche DIN18, 106 mm lang, rot<\/strong><\/p>\n","protected":false},"featured_media":14279,"comment_status":"open","ping_status":"closed","template":"","meta":[],"product_brand":[],"product_cat":[43,81,89,843,109,327],"product_tag":[392,712,1471,364,366,388,389,391],"class_list":{"0":"post-14287","1":"product","2":"type-product","3":"status-publish","4":"has-post-thumbnail","6":"product_cat-dosieren-abmessen","7":"product_cat-alle-produkte-im-ueberblick","8":"product_cat-glasflaschen","9":"product_cat-pipetten","10":"product_cat-verschluesse-din18","11":"product_cat-verschluesse-und-zubehoer","12":"product_tag-pipette-rot","13":"product_tag-pipette-standard","14":"product_tag-pipette-106-mm","15":"product_tag-pipette","16":"product_tag-pipette-fuer-glasflasche-din18","17":"product_tag-glaspipette","18":"product_tag-pipette-fuer-glasflasche","19":"product_tag-tropferpipette","20":"product_shipping_class-standard","22":"first","23":"instock","24":"taxable","25":"shipping-taxable","26":"purchasable","27":"product-type-simple"},"_links":{"self":[{"href":"https:\/\/shop.nlq24.eu\/de\/wp-json\/wp\/v2\/product\/14287","targetHints":{"allow":["GET"]}}],"collection":[{"href":"https:\/\/shop.nlq24.eu\/de\/wp-json\/wp\/v2\/product"}],"about":[{"href":"https:\/\/shop.nlq24.eu\/de\/wp-json\/wp\/v2\/types\/product"}],"replies":[{"embeddable":true,"href":"https:\/\/shop.nlq24.eu\/de\/wp-json\/wp\/v2\/comments?post=14287"}],"wp:featuredmedia":[{"embeddable":true,"href":"https:\/\/shop.nlq24.eu\/de\/wp-json\/wp\/v2\/media\/14279"}],"wp:attachment":[{"href":"https:\/\/shop.nlq24.eu\/de\/wp-json\/wp\/v2\/media?parent=14287"}],"wp:term":[{"taxonomy":"product_brand","embeddable":true,"href":"https:\/\/shop.nlq24.eu\/de\/wp-json\/wp\/v2\/product_brand?post=14287"},{"taxonomy":"product_cat","embeddable":true,"href":"https:\/\/shop.nlq24.eu\/de\/wp-json\/wp\/v2\/product_cat?post=14287"},{"taxonomy":"product_tag","embeddable":true,"href":"https:\/\/shop.nlq24.eu\/de\/wp-json\/wp\/v2\/product_tag?post=14287"}],"curies":[{"name":"wp","href":"https:\/\/api.w.org\/{rel}","templated":true}]}}