{"id":14289,"date":"2019-05-31T11:38:16","date_gmt":"2019-05-31T11:38:16","guid":{"rendered":"https:\/\/www.nlq24.de\/?post_type=product&#038;p=14289"},"modified":"2026-03-21T14:35:50","modified_gmt":"2026-03-21T14:35:50","slug":"kolloidales-silber-spezial-250-ml-in-mironglasflasche","status":"publish","type":"product","link":"https:\/\/shop.nlq24.eu\/de\/Produkt\/kolloidales-silber-spezial-250-ml-in-mironglasflasche\/","title":{"rendered":"Kolloidales Silber spezial mit 2% Gold, 250 ml in Mironglas"},"content":{"rendered":"<p>Das einzigartige hoch energetische Multi-Spektrum kolloidale Silber Spezial mit 2% Goldanteil!<\/p>\n<h3><strong>Kolloidales Silber spezial<\/strong><\/h3>\n<p class=\"Normal\">Bei diesem Kolloidales Silber Spezial handelt es sich um ein <strong>Nano-Silber<\/strong>, welches nach einem <strong>v\u00f6llig einzigartigen Verfahren<\/strong> hergestellt wird. Dabei werden die kleinsten, reinsten Silberpartikel mit einem bipolaren<strong>\u00a0Mehrfrequenz-Hochspannungs-Resonanzsystem<\/strong> in einem Multi-Frequenz-Resonanz-System freigesetzt. Durch diese speziell ausgekl\u00fcgelte Methode, erhalten Sie ein <strong>sehr hochwertiges pures kolloidales Silber<\/strong>, welches mit einem <strong>Breitspektrum an Mehrfrequenzen<\/strong>, wie sie auch in der Natur vorkommen, informiert ist. Es findet einfach gesagt eine \u201eBlitzentladung\u201c zwischen den reinen Silberelektroden im destillierten Wasser statt. Dadurch l\u00f6sen sich die Silberpartikel los und beginnen zu schweben. Es handelt sich hier also nicht um einen Elektrolyse-Prozess (oxidieren). Die Spannung ist dabei <strong>sehr hoch und kann dabei \u00fcber 100.000 Volt<\/strong> erreichen! Diese Methode wurde durch Hessel Hoornveld entwickelt. Zus\u00e4tzlich enth\u00e4lt dieses Kolloidale Silber Spezial 5 ppm einen Anteil von <strong>2 % kolloidalem GOLD<\/strong>! Dies macht es besonder kraftvoll. Wer sich mit dem Thema auseinandergesetzt hat, wei\u00df, dass es <strong>nicht auf einen hohen Anteil an Silber ankommt<\/strong>, sondern auf die frequente Wirkung. Und diese ist hier optimal. Sie erhalten ein Produkt mit <strong>Silberpartikel der h\u00f6chstm\u00f6glichen Qualit\u00e4t<\/strong>. Die Partikel varrieren in der Gr\u00f6\u00dfe von etwas 1 bis 66 Nanometer. Durch die besonders geringer Gr\u00f6\u00dfe dieser Partikel, ist eine <strong>viel geringere Menge von ppm erforderlich<\/strong> um eine vielfach h\u00f6here Wirksamkeit zu erhalten.<\/p>\n<p>&nbsp;<\/p>\n<h3><strong>Das besondere Herstellverfahren<\/strong><\/h3>\n<div>Die Grundlage der speziellen Herstellungsmethode ist der Multiwellen-Oszillator, der ein <strong>enorm breites Frequenzspektrum erzeugt!<\/strong> Zusammen mit der Spannung, welche <strong>bis zu 120.000 VOLT<\/strong> erreichen k\u00f6nnen, wird die Zusammensetzung des fertigen Produktes extrem stark und ist voller Energie. Dies kann man zu Hause nie erreichen. Daher ist dieses Kolloidale Silber ja so speziell.<\/div>\n<h3><strong>Lange Haltbarkeit!<\/strong><\/h3>\n<p>Die Qualit\u00e4t erkennt man auch an der Haltbarkeit dieses Spezialproduktes. Die Haltbarkeit bei geschlossener Flasche betr\u00e4gt bis zu 3 Jahre. Bei ge\u00f6ffneter Flasche bei 1 Jahr!<\/p>\n<h3 class=\"Normal\"><strong><span class=\"tm6\">Anwendungen<\/span><\/strong><\/h3>\n<p class=\"Normal\">Kolloidales Silber Spezial ist besonders geeignet f\u00fcr alle allgemein bekannten Anwendungen.<\/p>\n<h3><strong>Spezielle Flasche<\/strong><\/h3>\n<h4 class=\"Normal tm7 tm11\"><span class=\"tm10\">Die Flasche von diesem speziellen Kolloidalem Silber Produkt wird aus energetisierendem Violett-Glas (Mironglas) gefertigt. Dieses Glas besitzt ganz besondere Eigenschaften. Daher sollten Sie diese Flasche auch nach der Benutzung nicht wegwerfen! Sie k\u00f6nnen dieses dann noch sehr gut zur Aufbewahrung von Wasser oder auch anderen Produkten verwenden. Im Shop biete ich Ihnen \u00fcbrigens auch verschiedenen Mironglas-Flaschen an.<br \/>\n<\/span><\/h4>\n<h3 class=\"Normal tm7 tm11\"><strong><span class=\"tm6\">Weitere Informationen<\/span><\/strong><\/h3>\n<p class=\"Normal\">Die Werbung \u00fcber m\u00f6gliche positiven Effekte von kolloidalem Silber und Gold ist nicht gestattet. Es gibt jedoch zahlreiche Informationen \u00fcber Erfahrungen.<\/p>\n<h3><strong>H\u00f6chste Silber-Qualit\u00e4t<\/strong><\/h3>\n<p class=\"Normal tm7 tm11\"><span class=\"tm10\">Der Hersteller verf\u00fcgt \u00fcber ein Feinsilber-Qualit\u00e4tszertifikat. Inhalt Ag 999,7 \u2030. <\/span><\/p>\n","protected":false},"excerpt":{"rendered":"<p>Das einzigartige hoch energetische Multi-Spektrum kolloidale Silber Spezial mit 2% Goldanteil! Kolloidales Silber spezial Bei diesem Kolloidales Silber Spezial handelt es sich um ein Nano-Silber, welches nach einem v\u00f6llig einzigartigen Verfahren hergestellt wird. Dabei werden die kleinsten, reinsten Silberpartikel mit einem bipolaren\u00a0Mehrfrequenz-Hochspannungs-Resonanzsystem in einem Multi-Frequenz-Resonanz-System freigesetzt. Durch diese speziell ausgekl\u00fcgelte Methode, erhalten Sie ein sehr [&#8230;]\n","protected":false},"featured_media":30841,"comment_status":"open","ping_status":"closed","template":"","meta":[],"product_brand":[],"product_cat":[81,3680,1671],"product_tag":[1472,1473,1474,1664,1665],"class_list":{"0":"post-14289","1":"product","2":"type-product","3":"status-publish","4":"has-post-thumbnail","6":"product_cat-alle-produkte-im-ueberblick","7":"product_cat-kolloidale-produkte-2","8":"product_cat-kolloidales-silber-spezial","9":"product_tag-kolloidales-silber-spezial","10":"product_tag-kolloidales-silber","11":"product_tag-nano-silber","12":"product_tag-kolloidales-silber-mit-kolloidalem-gold","13":"product_tag-kolloidales-gold-enthalten","14":"product_shipping_class-standard","16":"first","17":"instock","18":"taxable","19":"shipping-taxable","20":"purchasable","21":"product-type-simple"},"_links":{"self":[{"href":"https:\/\/shop.nlq24.eu\/de\/wp-json\/wp\/v2\/product\/14289","targetHints":{"allow":["GET"]}}],"collection":[{"href":"https:\/\/shop.nlq24.eu\/de\/wp-json\/wp\/v2\/product"}],"about":[{"href":"https:\/\/shop.nlq24.eu\/de\/wp-json\/wp\/v2\/types\/product"}],"replies":[{"embeddable":true,"href":"https:\/\/shop.nlq24.eu\/de\/wp-json\/wp\/v2\/comments?post=14289"}],"wp:featuredmedia":[{"embeddable":true,"href":"https:\/\/shop.nlq24.eu\/de\/wp-json\/wp\/v2\/media\/30841"}],"wp:attachment":[{"href":"https:\/\/shop.nlq24.eu\/de\/wp-json\/wp\/v2\/media?parent=14289"}],"wp:term":[{"taxonomy":"product_brand","embeddable":true,"href":"https:\/\/shop.nlq24.eu\/de\/wp-json\/wp\/v2\/product_brand?post=14289"},{"taxonomy":"product_cat","embeddable":true,"href":"https:\/\/shop.nlq24.eu\/de\/wp-json\/wp\/v2\/product_cat?post=14289"},{"taxonomy":"product_tag","embeddable":true,"href":"https:\/\/shop.nlq24.eu\/de\/wp-json\/wp\/v2\/product_tag?post=14289"}],"curies":[{"name":"wp","href":"https:\/\/api.w.org\/{rel}","templated":true}]}}