{"id":15541,"date":"2019-06-04T18:49:15","date_gmt":"2019-06-04T18:49:15","guid":{"rendered":"https:\/\/www.nlq24.de\/?post_type=product&#038;p=15541"},"modified":"2026-01-27T16:43:27","modified_gmt":"2026-01-27T16:43:27","slug":"cdh3000-premium-chlordioxid-loesung-03-in-mironglas","status":"publish","type":"product","link":"https:\/\/shop.nlq24.eu\/de\/Produkt\/cdh3000-premium-chlordioxid-loesung-03-in-mironglas\/","title":{"rendered":"CDH3000 Premium (CDS\/CDL) 0,3 % in Mironglas"},"content":{"rendered":"<h3 class=\"Normal\"><strong>CDH3000 Premium (CDS\/CDL)<\/strong><\/h3>\n<p class=\"Normal\">Dieses CDH3000 Premium (CDS\/CDL) von\u00a0<a href=\"https:\/\/www.natao.org\/cdh3000-cdl-wasserdesinfektion.htm\">OX-IT<\/a> hat einen Chlordioxid-Anteil von &lt; 0,3 %. Sie wird frisch f\u00fcr dich in einer <strong>Mironglasflasche<\/strong> aktiviert. Dies hat eine enorme Auswirkung auf die Haltbarkeit deiner L\u00f6sung. Chlordioxid ist <strong>sehr empfindlich auf Licht<\/strong>. Daher solltest du es grunds\u00e4tzlich nicht lange im Licht aufbewahren, um damit eine l\u00e4ngere Haltbarkeit zu gew\u00e4hrleisten.<\/p>\n<h3 class=\"Normal\">Wissenswertes zu CDH3000 Premium (CDS\/CDL):<\/h3>\n<p class=\"Normal\">Gef\u00e4\u00dfe die viel Licht durchlassen, wie halb- oder vollkommen transparente Flaschen sind daher nicht geeignet, wenn die CDS\/CDL L\u00f6sung lange halten soll. Das normale CDH3000, welches du in einer braunen Glasflasche kaufen kannst ist schon gut ein halbes Jahr haltbar. In der <strong>Mironglasflasche<\/strong>, wird die L\u00f6sung jedoch noch <strong>wesentlich besser vor der sch\u00e4dlichen Lichteinwirkung<\/strong> gesch\u00fctzt. Aber nicht nur das sind deine <strong>Vorteile<\/strong> von CDH3000 Premium in Mironglas!<\/p>\n<h3 class=\"Normal\">Hier weitere Vorteile vom Mironglas:<\/h3>\n<p>Dieses violette Glas zeichnet sich durch einen absoluten Lichtschutz im sichtbaren Bereich aus. F\u00fcr ultraviolettes Licht ist es hingegen durchl\u00e4ssig. So entsteht im inneren der Flasche ein hoch energetisches Milieu, welches du nutzen kannst, um die Haltbarkeit zu verl\u00e4ngern. Abbau und Zersetzungsprozesse werden n\u00e4mlich verz\u00f6gert.<\/p>\n<p>Der optimale Farbton f\u00fcr die Lagerung hochwertiger Inhalte in Gef\u00e4\u00dfen liegt im violetten Bereich. Dies also auch f\u00fcr Ihr neues CDH3000 Premium wichtig. Miron-Violett-Glas blockt das gesamte Spektrum des sichtbaren Licht ab. Eine Ausnahme bildet dabei der violette Anteil. Es bietet zugleich die Durchl\u00e4ssigkeit eines gewissen Anteils f\u00fcr Strahlung im Spektralbereich von UV-A und Infrarotlicht. Dadurch wird die <strong>Molekularstruktur<\/strong> von eingef\u00fcllten Substanzen pausenlos <strong>aktiviert<\/strong>. <strong>Feinstoffliche Energien bleiben dadurch lange Zeit auf dem Niveau<\/strong> des Ursprungs erhalten. Diese einzigartige Kombination bietet Ihnen einen <strong>optimalen Schutz vor Alterungsprozessen. <\/strong>Diese k\u00f6nnen n\u00e4mlich durch sichtbares Licht ausgel\u00f6st werden. Der Schutz erm\u00f6glicht dir eine verl\u00e4ngerte Haltbarkeit und Wirksamkeit deines Produkts zu erreichen.<\/p>\n<h3>Kurz gesagt:<\/h3>\n<p>Es gibt keine bessere Lagerungsm\u00f6glichkeit f\u00fcr die Chlordioxid L\u00f6sungen CDH3000 (CDS\/CDL).<\/p>\n<p class=\"Normal\">F\u00fcr deine Chlordioxid L\u00f6sungen gibt es \u00fcbrigens auch andere Abk\u00fcrzungen, wie zum Beispiel:<br \/>\nCDL, bedeutet <strong><span class=\"tm6\">C<\/span><\/strong>hlor <strong><span class=\"tm6\">D<\/span><\/strong>ioxid<strong><span class=\"tm6\"> L<\/span><\/strong>\u00f6sung.<br \/>\nCDS, bedeutet <strong><span class=\"tm6\">C<\/span><\/strong>hlorine<strong><span class=\"tm6\"> D<\/span><\/strong>ioxide <strong><span class=\"tm6\">S<\/span><\/strong>olution (englische Abk\u00fcrzung).<br \/>\nCDH, bedeutet <strong><span class=\"tm6\">C<\/span><\/strong>hlor<strong><span class=\"tm6\">d<\/span><\/strong>ioxid <strong><span class=\"tm6\">H<\/span><\/strong>altbar.<\/p>\n<h3 class=\"Normal\"><strong><span class=\"tm6\">CDH3000 Premium (CDS\/CDL) Hinweise:<\/span><\/strong><\/h3>\n<p class=\"Normal\">Dieses CDH3000 Premium wird <strong><span class=\"tm6\">frisch und mit Liebe<\/span><\/strong> f\u00fcr dich nach der Original Formel hergestellt. Es wird in einer hochwertigen Mironglasflasche geliefert. Den <strong><span class=\"tm6\">Monat der Aktivierung <\/span><\/strong><span class=\"tm6\">habe ich f\u00fcr dich <\/span><strong><span class=\"tm6\">auf der Flasche vermerkt<\/span><\/strong>. Damit kanns du nachvollziehen, wie frisch deine Chlordioxid L\u00f6sung wirklich ist.<\/p>\n<p class=\"Normal\">CDH3000 bitte vor Licht sch\u00fctzen und nicht erhitzen. M\u00f6glichst k\u00fchl lagern. Die CDH3000-Fl\u00fcssigkeit kann unverd\u00fcnnt organisches Material entf\u00e4rben. Nach Einatmen von \u00fcber der Fl\u00fcssigkeit befindlichem Gas, sorge f\u00fcr Frischluft. Bei Kontakt mit den Augen, sp\u00fcle das Auge bei ge\u00f6ffnetem Lidspalt mit Wasser. Nach versehentlichem Verschlucken, trinke reichlich Wasser zur Verd\u00fcnnung. Solltest du anhaltende Beschwerden haben, suche einen Arzt oder Heilpraktiker auf. Lasse keine gr\u00f6\u00dferen Mengen in die Kanalisation oder Gew\u00e4sser gelangen. Lagere es k\u00fchl in der geschlossenen Flasche.<\/p>\n<h3 class=\"Normal\"><strong><span class=\"tm6\">Varianten:<br \/>\n<\/span><\/strong><\/h3>\n<p><strong><span class=\"tm6\">50 ml<\/span><\/strong> in der Mironglasflasche DIN18, k\u00f6nnen Sie mit einem Tropfverschluss oder mit einem speziellen\u00a0 <a href=\"https:\/\/shop.nlq24.eu\/produkt\/doser-system-din18\/\">Doser-System DIN18<\/a> ausw\u00e4hlen.<br \/>\n<strong><span class=\"tm6\">100 ml<\/span><\/strong> in der Mironglasflasche DIN18, k\u00f6nnen Sie mit einem Tropfverschluss oder mit einem speziellen <a href=\"https:\/\/shop.nlq24.eu\/produkt\/doser-system-din18\/\">Doser-System DIN18<\/a> ausw\u00e4hlen.<br \/>\n<strong><span class=\"tm6\">250 ml<\/span><\/strong> in der Mironglasflasche 24-210, k\u00f6nnen ohne Tropfverschluss (ohne Flaschen-Einsatz) oder mit Doser-System (Dosiersystem) bestellen (kein Tropfverschluss m\u00f6glich).<\/p>\n<p><strong><span style=\"color: #ff0000;\">WICHTIG<\/span><\/strong>: Der Doser-Einsatz sitzt hier etwas lockerer. Daher diesen nach dem Umdrehen der Flasche nicht mit der Dosierspritze hin und her bewegen! Nach dem Aufziehen der Doser Spritze den Rand des Einsatzes mit dem Finger fixieren und dann die Doser-Spritze vorsichtig herausziehen.<br \/>\n<strong>500 ml<\/strong> biete ich Ihnen in der Glasflasche Verschlussgr\u00f6\u00dfe 28 mm an. Hier ist kein Tropfverschluss w\u00e4hlbar aber nun ein Doser-System.<br \/>\n<strong><span class=\"tm6\">1000 ml<\/span><\/strong> biete ich Ihnen in der Glasflasche Verschlussgr\u00f6\u00dfe 28 mm an. Hier ist kein Tropfverschluss oder Doser-System w\u00e4hlbar.<\/p>\n<p class=\"Normal\">\n","protected":false},"excerpt":{"rendered":"<p>CDH3000 Premium (CDS\/CDL) in violetter Mironglasflasche. Bester Lichtschutz.<br \/>\nCDH3000 vorsichtig verwenden. Vor Gebrauch stets das Etikett und die Produktinformation lesen.<\/p>\n","protected":false},"featured_media":79356,"comment_status":"open","ping_status":"closed","template":"","meta":[],"product_brand":[],"product_cat":[31,81],"product_tag":[617,3357,706,64,68,784,785],"class_list":{"0":"post-15541","1":"product","2":"type-product","3":"status-publish","4":"has-post-thumbnail","6":"product_cat-cdh3000-cdl3000","7":"product_cat-alle-produkte-im-ueberblick","8":"product_tag-cdh","9":"product_tag-cdh3000-premium","10":"product_tag-cds-cdl","11":"product_tag-cdh3000","12":"product_tag-chlordioxid-loesung","13":"product_tag-cdh3000-chlordioxid-loesung","14":"product_tag-cdh3000-original-rezept","15":"product_shipping_class-standard","16":"pa_milliliter-2-x-500-ml","17":"pa_milliliter-50-ml","18":"pa_milliliter-100-ml","19":"pa_milliliter-250-ml","20":"pa_milliliter-500-ml","21":"pa_milliliter-1000-ml","23":"first","24":"instock","25":"taxable","26":"shipping-taxable","27":"purchasable","28":"product-type-variable"},"_links":{"self":[{"href":"https:\/\/shop.nlq24.eu\/de\/wp-json\/wp\/v2\/product\/15541","targetHints":{"allow":["GET"]}}],"collection":[{"href":"https:\/\/shop.nlq24.eu\/de\/wp-json\/wp\/v2\/product"}],"about":[{"href":"https:\/\/shop.nlq24.eu\/de\/wp-json\/wp\/v2\/types\/product"}],"replies":[{"embeddable":true,"href":"https:\/\/shop.nlq24.eu\/de\/wp-json\/wp\/v2\/comments?post=15541"}],"wp:featuredmedia":[{"embeddable":true,"href":"https:\/\/shop.nlq24.eu\/de\/wp-json\/wp\/v2\/media\/79356"}],"wp:attachment":[{"href":"https:\/\/shop.nlq24.eu\/de\/wp-json\/wp\/v2\/media?parent=15541"}],"wp:term":[{"taxonomy":"product_brand","embeddable":true,"href":"https:\/\/shop.nlq24.eu\/de\/wp-json\/wp\/v2\/product_brand?post=15541"},{"taxonomy":"product_cat","embeddable":true,"href":"https:\/\/shop.nlq24.eu\/de\/wp-json\/wp\/v2\/product_cat?post=15541"},{"taxonomy":"product_tag","embeddable":true,"href":"https:\/\/shop.nlq24.eu\/de\/wp-json\/wp\/v2\/product_tag?post=15541"}],"curies":[{"name":"wp","href":"https:\/\/api.w.org\/{rel}","templated":true}]}}