{"id":1676,"date":"2019-01-15T22:08:34","date_gmt":"2019-01-15T22:08:34","guid":{"rendered":"https:\/\/www.nlq24.de\/?post_type=product&#038;p=1676"},"modified":"2025-05-21T10:40:14","modified_gmt":"2025-05-21T10:40:14","slug":"dmkb-dmso-magnesium-kalium-borax-loesung","status":"publish","type":"product","link":"https:\/\/shop.nlq24.eu\/de\/Produkt\/dmkb-dmso-magnesium-kalium-borax-loesung\/","title":{"rendered":"DMKB  Die DMSO-Magnesium-Kalium-Borax L\u00f6sung"},"content":{"rendered":"<p><u><strong>DMKB ist eine L\u00f6sung aus D<\/strong>MSO, <strong>M<\/strong>agnesiumchlorid, <strong>K<\/strong>alium und <strong>B<\/strong>orax<strong><br \/>\n<\/strong><\/u><\/p>\n<p>Es handelt sich um eine wertvolle Spurenelement-Mineral L\u00f6sung mit <a href=\"https:\/\/www.natao.org\/dmso.htm\">Natao DMSO<\/a>. Die Inhaltsstoffen sind von reiner Qualit\u00e4t. Energetisch sind sie untereinander ausgewogen abgestimmt.<br \/>\nInhaltsstoffe ca.:<br \/>\n62,17 % Wasser<br \/>\n8,82 % Magnesiumchlorid<br \/>\n0,375 % Kaliumchlorid<br \/>\n0,275 % Borax und<br \/>\n24,64 % <a href=\"https:\/\/shop.nlq24.eu\/produkt\/dmso100-dimethylsulfoxid\/\">DMSO 100<\/a><\/p>\n<p>Das Magnesiumchlorid stammt aus nat\u00fcrlicher Trocknung durch Sonnenlicht. Sein Ursprung ist das Tote Meer. Das nat\u00fcrliche Kaliumchlorid rundet Ihre L\u00f6sung insgesamt ab. Bei dem Tinkal Borax handelt es sich um ein nat\u00fcrliches Mineral, welches aus Salzseen gewonnen wird. Es wird auch als Natriumborat bezeichnet. Offenbar verst\u00e4rken sich die Inhaltsstoffe gegenseitig. Eine interessante und bemerkenswerte Mischung.<\/p>\n<div><strong>Als Zubeh\u00f6r<\/strong> zu Ihrer Glasflasche k\u00f6nnen Sie zus\u00e4tzlich ein <strong><a href=\"https:\/\/shop.nlq24.eu\/produkt\/doser-cdh-doser-10-ml\/\">Doser System mit Doser-Einsatz und Doser<\/a><\/strong> kaufen. Mit diesem k\u00f6nnten Sie das DMKB optimal entnehmen und dabei gleichzeitig abmessen. Doser nach Gebrauch gut sp\u00fclen. Die <strong>Lagerung von DMKB<\/strong> sollte k\u00fchl und dunkel erfolgen. Ich sch\u00e4tze die Haltbarkeit auf 5 Jahre.<\/div>\n<div><\/div>\n<div>\n<div><img loading=\"lazy\" decoding=\"async\" class=\"alignnone size-full wp-image-1675\" src=\"https:\/\/shop.nlq24.eu\/wp-content\/uploads\/2018\/09\/Achtung-Gefahrzeichen-Pictogram.jpg\" alt=\"\" width=\"77\" height=\"77\" \/><\/div>\n<div><strong>\u00a0Achtung<\/strong><\/div>\n<div><\/div>\n<div><strong>Gefahrenhinweise:<\/strong><br \/>\nVerursacht Augenreizungen. Bei Kontakt mit den Augen: Auge bei ge\u00f6ffnetem Lidspalt mit lauwarmem Wasser sp\u00fclen.<\/div>\n<\/div>\n","protected":false},"excerpt":{"rendered":"<p>DMKB Die DMSO-Magnesium-Kalium-Borax L\u00f6sung<u><br \/>\n<\/u><\/p>\n","protected":false},"featured_media":11978,"comment_status":"open","ping_status":"closed","template":"","meta":[],"product_brand":[],"product_cat":[47,77,81,145],"product_tag":[73,74,75,76,480,117,537],"class_list":{"0":"post-1676","1":"product","2":"type-product","3":"status-publish","4":"has-post-thumbnail","6":"product_cat-dmso-dimethylsulfoxid","7":"product_cat-mkb-vital","8":"product_cat-alle-produkte-im-ueberblick","9":"product_cat-magnesium-produkte","10":"product_tag-mkb","11":"product_tag-magnesium","12":"product_tag-kalium","13":"product_tag-borax","14":"product_tag-dmkb","15":"product_tag-dmso","16":"product_tag-loesung","17":"product_shipping_class-standard","18":"pa_milliliter-50-ml","19":"pa_milliliter-100-ml","20":"pa_milliliter-250-ml","21":"pa_milliliter-500-ml","22":"pa_milliliter-1000-ml","24":"first","25":"instock","26":"taxable","27":"shipping-taxable","28":"purchasable","29":"product-type-variable"},"_links":{"self":[{"href":"https:\/\/shop.nlq24.eu\/de\/wp-json\/wp\/v2\/product\/1676","targetHints":{"allow":["GET"]}}],"collection":[{"href":"https:\/\/shop.nlq24.eu\/de\/wp-json\/wp\/v2\/product"}],"about":[{"href":"https:\/\/shop.nlq24.eu\/de\/wp-json\/wp\/v2\/types\/product"}],"replies":[{"embeddable":true,"href":"https:\/\/shop.nlq24.eu\/de\/wp-json\/wp\/v2\/comments?post=1676"}],"wp:featuredmedia":[{"embeddable":true,"href":"https:\/\/shop.nlq24.eu\/de\/wp-json\/wp\/v2\/media\/11978"}],"wp:attachment":[{"href":"https:\/\/shop.nlq24.eu\/de\/wp-json\/wp\/v2\/media?parent=1676"}],"wp:term":[{"taxonomy":"product_brand","embeddable":true,"href":"https:\/\/shop.nlq24.eu\/de\/wp-json\/wp\/v2\/product_brand?post=1676"},{"taxonomy":"product_cat","embeddable":true,"href":"https:\/\/shop.nlq24.eu\/de\/wp-json\/wp\/v2\/product_cat?post=1676"},{"taxonomy":"product_tag","embeddable":true,"href":"https:\/\/shop.nlq24.eu\/de\/wp-json\/wp\/v2\/product_tag?post=1676"}],"curies":[{"name":"wp","href":"https:\/\/api.w.org\/{rel}","templated":true}]}}