{"id":18210,"date":"2019-06-13T11:43:06","date_gmt":"2019-06-13T11:43:06","guid":{"rendered":"https:\/\/www.nlq24.de\/?post_type=product&#038;p=18210"},"modified":"2025-12-08T11:44:17","modified_gmt":"2025-12-08T11:44:17","slug":"miron-glasflasche","status":"publish","type":"product","link":"https:\/\/shop.nlq24.eu\/de\/Produkt\/miron-glasflasche\/","title":{"rendered":"Miron Glasflasche Violettglas (leer)"},"content":{"rendered":"<p>Sie wollen Ihre Produkte lange in guten Zustand aufbewahren oder lagern? Mit einer Miron Glasflasche (Violettglas) ist dies einfach m\u00f6glich! Manchmal kann es vorkommen, dass Ihre Produkte schnell nicht mehr effektiv sind oder so funktionieren, wie Sie es sich auch nach einer l\u00e4ngeren Lagerung w\u00fcnschen. Dies erscheint dann meist unerkl\u00e4rlich. Violettglas, auch Mironglas genannt, bietet Ihnen hier eine L\u00f6sung f\u00fcr dieses Problem. Es sch\u00fctzt Ihre Produkte vor Licht und h\u00e4lt sie dadurch l\u00e4nger in einem sehr guten Zustand.<\/p>\n<p>Diese Mironglasflasche eignet sich hervorragend zum Bef\u00fcllen mit Aroma-\u00d6len, Essenzen, Naturkosmetik, Extrakten, Bachbl\u00fcten, Globuli, \u00d6len, Parfum, Chemikalien und anderem.<\/p>\n<p><span class=\"tm7\">Diese Miron Glasflaschen blocken das gesamte Spektrum von sichtbarem Licht. Ausgenommen davon ist lediglich der Violett-Anteil. Diese Flaschen bieten Ihnen somit zugleich die Durchl\u00e4ssigkeit eines gewissen Anteils f\u00fcr Strahlung im Spektralbereich von UV-A und Infrarotlicht. Dadurch wird die Molekularstruktur der von Ihnen eingef\u00fcllten Substanzen immer wieder aktiviert. <strong>Feinstoffliche Energien<\/strong> bleiben Ihnen also sehr lange Zeit auf dem Ursprungsniveau erhalten. Diese einzigartige Kombination bietet Ihren Substanzen somit einen optimalen Schutz vor den Alterungsprozessen. Diese k\u00f6nnen n\u00e4mlich durch sichtbares Licht erfolgen. Diese Miron Glasflaschen mit Violettglas bieten Ihnen deshalb eine verl\u00e4ngerte Haltbarkeit und Wirksamkeit.<\/span><\/p>\n<h3>Verf\u00fcgbare Gr\u00f6\u00dfen der Miron einer Glasflasche (Violettglas)<\/h3>\n<p><strong>Die Gr\u00f6\u00dfe 1000 ml ist nicht<\/strong>\u00a0mit einem <span style=\"color: #0000ff;\"><strong>Doser-System <\/strong><\/span>kombinierbar. Die <strong>100 ml Mironglasflasche<\/strong> ist mit diesem <a href=\"https:\/\/shop.nlq24.eu\/produkt\/doser-system-din18\/\">Doser-System DIN18<\/a> kombinierbar <strong>(bitte gesondert dazu bestellen)<\/strong>.<\/p>\n<p>Mit ihrer Durchf\u00e4rbung bietet diese Flasche Ihrem F\u00fcllgut <strong>allerbesten Lichtschutz<\/strong>. Noch weit besser als Braunglas, auch wenn dieses schon einen verh\u00e4ltnism\u00e4\u00dfig guten Schutz bietet.<\/p>\n<p>&nbsp;<\/p>\n","protected":false},"excerpt":{"rendered":"<p>Miron Glasflasche<\/p>\n","protected":false},"featured_media":31198,"comment_status":"open","ping_status":"closed","template":"","meta":[],"product_brand":[],"product_cat":[1475,81,89,466],"product_tag":[2264,467,2265,468,2266,469,83,544,678,2263],"class_list":{"0":"post-18210","1":"product","2":"type-product","3":"status-publish","4":"has-post-thumbnail","6":"product_cat-miron-glasflaschen","7":"product_cat-alle-produkte-im-ueberblick","8":"product_cat-glasflaschen","9":"product_cat-glasflaschen-pp28","10":"product_tag-miron-glasflasche","11":"product_tag-doser-system-flasche","12":"product_tag-mironglas","13":"product_tag-sirupflasche","14":"product_tag-violettglas","15":"product_tag-glasflasche-pp28","16":"product_tag-cdh-doser","17":"product_tag-flasche","18":"product_tag-doser-system","19":"product_tag-mironglasflasche","20":"product_shipping_class-standard","21":"pa_milliliter-200-ml","22":"pa_milliliter-50-ml","23":"pa_milliliter-100-ml","24":"pa_milliliter-250-ml","25":"pa_milliliter-500-ml","26":"pa_milliliter-1000-ml","28":"first","29":"instock","30":"taxable","31":"shipping-taxable","32":"purchasable","33":"product-type-variable"},"_links":{"self":[{"href":"https:\/\/shop.nlq24.eu\/de\/wp-json\/wp\/v2\/product\/18210","targetHints":{"allow":["GET"]}}],"collection":[{"href":"https:\/\/shop.nlq24.eu\/de\/wp-json\/wp\/v2\/product"}],"about":[{"href":"https:\/\/shop.nlq24.eu\/de\/wp-json\/wp\/v2\/types\/product"}],"replies":[{"embeddable":true,"href":"https:\/\/shop.nlq24.eu\/de\/wp-json\/wp\/v2\/comments?post=18210"}],"wp:featuredmedia":[{"embeddable":true,"href":"https:\/\/shop.nlq24.eu\/de\/wp-json\/wp\/v2\/media\/31198"}],"wp:attachment":[{"href":"https:\/\/shop.nlq24.eu\/de\/wp-json\/wp\/v2\/media?parent=18210"}],"wp:term":[{"taxonomy":"product_brand","embeddable":true,"href":"https:\/\/shop.nlq24.eu\/de\/wp-json\/wp\/v2\/product_brand?post=18210"},{"taxonomy":"product_cat","embeddable":true,"href":"https:\/\/shop.nlq24.eu\/de\/wp-json\/wp\/v2\/product_cat?post=18210"},{"taxonomy":"product_tag","embeddable":true,"href":"https:\/\/shop.nlq24.eu\/de\/wp-json\/wp\/v2\/product_tag?post=18210"}],"curies":[{"name":"wp","href":"https:\/\/api.w.org\/{rel}","templated":true}]}}