{"id":2682,"date":"2019-01-25T11:01:02","date_gmt":"2019-01-25T11:01:02","guid":{"rendered":"https:\/\/www.nlq24.de\/?post_type=product&#038;p=2682"},"modified":"2026-04-15T10:24:59","modified_gmt":"2026-04-15T10:24:59","slug":"chlordioxid-set-typ-mms","status":"publish","type":"product","link":"https:\/\/shop.nlq24.eu\/de\/Produkt\/chlordioxid-set-typ-mms\/","title":{"rendered":"Set &#8211; Natriumchlorit 25 % + Salzs\u00e4ure 4 %"},"content":{"rendered":"<p>Set &#8211; Natriumchlorit 25 % + Salzs\u00e4ure 4 %<\/p>\n<p><span style=\"font-size: 100%;\">Dieses <strong>Set kannst du hier g\u00fcnstig kaufen. <\/strong>Es besteht aus 2 Komponenten, n\u00e4mlich um <strong>Natriumchlorit L\u00f6sung 25%<\/strong> + <strong>Salzs\u00e4ure 4%<\/strong>. Ob als normales Set in Glas- oder PP Flasche oder als <strong>kleines-Set<\/strong>. In einem <strong>Set ist jeweils eine Flasche mit der angegebenen Menge<\/strong> enthalten. Kaufst du z.B. ein Set 100 ml, sind in diesem Set<strong> jeweils 100 ml Natriumchlorit 25%<\/strong> und <strong>100 ml Salzs\u00e4ure <\/strong>\u00a0enthalten. Insgesamt also <strong>200 ml<\/strong> in diesen Beispiel. Ein wundervolles Set aus Base und S\u00e4ure.<br \/>\n<\/span><br \/>\nDas Natriumchlorit entspricht DIN EN 938 Typ 1. Dies bringt reinste Frequenzen. <span style=\"font-size: 100%;\">Durch das Vermischen der beiden Komponenten wird Chlordioxid Gas frei. Achtung. Es sollte nicht eingeatmet werden.\u00a0<\/span><\/p>\n<p>&nbsp;<\/p>\n<hr \/>\n<p><span class=\"style7\">Set Natriumchlorit 25 % + Salzs\u00e4ure 4 % vorsichtig verwenden und vor Gebrauch stets Etikett und Produktinformationen lesen.<\/span><\/p>\n<p>Gefahren- und Sicherheitshinweise f\u00fcr die stoffliche<\/p>\n<p><strong>Natriumchlorit L\u00f6sung 25 %<\/strong><strong>:<\/strong><\/p>\n<p><strong><img loading=\"lazy\" decoding=\"async\" class=\"alignnone size-full wp-image-55159\" src=\"https:\/\/shop.nlq24.eu\/wp-content\/uploads\/2019\/01\/Achtung-Ausrufezeichen-71x71-1.jpg\" alt=\"\" width=\"71\" height=\"71\" \/>\u00a0 \u00a0<\/strong><strong><br \/>\nAchtung<\/strong><\/p>\n<p class=\"Standard_1\"><span class=\"tm6\">Gefahren- und Sicherheitshinweise:<\/span><\/p>\n<p class=\"Standard_1\"><span class=\"tm6\">Vor Gebrauch stets Etikett + Produktinformationen lesen.<\/span><\/p>\n<p class=\"Standard_1\"><span class=\"tm6\">Entwickelt bei Ber\u00fchrung mit S\u00e4ure sehr giftige Gase. Gesundheitssch\u00e4dlich bei Verschlucken. Verursacht schwere Augenreizung. Gesundheitssch\u00e4dlich bei Einatmen. Gas\/Nebel\/Dampf\/Aerosol nicht einatmen. Darf nicht in die H\u00e4nde von Kindern gelangen.<\/span><\/p>\n<p class=\"Standard_1\"><span class=\"tm6\">Schutzhandschuhe\/Schutzkleidung, Augenschutz\/Gesichtsschutz tragen. Nur in Original Verpackung unter Verschluss aufbewahren. Bei Verschlucken: Sofort Giftinformationszentrum oder Arzt anrufen. Bei Kontakt mit den Augen: Einige Minuten lang behutsam mit Wasser aussp\u00fclen. Eventuell vorhandene Kontaktlinsen nach M\u00f6glichkeit entfernen. Weiter aussp\u00fclen. Ist \u00e4rztlicher Rat erforderlich, Kennzeichnungsetikett bereithalten.<\/span><\/p>\n<p class=\"Standard_1\"><span class=\"tm8\">Dieses Gemisch enth\u00e4lt keine Stoffe, die als PBT- oder vPvB-Stoff beurteilt werden.<\/span><\/p>\n<p>Diese L\u00f6sung hat einen pH Wert unter 11.<\/p>\n<p>&nbsp;<\/p>\n<hr \/>\n<p><span class=\"style7\"><strong>Salzs\u00e4ure 4%:<br \/>\n<\/strong><strong><img loading=\"lazy\" decoding=\"async\" class=\"alignnone size-full wp-image-55159\" src=\"https:\/\/shop.nlq24.eu\/wp-content\/uploads\/2019\/01\/Achtung-Ausrufezeichen-71x71-1.jpg\" alt=\"\" width=\"71\" height=\"71\" \/><br \/>\nAchtung<br \/>\n<\/strong><\/span>Kann gegen\u00fcber Metallen korrosiv sein. Verursacht Hautreizungen. Verursacht schwere Augenreizung. Bei Kontakt mit den Augen: Einige Minuten lang behutsam mit Wasser sp\u00fclen. Vorhandene Kontaktlinsen nach M\u00f6glichkeit entfernen. Weiter sp\u00fclen. Bei Verschlucken: Mund aussp\u00fclen. Kein Erbrechen herbeif\u00fchren. Schutzhandschuhe\/Schutzkleidung\/ Augenschutz\/Gesichtsschutz tragen. Bei der Mischung von Natriumchlorit 25% und S\u00e4ure entsteht Chlordioxid-Gas.<\/p>\n<p>Suchst du dies frequenten Substanzen allein und nicht als Set? Hier gelangst du zur Base <strong><a href=\"https:\/\/shop.nlq24.eu\/produkt\/natriumchlorit-25-loesung\/\">Natriumchlorit 25%<\/a><\/strong> und hier zu verschiedenen S\u00e4uren, wie <strong><a href=\"https:\/\/shop.nlq24.eu\/produkt\/salzsaeure-4\/\">Salzs\u00e4ure 4%<\/a><\/strong>, <strong><a href=\"https:\/\/shop.nlq24.eu\/produkt\/milchsaeure-21-rechtsdrehend\/\">Milchs\u00e4ure 21 %<\/a><\/strong> und <strong><a href=\"https:\/\/shop.nlq24.eu\/produkt\/zitronensaeure-50\/\">Zitronens\u00e4ure 50 %<\/a><\/strong>.<\/p>\n","protected":false},"excerpt":{"rendered":"<p><span class=\"style7\">Chlordioxid Set &#8211; Natriumchlorit 25 % + Salzs\u00e4ure 4 % <\/span><\/p>\n","protected":false},"featured_media":87055,"comment_status":"open","ping_status":"closed","template":"","meta":[],"product_brand":[],"product_cat":[42,81],"product_tag":[759,768,846,88,188,196,576],"class_list":{"0":"post-2682","1":"product","2":"type-product","3":"status-publish","4":"has-post-thumbnail","6":"product_cat-natriumchlorit-saeure","7":"product_cat-alle-produkte-im-ueberblick","8":"product_tag-hydrochloric-acid","9":"product_tag-hcl","10":"product_tag-wps1","11":"product_tag-salzsaeure-4","12":"product_tag-chlordioxid-set","13":"product_tag-natriumchlorit-25","14":"product_tag-aktivator","15":"product_shipping_class-standard","16":"pa_flaschenart-hdpe-flasche","17":"pa_flaschenart-glasflasche-din18","18":"pa_flaschenart-glasflasche-pp28","19":"pa_flaschenart-pp-flasche-halbtransparent","20":"pa_milliliter-10-x-100-ml","21":"pa_milliliter-1000-ml","22":"pa_milliliter-10-ml","23":"pa_milliliter-30-ml","24":"pa_milliliter-50-ml","25":"pa_milliliter-100-ml","26":"pa_milliliter-250-ml","27":"pa_milliliter-5-x-100-ml","28":"pa_milliliter-500-ml","30":"first","31":"instock","32":"taxable","33":"shipping-taxable","34":"purchasable","35":"product-type-variable"},"_links":{"self":[{"href":"https:\/\/shop.nlq24.eu\/de\/wp-json\/wp\/v2\/product\/2682","targetHints":{"allow":["GET"]}}],"collection":[{"href":"https:\/\/shop.nlq24.eu\/de\/wp-json\/wp\/v2\/product"}],"about":[{"href":"https:\/\/shop.nlq24.eu\/de\/wp-json\/wp\/v2\/types\/product"}],"replies":[{"embeddable":true,"href":"https:\/\/shop.nlq24.eu\/de\/wp-json\/wp\/v2\/comments?post=2682"}],"wp:featuredmedia":[{"embeddable":true,"href":"https:\/\/shop.nlq24.eu\/de\/wp-json\/wp\/v2\/media\/87055"}],"wp:attachment":[{"href":"https:\/\/shop.nlq24.eu\/de\/wp-json\/wp\/v2\/media?parent=2682"}],"wp:term":[{"taxonomy":"product_brand","embeddable":true,"href":"https:\/\/shop.nlq24.eu\/de\/wp-json\/wp\/v2\/product_brand?post=2682"},{"taxonomy":"product_cat","embeddable":true,"href":"https:\/\/shop.nlq24.eu\/de\/wp-json\/wp\/v2\/product_cat?post=2682"},{"taxonomy":"product_tag","embeddable":true,"href":"https:\/\/shop.nlq24.eu\/de\/wp-json\/wp\/v2\/product_tag?post=2682"}],"curies":[{"name":"wp","href":"https:\/\/api.w.org\/{rel}","templated":true}]}}