{"id":27,"date":"2018-09-16T12:01:43","date_gmt":"2018-09-16T12:01:43","guid":{"rendered":"https:\/\/www.nlq24.de\/?post_type=product&#038;p=27"},"modified":"2025-07-01T07:09:00","modified_gmt":"2025-07-01T07:09:00","slug":"cdh-starter-set","status":"publish","type":"product","link":"https:\/\/shop.nlq24.eu\/de\/Produkt\/cdh-starter-set\/","title":{"rendered":"CDH Starter Set &#8211; Doser-System-Flasche f\u00fcr 500 ml, Doser, Chlordioxid Set 30 ml + Messbecher"},"content":{"rendered":"<p class=\"Normal\">Dieses CDH Starter Set &#8211; Doser-System-Flasche f\u00fcr 500 ml, Doser, Chlordioxid Set 30 ml + Messbecher enth\u00e4lt:<\/p>\n<p class=\"Normal\">1 x 500 ml Volumen Braunglasflasche Dosereinsatz, Kindersicherheits-Verschlu\u00df also eine <strong><span class=\"tm5\">\u201eDoser-System-Flasche<\/span><\/strong>\u201c.<br \/>\n1 Doser zum Entnehmen und Abmessen.<br \/>\n30 ml Natriumchlorit 25 % L\u00f6sung in HDPE Flasche<br \/>\n30 ml Salzs\u00e4ure 4 % L\u00f6sung in HDPE Flasche<br \/>\n1 x Messbecher 30 mm.<\/p>\n<p>&nbsp;<\/p>\n<p class=\"Normal\"><strong>CD Starter Set Chemikalien vorsichtig verwenden und vor Gebrauch stets Etikett und Produktinformationen lesen.<\/strong><\/p>\n<div>\n<p><span class=\"style7\"><strong>Natriumchlorit 25 %<\/strong><strong><br \/>\n<\/strong><strong><img loading=\"lazy\" decoding=\"async\" class=\"alignnone wp-image-34427\" src=\"https:\/\/shop.nlq24.eu\/wp-content\/uploads\/2019\/01\/Achtung-Gefahrzeichen-Pictogram.jpg\" alt=\"Achtung\" width=\"69\" height=\"69\" \/><br \/>\nAchtung\u00a0\u00a0 <\/strong><\/span><\/p>\n<\/div>\n<p class=\"Standard_1\"><span class=\"tm6\">Gefahren- und Sicherheitshinweise:<\/span><\/p>\n<p class=\"Standard_1\"><span class=\"tm6\">Vor Gebrauch stets Etikett + Produktinformationen lesen.<\/span><\/p>\n<p class=\"Standard_1\"><span class=\"tm6\">Entwickelt bei Ber\u00fchrung mit S\u00e4ure sehr giftige Gase. Gesundheitssch\u00e4dlich bei Verschlucken. Verursacht schwere Augenreizung. Gesundheitssch\u00e4dlich bei Einatmen. Gas\/Nebel\/Dampf\/Aerosol nicht einatmen. Darf nicht in die H\u00e4nde von Kindern gelangen.<\/span><\/p>\n<p class=\"Standard_1\"><span class=\"tm6\">Schutzhandschuhe\/Schutzkleidung, Augenschutz\/Gesichtsschutz tragen. Nur in Original Verpackung unter Verschluss aufbewahren. Bei Verschlucken: Sofort Giftinformationszentrum oder Arzt anrufen. Bei Kontakt mit den Augen: Einige Minuten lang behutsam mit Wasser aussp\u00fclen. Eventuell vorhandene Kontaktlinsen nach M\u00f6glichkeit entfernen. Weiter aussp\u00fclen. Ist \u00e4rztlicher Rat erforderlich, Kennzeichnungsetikett bereithalten.<\/span><\/p>\n<p class=\"Standard_1\"><span class=\"tm8\">Dieses Gemisch enth\u00e4lt keine Stoffe, die als PBT- oder vPvB-Stoff beurteilt werden.<\/span><\/p>\n<hr \/>\n<div>\n<p><span class=\"style7\"><strong>Salzs\u00e4ure 4%:<br \/>\n<\/strong><strong><img loading=\"lazy\" decoding=\"async\" class=\"alignnone wp-image-34427\" src=\"https:\/\/shop.nlq24.eu\/wp-content\/uploads\/2019\/01\/Achtung-Gefahrzeichen-Pictogram.jpg\" alt=\"Achtung\" width=\"68\" height=\"68\" \/><br \/>\nAchtung\u00a0\u00a0\u00a0\u00a0\u00a0\u00a0\u00a0\u00a0 <\/strong><\/span><\/p>\n<p>Kann gegen\u00fcber Metallen korrosiv sein. Verursacht Hautreizungen. Verursacht schwere Augenreizung. Bei Kontakt mit den Augen: Einige Minuten lang behutsam mit Wasser sp\u00fclen. Vorhandene Kontaktlinsen nach M\u00f6glichkeit entfernen. Weiter sp\u00fclen. Bei Verschlucken: Mund aussp\u00fclen. Kein Erbrechen herbeif\u00fchren. Schutzhandschuhe\/Schutzkleidung\/ Augenschutz\/Gesichtsschutz tragen.<\/p>\n<\/div>\n","protected":false},"excerpt":{"rendered":"<p>CDH Starter Set &#8211; Doser-System-Flasche f\u00fcr 500 ml, Doser, Chlordioxid Set 30 ml + Messbecher<b><br \/>\n<span class=\"style7\"><strong>CDH Chlordioxid L\u00f6sung vorsichtig verwenden und vor Gebrauch stets Etikett und Produktinformationen lesen. <\/strong><\/span><br \/>\n<\/b><\/p>\n<p>&nbsp;<\/p>\n","protected":false},"featured_media":86820,"comment_status":"open","ping_status":"closed","template":"","meta":[],"product_brand":[],"product_cat":[81,858],"product_tag":[617,622,737,738,739,740],"class_list":{"0":"post-27","1":"product","2":"type-product","3":"status-publish","4":"has-post-thumbnail","6":"product_cat-alle-produkte-im-ueberblick","7":"product_cat-cdh-komponenten","8":"product_tag-cdh","9":"product_tag-starterset","10":"product_tag-cdh-starter-set","11":"product_tag-cdh-selbst-machen","12":"product_tag-cdh-komponenten","13":"product_tag-cdh-zubehoer","14":"product_shipping_class-standard","16":"first","17":"instock","18":"taxable","19":"shipping-taxable","20":"purchasable","21":"product-type-variable"},"_links":{"self":[{"href":"https:\/\/shop.nlq24.eu\/de\/wp-json\/wp\/v2\/product\/27","targetHints":{"allow":["GET"]}}],"collection":[{"href":"https:\/\/shop.nlq24.eu\/de\/wp-json\/wp\/v2\/product"}],"about":[{"href":"https:\/\/shop.nlq24.eu\/de\/wp-json\/wp\/v2\/types\/product"}],"replies":[{"embeddable":true,"href":"https:\/\/shop.nlq24.eu\/de\/wp-json\/wp\/v2\/comments?post=27"}],"wp:featuredmedia":[{"embeddable":true,"href":"https:\/\/shop.nlq24.eu\/de\/wp-json\/wp\/v2\/media\/86820"}],"wp:attachment":[{"href":"https:\/\/shop.nlq24.eu\/de\/wp-json\/wp\/v2\/media?parent=27"}],"wp:term":[{"taxonomy":"product_brand","embeddable":true,"href":"https:\/\/shop.nlq24.eu\/de\/wp-json\/wp\/v2\/product_brand?post=27"},{"taxonomy":"product_cat","embeddable":true,"href":"https:\/\/shop.nlq24.eu\/de\/wp-json\/wp\/v2\/product_cat?post=27"},{"taxonomy":"product_tag","embeddable":true,"href":"https:\/\/shop.nlq24.eu\/de\/wp-json\/wp\/v2\/product_tag?post=27"}],"curies":[{"name":"wp","href":"https:\/\/api.w.org\/{rel}","templated":true}]}}