{"id":2805,"date":"2019-01-26T19:58:36","date_gmt":"2019-01-26T19:58:36","guid":{"rendered":"https:\/\/www.nlq24.de\/?post_type=product&#038;p=2805"},"modified":"2025-06-17T09:37:44","modified_gmt":"2025-06-17T09:37:44","slug":"cds-cdl-chlordioxid-loesung-cdh3000","status":"publish","type":"product","link":"https:\/\/shop.nlq24.eu\/de\/Produkt\/cds-cdl-chlordioxid-loesung-cdh3000\/","title":{"rendered":"CDH3000 &#8211; Chlordioxid L\u00f6sung 0,3 % &#8211; ( CDS \/ CDL )"},"content":{"rendered":"<p class=\"Normal\">CDS \/ CDL Chlordioxid L\u00f6sung CDH3000 &#8211; ist eine Chlordioxid L\u00f6sung mit einem Anteil von &lt; 0,3 %.<\/p>\n<p class=\"Normal\">CDH ist ist die Abk\u00fcrzung f\u00fcr <strong>C<\/strong>hlor<strong> D<\/strong>ioxid <strong>H<\/strong>altbar.<\/p>\n<p class=\"Normal\">In meinem Shop kannst du diese immer frisch hergestellte Chlordioxid L\u00f6sung g\u00fcnstig kaufen. Du hast dabei verschiedenen Flaschen und Mengen zur Auswahl. W\u00e4hle, ob du deine CDS \/ CDL Chlordioxid L\u00f6sung CDH3000 mit oder ohne Dosiersystem (Doser-System) bestellen m\u00f6chtest. Jetzt auch mit best\u00e4ndigerem Doser-System!<\/p>\n<p class=\"Normal\"><strong><span class=\"tm6\">CDH\u00a0Hinweise:<\/span><\/strong><\/p>\n<p>CDH3000 Chlordioxid L\u00f6sung <span class=\"tm6\">vorsichtig verwenden. Vor Gebrauch stets Etikett und Produktinformationen lesen. <\/span>CDH3000 vor Licht sch\u00fctzen und nicht erhitzen. M\u00f6glichst k\u00fchl lagern. Die CDH3000-Fl\u00fcssigkeit kann unverd\u00fcnnt organisches Material entf\u00e4rben. Nach Einatmen von \u00fcber der Fl\u00fcssigkeit befindlichem Gas, sorge f\u00fcr Frischluft. Bei Kontakt mit den Augen, sp\u00fcle das Auge bei ge\u00f6ffnetem Lidspalt mit Wasser. Nach versehentlichem Verschlucken, trinke reichlich Wasser zur Verd\u00fcnnung. Solltest du anhaltende Beschwerden haben, suche einen Arzt oder Heilpraktiker auf. Lasse keine gr\u00f6\u00dferen Mengen in die Kanalisation oder Gew\u00e4sser gelangen. Lagere es k\u00fchl und vor Licht gesch\u00fctzt in der geschlossenen Flasche.<\/p>\n<h3 class=\"Normal\"><strong><span class=\"tm6\">Folgende CDS \/ CDL Chlordioxid L\u00f6sung CDH3000 &#8211; Varianten stehen zur Auswahl:<\/span><\/strong><\/h3>\n<p class=\"Normal\">Die <strong><span class=\"tm6\">100 ml<\/span><\/strong> Variante gibt es in HDPE- oder Glasflasche DIN18 jeweils mit Tropfer. F\u00fcr die Variante in der braunen Glasflasche biete ich dir auch ein Dosiersystem zur Auswahl an.<br \/>\nDie <strong>250 ml<\/strong> Variante biete ich in der Glasflasche PP28 an. Wahlweise kannst du zu dieser Flasche einen Doser (Dosiersystem) mit dem passenden Einsatz zum Entnehmen und Abmessen gleich mit ausw\u00e4hlen.<br \/>\nAuch die <strong>500 ml<\/strong> biete ich in der Glasflasche PP28 an und auch hier kannst du ausw\u00e4hlen, ob du das praktische Doser-System gleich mit dazu bestellen m\u00f6chtest. Und schlie\u00dflich die <strong>1000 ml<\/strong> Flasche.<\/p>\n<p><a href=\"https:\/\/shop.nlq24.eu\/de\/produkt\/doser-system-6-28-mm\/\">Das Doser-System 6 ml<\/a> hat eine<strong> best\u00e4ndigere Spritze<\/strong>, welche l\u00e4nger h\u00e4lt.<\/p>\n<p>&nbsp;<\/p>\n<h3 class=\"Normal\"><strong>Wichtig bei der Auswahl deiner CDS \/ CDL Chlordioxid L\u00f6sung CDH3000:<\/strong><\/h3>\n<p class=\"Normal\">W\u00e4hlst du die Variante &#8222;Ohne Doser-System&#8220;, verf\u00fcgt die Flasche nicht \u00fcber einen Doser-Einsatz. Der Deckel bei dieser Variante passt auch nicht zum Doser-System.<\/p>\n<p class=\"Normal\">Ein CDH3000 ist Qualit\u00e4tsprodukt von <a href=\"https:\/\/www.natao.org\/cdh3000-cdl-wasserdesinfektion.htm\">OX-IT.<\/a><\/p>\n<h3>Lagerung:<\/h3>\n<p>Lagere dein CDH k\u00fchl und vor allem dunkel. Nach dem Entnehmen, sofort die Flasche wieder verschlie\u00dfen. Richtig verwendet bleibt dein CDH so gute 6 Monate kr\u00e4ftig.<\/p>\n<p>&nbsp;<\/p>\n<p><strong>M\u00f6chtest du ein aktiviertes CDH3000, welches noch l\u00e4nger kr\u00e4ftig ist? <\/strong><\/p>\n<p>Dann schaue dir mal das <span style=\"color: #0000ff;\"><strong><a style=\"color: #0000ff;\" href=\"https:\/\/shop.nlq24.eu\/produkt\/cdh3000-premium-chlordioxid-loesung-03-in-mironglas\/\">CDH3000 Premium<\/a><\/strong><\/span> an!<\/p>\n<p>&nbsp;<\/p>\n<p><strong>Oder m\u00f6chtest du ein CDH3000 welches du erst bei Bedarf selbst aktivierst und somit noch viel l\u00e4nger einsetzbar ist?<\/strong><\/p>\n<p>Zur Krisenvorsorge eignet sich hier das <strong><a href=\"https:\/\/shop.nlq24.eu\/de\/produkt\/cdl3000-long-chlordioxid-loesung-unaktiviert-mit-aktivator\/\">CDH3000 LONG<\/a><\/strong><\/p>\n<p>&nbsp;<\/p>\n<p><span class=\"tm6\">Alle CDH Produkte werden im Shop als reine Chemikalie verkauft.<\/span><\/p>\n","protected":false},"excerpt":{"rendered":"<p>CDH3000 Chlordioxid L\u00f6sung <span class=\"tm6\">vorsichtig verwenden. Vor Gebrauch stets Etikett und Produktinformationen lesen.<\/span><\/p>\n","protected":false},"featured_media":69796,"comment_status":"open","ping_status":"closed","template":"","meta":[],"product_brand":[],"product_cat":[31,81],"product_tag":[1798,64,68,617,706,124,784,785],"class_list":{"0":"post-2805","1":"product","2":"type-product","3":"status-publish","4":"has-post-thumbnail","6":"product_cat-cdh3000-cdl3000","7":"product_cat-alle-produkte-im-ueberblick","8":"product_tag-chlordioxid-fertigloesung","9":"product_tag-cdh3000","10":"product_tag-chlordioxid-loesung","11":"product_tag-cdh","12":"product_tag-cds-cdl","13":"product_tag-cdl","14":"product_tag-cdh3000-chlordioxid-loesung","15":"product_tag-cdh3000-original-rezept","16":"product_shipping_class-standard","17":"pa_flaschenart-hdpe-flasche","18":"pa_flaschenart-glasflasche-din18","19":"pa_flaschenart-glasflasche-pp28","20":"pa_milliliter-200-ml","21":"pa_milliliter-2-x-500-ml","22":"pa_milliliter-100-ml","23":"pa_milliliter-250-ml","24":"pa_milliliter-500-ml","25":"pa_milliliter-1000-ml","27":"first","28":"instock","29":"taxable","30":"shipping-taxable","31":"purchasable","32":"product-type-variable"},"_links":{"self":[{"href":"https:\/\/shop.nlq24.eu\/de\/wp-json\/wp\/v2\/product\/2805","targetHints":{"allow":["GET"]}}],"collection":[{"href":"https:\/\/shop.nlq24.eu\/de\/wp-json\/wp\/v2\/product"}],"about":[{"href":"https:\/\/shop.nlq24.eu\/de\/wp-json\/wp\/v2\/types\/product"}],"replies":[{"embeddable":true,"href":"https:\/\/shop.nlq24.eu\/de\/wp-json\/wp\/v2\/comments?post=2805"}],"wp:featuredmedia":[{"embeddable":true,"href":"https:\/\/shop.nlq24.eu\/de\/wp-json\/wp\/v2\/media\/69796"}],"wp:attachment":[{"href":"https:\/\/shop.nlq24.eu\/de\/wp-json\/wp\/v2\/media?parent=2805"}],"wp:term":[{"taxonomy":"product_brand","embeddable":true,"href":"https:\/\/shop.nlq24.eu\/de\/wp-json\/wp\/v2\/product_brand?post=2805"},{"taxonomy":"product_cat","embeddable":true,"href":"https:\/\/shop.nlq24.eu\/de\/wp-json\/wp\/v2\/product_cat?post=2805"},{"taxonomy":"product_tag","embeddable":true,"href":"https:\/\/shop.nlq24.eu\/de\/wp-json\/wp\/v2\/product_tag?post=2805"}],"curies":[{"name":"wp","href":"https:\/\/api.w.org\/{rel}","templated":true}]}}