{"id":285,"date":"2018-11-22T19:33:27","date_gmt":"2018-11-22T19:33:27","guid":{"rendered":"https:\/\/www.nlq24.de\/?post_type=product&#038;p=285"},"modified":"2026-04-06T08:32:08","modified_gmt":"2026-04-06T08:32:08","slug":"tachyon-anti-strahlungs-sticker","status":"publish","type":"product","link":"https:\/\/shop.nlq24.eu\/de\/Produkt\/tachyon-anti-strahlungs-sticker\/","title":{"rendered":"Tachyon &#8222;Anti-Strahlungs-Sticker&#8220;"},"content":{"rendered":"<p class=\"Normal\"><strong><span class=\"tm5\">Tachyon &#8222;Anti-Strahlungs-Sticker&#8220;<br \/>\n<\/span><\/strong><\/p>\n<p class=\"Normal\">Diese Sticker haben laut Hersteller eine Power von 800-1000 negative Ionen.<\/p>\n<p class=\"Normal\">Also ein Schmuckst\u00fcck mit richtig Power. Die Gr\u00f6\u00dfe liegt im Durchmesser bei 25 mm<\/p>\n<p class=\"Normal\">Bitte lesen Sie den Haftungsausschluss am Ende dieses Dokumentes.<\/p>\n<p class=\"Normal\"><strong><span class=\"tm5\">Was sagt der Hersteller und was sagen Anwender?<\/span><\/strong><\/p>\n<p>&nbsp;<\/p>\n<h3 class=\"Normal\"><strong><span class=\"tm5\">Gefahr durch Handy-Strahlung und 5G?<\/span><\/strong><\/h3>\n<p class=\"Normal\">Mobiltelefone w\u00fcrden mit einer sch\u00e4dlichen Strahlung arbeiten, die f\u00fcr unsere Gesundheit gef\u00e4hrlich sei. Dies h\u00e4tten viele Studien auf der ganzen Welt gezeigt. Sensitive Menschen haben Handys und anderen Elektrosmog schon lange als St\u00f6rfaktor ausgemacht. Sie sch\u00e4tzen die positive Wirkung der Tachyon Anti-Strahlungs-Sticker.<\/p>\n<p class=\"Normal\">Er absorbiert und \u00fcbertr\u00e4gt elektromagnetische Felder (EMF) Strahlungswellen. Dies ist durch die Verwendung spezieller Materialien m\u00f6glich. Dadurch soll der Tachyon &#8222;Anti-Strahlungs-Sticker&#8220; <strong>negative Auswirkungen<\/strong> auf das menschliche Gehirn um bis zu 99 Prozent <strong>reduzieren<\/strong>. Dr. David Carpenter sage, dass 30% aller Krebserkrankungen bei Kindern mit einer ELF-Exposition im Zusammenhang stehen k\u00f6nnten. Er ist Dekan an der \u201eSchool of Public Health\u201c. Das ist die Schule f\u00fcr \u00f6ffentliche Gesundheit, an der staatlichen Universit\u00e4t von New York. \u00c4rzte aus dem vereinigten K\u00f6nigreich haben zudem Warnungen herausgegeben. In diesen dr\u00e4ngen Sie darauf, dass Kinder unter 16 Jahren keine Handys verwenden sollten. K\u00f6nnen wir akzeptieren, dass unsere Lieben diesen externen Stressoren und der sch\u00e4dlichen EMF Strahlung Tag f\u00fcr Tag ausgesetzt sind? Auch wenn es allgemein leider akzeptiert ist, dass elektromagnetische Feld-Strahlung von Mobiltelefonen ausgeht, neigen wir dazu, dies zu ignorieren. Und dies, obwohl diese unsere Gesundheit beeintr\u00e4chtigen k\u00f6nnen. Viele Menschen sind gerade zu abh\u00e4ngig von ihren Mobiltelefonen geworden.<\/p>\n<p class=\"Normal\">L\u00e4ngere Forschung habe gezeigt, dass wiederholter Kontakt mit aggressiven EMF und EPR Strahlung eine messbare Reaktion und Stress verursachen k\u00f6nne. Dies f\u00fchrt zu negativen Verschiebungen im K\u00f6rper und im energetischen System. Gemeint ist das bio energetischen Feld. Die EMF und EPR-Strahlung soll danach auch eine Reihe von beunruhigenden, biochemischen negativen Reaktionen f\u00f6rdern. Gesundheitlichen St\u00f6rungen, wie M\u00fcdigkeit und Bluthochdruck sowie m\u00f6glicherweise viel gef\u00e4hrlichere Auswirkungen, k\u00f6nnten damit in Verbindung stehen.<\/p>\n<p class=\"Normal\">W\u00e4rmebilder verdeutlichen den Effekt auf den K\u00f6rper.<\/p>\n<div>\n<h3 class=\"Normal\"><strong><span class=\"tm6\">Tipps f\u00fcr besorgte Handy-Nutzer<\/span><\/strong><\/h3>\n<p class=\"Normal\">Ohne den Tachyon Sticker l\u00e4sst sich eine Belastung wenig verringern. Wer beim Verbindungsaufbau das Handy nicht an das Ohr h\u00e4lt, reduziert zumindest ein wenig die Wirkung auf das Gehirn. Ein Headset mit Kabel, bringe wohl kaum etwas. Das l\u00e4ge daran, dass es wie eine Antenne verst\u00e4rkend auf die Strahlung wirken w\u00fcrde.<\/p>\n<p class=\"Normal\">Dieser kleine goldener Sticker k\u00f6nne, au\u00dfer auf dem Mobil Telefon, auch auf andere Ger\u00e4te geklebt werden. Er absorbiere und \u00fcbertr\u00e4gt laut Hersteller elektromagnetische Felder (EMF) Strahlungswellen durch Verwendung spezieller Materialien und soll so Sch\u00e4den auf das menschliche Gehirn um bis zu 99 % reduzieren, die mit der Handy-Strahlung im Zusammenhang stehen k\u00f6nnten.<\/p>\n<h3 class=\"Normal\"><strong><span class=\"tm6\">Wie k\u00f6nnen wir Strahlung vom Handy durch die Tachyon &#8222;Anti-Strahlungs-Sticker&#8220; reduzieren?<\/span><\/strong><\/h3>\n<p class=\"Normal\">Die Tachyon Technologie ist f\u00fchrend in der \u201eEnergiemedizin\u201c. Die Einf\u00fchrung dieser Quanten-Technologie ist eine echte neue Innovation. Sie bietet Ihnen damit eine revolution\u00e4re und moderne Technologie, Stress zu begegnen. Und das, wo Sie leben, arbeiten oder auch spielen. Der Tachyon Sticker ist\u00a0universell einsetzbar. <strong>Au<span class=\"tm6\">f allen elektronischen und technischen Ger\u00e4ten. <\/span><\/strong>Dabei ist es egal ob diese verdrahtet oder drahtlos sind. Sie k\u00f6nnen Sie f\u00fcr alle verschiedenen Ebenen von elektromagnetischen Feldern (EMF) oder elektromagnetische Strahlung (EMR) anwenden.<\/p>\n<p class=\"Normal\">Darunter fallen Haushaltsger\u00e4te, Handys, alle Netzger\u00e4te von Ger\u00e4ten, wie Fernseher, Kaffeemaschine, Drucker, Heimtelefone, etc. Einfach den Sticker auf das Netzteil oder das Batteriefach kleben. Dieser Sticker ist f\u00fcr den menschlichen K\u00f6rper unsch\u00e4dlich. Er beeintr\u00e4chtigt nicht den mobilen Empfang von Telefonen.<\/p>\n<p class=\"Normal\"><strong><u><span class=\"tm6\">Haftungsausschluss \/ Nutzungsbedingungen f\u00fcr Tachyon Produkte<\/span><\/u><\/strong><\/p>\n<p class=\"Normal\"><strong><span class=\"tm6\">Inhalt:<\/span><\/strong> Die Texte auf meiner Website erheben keinen Anspruch auf naturwissenschaftliche Vollst\u00e4ndigkeit. Tachyonen Produkte und deren Anwendung ersetzen keinesfalls die Unterst\u00fctzung oder Therapie eines Arztes, Heilpraktikers oder anderer medizinischer oder psychologischer Therapeuten oder Sachverst\u00e4ndigen. Die Produkte dienen nicht als Alternative zu klassischem Heilmitteln und Methoden. Die Messverfahren, welche die Wirkung nachweisen k\u00f6nnen, werden nach <u><a href=\"http:\/\/www.spektrum.de\/alias\/wissenschaftstheorie\/die-physik-ein-baufaelliger-turm-von-babel\/1139123\">aktuellen wissenschaftlichen Standards<\/a><\/u> nicht anerkannt. Die genannten Eigenschaften unserer Produkte beruhen alle auf praktischen Erfahrungen. Ich kann f\u00fcr die dargestellten Anwendungen und Erfahrungen keine Haftung \u00fcbernehmen. Auch nicht f\u00fcr die erl\u00e4uterten Ausf\u00fchrungen des Herstellers, welche ich hier wiedergeben habe. Ich \u00fcbernehme weder eine Haftung noch eine Garantie f\u00fcr die beschriebenen Wirkungen. Ich \u00fcbernehme auch keine Haftung f\u00fcr evtl. Fehlanwendungen. Zudem gebe ich auch keinerlei Heilversprechen. Der Anwender und Besteller dieser Produkte wird darauf hingewiesen, dass die Anwendung seiner eigenen Verantwortung unterstellt bleibt. Sollten gesundheitliche St\u00f6rungen bei Ihnen auftreten, die in Zusammenhang mit dem Produkt stehen, so bitte ich um R\u00fcckmeldung. Gleichzeitig mache ich darauf aufmerksam, dass bei jeder physischen oder psychischen Befindlichkeitsst\u00f6rung auf jeden Fall ein Arzt, Therapeut oder Heilpraktiker zur Hilfe herangezogen werden sollte. Tachyon Produkte d\u00fcrfen weder gegessen noch geschluckt werden. Sie sind auch keine Spielzeuge f\u00fcr unbeaufsichtigte Kleinkinder. Nur unter diesen Bedingungen vertreibe ich diese Produkte. Auch die gesammelten Informationen von Anwendern gebe ich nur unter diesen Bedingungen weiter. Weltweit gibt es viele zufriedene Anwender.<\/p>\n<p class=\"Normal\"><strong><span class=\"tm6\">Links:<\/span><\/strong> Trotz sorgf\u00e4ltiger inhaltlicher Kontrolle \u00fcbernehme ich keine Haftung f\u00fcr die Inhalte externer Links. F\u00fcr den Inhalt der verlinkten Seiten sind ausschlie\u00dflich deren Betreiber verantwortlich.<\/p>\n<\/div>\n<p>&nbsp;<\/p>\n<p>&nbsp;<\/p>\n<p>&nbsp;<\/p>\n","protected":false},"excerpt":{"rendered":"<p>Tachyon &#8222;Anti-Strahlungs-Sticker&#8220;<\/p>\n","protected":false},"featured_media":11991,"comment_status":"open","ping_status":"closed","template":"","meta":[],"product_brand":[],"product_cat":[81,225],"product_tag":[766,233,236,505,517,765],"class_list":{"0":"post-285","1":"product","2":"type-product","3":"status-publish","4":"has-post-thumbnail","6":"product_cat-alle-produkte-im-ueberblick","7":"product_cat-tachyon-produkte","8":"product_tag-scalar-enery","9":"product_tag-negative-ionen","10":"product_tag-strahlenschutz","11":"product_tag-sticker","12":"product_tag-tachyon","13":"product_tag-anti-strahlungs-sticker","14":"product_shipping_class-standard","15":"pa_stueck-156","16":"pa_stueck-6er-set","17":"pa_stueck-3554","18":"pa_stueck-3555","20":"first","21":"instock","22":"taxable","23":"shipping-taxable","24":"purchasable","25":"product-type-variable"},"_links":{"self":[{"href":"https:\/\/shop.nlq24.eu\/de\/wp-json\/wp\/v2\/product\/285","targetHints":{"allow":["GET"]}}],"collection":[{"href":"https:\/\/shop.nlq24.eu\/de\/wp-json\/wp\/v2\/product"}],"about":[{"href":"https:\/\/shop.nlq24.eu\/de\/wp-json\/wp\/v2\/types\/product"}],"replies":[{"embeddable":true,"href":"https:\/\/shop.nlq24.eu\/de\/wp-json\/wp\/v2\/comments?post=285"}],"wp:featuredmedia":[{"embeddable":true,"href":"https:\/\/shop.nlq24.eu\/de\/wp-json\/wp\/v2\/media\/11991"}],"wp:attachment":[{"href":"https:\/\/shop.nlq24.eu\/de\/wp-json\/wp\/v2\/media?parent=285"}],"wp:term":[{"taxonomy":"product_brand","embeddable":true,"href":"https:\/\/shop.nlq24.eu\/de\/wp-json\/wp\/v2\/product_brand?post=285"},{"taxonomy":"product_cat","embeddable":true,"href":"https:\/\/shop.nlq24.eu\/de\/wp-json\/wp\/v2\/product_cat?post=285"},{"taxonomy":"product_tag","embeddable":true,"href":"https:\/\/shop.nlq24.eu\/de\/wp-json\/wp\/v2\/product_tag?post=285"}],"curies":[{"name":"wp","href":"https:\/\/api.w.org\/{rel}","templated":true}]}}