{"id":304,"date":"2018-11-28T12:43:09","date_gmt":"2018-11-28T12:43:09","guid":{"rendered":"https:\/\/www.nlq24.de\/?post_type=product&#038;p=304"},"modified":"2026-02-27T21:17:32","modified_gmt":"2026-02-27T21:17:32","slug":"magnesiumsulfat-epsom-salz-1000g-reinst","status":"publish","type":"product","link":"https:\/\/shop.nlq24.eu\/de\/Produkt\/magnesiumsulfat-epsom-salz-1000g-reinst\/","title":{"rendered":"Magnesiumsulfat (Epsom Salz) 1000g reinst."},"content":{"rendered":"<div><u><strong>Magnesiumsulfat (Epsom Salz) 1000g reinst<br \/>\n<\/strong><\/u><\/div>\n<p>Diese Epsom Salz ist ein Anhydrat, Wasseranteil unter 1%. Es handelt sich um ca. 100% Bittersalz. Ihr Epsomsalz wird auch als MgSO4 bezeichnet. Das Magnesiumsulfat ist ein salzartiges, bitteres Pulvergranulat.<\/p>\n<p>Ich biete Ihnen hier 1000 Gramm in einer PE Dose mit Schraubdeckel an. Diese Bittersalz hat eine \u00a0sehr hochwertige Spitzenqualit\u00e4t. Es ist ebenso f\u00fcr Aquaristik sehr gut geeignet, wie auch f\u00fcr Trocknungszwecke und viele andere Anwendungen, wie Vollb\u00e4der, f\u00fcr die Sie eine Qualit\u00e4t reinst ben\u00f6tigen.<\/p>\n<p>Manche Menschen bezeichnen dieses Salz als geheime Substanz der Gro\u00dfm\u00fctter.<\/p>\n","protected":false},"excerpt":{"rendered":"<p>Magnesiumsulfat (Epsom Salz) 1000g reinst.<\/p>\n","protected":false},"featured_media":88402,"comment_status":"open","ping_status":"closed","template":"","meta":[],"product_brand":[],"product_cat":[38,81,145],"product_tag":[3059,249,250,251,304,623,626],"class_list":{"0":"post-304","1":"product","2":"type-product","3":"status-publish","4":"has-post-thumbnail","6":"product_cat-mineralien","7":"product_cat-alle-produkte-im-ueberblick","8":"product_cat-magnesium-produkte","9":"product_tag-epsom-salz","10":"product_tag-magnesiumsulfat","11":"product_tag-bittersalz","12":"product_tag-mgso4","13":"product_tag-salz","14":"product_tag-epsom","15":"product_tag-salzartiges","16":"product_shipping_class-standard","17":"pa_flaschenart-glasflasche-din18","18":"pa_flaschenart-glasflasche-pp28","19":"pa_flaschenart-pp-flasche-halbtransparent","20":"pa_flaschenart-hdpe-flasche","21":"pa_milliliter-50-ml","22":"pa_milliliter-100-ml","23":"pa_milliliter-250-ml","24":"pa_milliliter-500-ml","25":"pa_milliliter-1000-ml","27":"first","28":"instock","29":"taxable","30":"shipping-taxable","31":"purchasable","32":"product-type-simple"},"_links":{"self":[{"href":"https:\/\/shop.nlq24.eu\/de\/wp-json\/wp\/v2\/product\/304","targetHints":{"allow":["GET"]}}],"collection":[{"href":"https:\/\/shop.nlq24.eu\/de\/wp-json\/wp\/v2\/product"}],"about":[{"href":"https:\/\/shop.nlq24.eu\/de\/wp-json\/wp\/v2\/types\/product"}],"replies":[{"embeddable":true,"href":"https:\/\/shop.nlq24.eu\/de\/wp-json\/wp\/v2\/comments?post=304"}],"wp:featuredmedia":[{"embeddable":true,"href":"https:\/\/shop.nlq24.eu\/de\/wp-json\/wp\/v2\/media\/88402"}],"wp:attachment":[{"href":"https:\/\/shop.nlq24.eu\/de\/wp-json\/wp\/v2\/media?parent=304"}],"wp:term":[{"taxonomy":"product_brand","embeddable":true,"href":"https:\/\/shop.nlq24.eu\/de\/wp-json\/wp\/v2\/product_brand?post=304"},{"taxonomy":"product_cat","embeddable":true,"href":"https:\/\/shop.nlq24.eu\/de\/wp-json\/wp\/v2\/product_cat?post=304"},{"taxonomy":"product_tag","embeddable":true,"href":"https:\/\/shop.nlq24.eu\/de\/wp-json\/wp\/v2\/product_tag?post=304"}],"curies":[{"name":"wp","href":"https:\/\/api.w.org\/{rel}","templated":true}]}}