{"id":31023,"date":"2019-07-04T12:38:18","date_gmt":"2019-07-04T12:38:18","guid":{"rendered":"https:\/\/www.nlq24.de\/?post_type=product&#038;p=31023"},"modified":"2025-03-18T18:12:56","modified_gmt":"2025-03-18T18:12:56","slug":"doser-dosierspritze-10-ml-fuer-pp28-flaschen","status":"publish","type":"product","link":"https:\/\/shop.nlq24.eu\/de\/Produkt\/doser-dosierspritze-10-ml-fuer-pp28-flaschen\/","title":{"rendered":"Doser &#8211; Dosierspritze 10 ml f\u00fcr PP 28 Flaschen"},"content":{"rendered":"<p class=\"Normal\"><strong><span class=\"tm6\">Der Doser<\/span><\/strong> ist ein Teil des <strong><span class=\"tm6\">ORIGINAL <\/span><span class=\"tm6\"><a href=\"https:\/\/shop.nlq24.eu\/de\/produkt\/doser-cdh-doser-10-ml\/\">Doser-Systems<\/a><\/span><span class=\"tm6\">. <\/span><\/strong><\/p>\n<p class=\"Normal\"><strong><span class=\"tm6\">Es passt in alle angebotenen Flaschen mit der Gr\u00f6\u00dfe PP28 (28 mm \u00d6ffnungsdurchmesser), <\/span><\/strong><strong><span class=\"tm6\">auch auf die Miron Glasflaschen 250, 500 und 1000 ml.<br \/>\n<\/span><\/strong><\/p>\n<p class=\"Normal\">Dieser Doser (Dosierspritze) ist eine genaue Hilfe zur Dosierung von Fl\u00fcssigkeiten, wie: CDH, Wasser, S\u00e4fte etc. Es handelt sich um eine Art Dosierspritze. Diese wird durch einen Flascheneinsatz, dem <strong><a href=\"https:\/\/shop.nlq24.eu\/de\/produkt\/doser-einsatz-fuer-doser-system\/\">Doser-Einsatz<\/a><\/strong>, zu einer Entnahmevorrichtung.<\/p>\n<p>Der St\u00f6\u00dfel im Doser ist aus dem Material PE. Zu diesem Doser gibt es einem kleinen Kunststoff-Einsatz, dem sogenannten Doser-Einsatz. Er kann in Flaschen der Gr\u00f6\u00dfe PP28 hineingepresst werden. Der<strong> Doser<\/strong> wiederum, <strong>passt<\/strong> genau <strong>in den Doser-Einsatz<\/strong>. So k\u00f6nnen Sie mit dem Doser-Einsatz und dem pass genauen Doser <strong>Fl\u00fcssigkeiten<\/strong> aus diesen Flaschen <strong>entnehmen<\/strong>. Und dies <strong>ohne Verluste<\/strong> und ganz sauber. Das Tolle an diesem System ist, dass Sie die Fl\u00fcssigkeit beim Aufziehen in den Doser<strong> gleichzeitig abmessen<\/strong> k\u00f6nnen. Dies erm\u00f6glicht Ihnen die Graduierung des 10 ml Dosers. Sie ist in 0,5 ml &#8211; Schritte aufgeteilt. So k\u00f6nnen sie mit diesem <strong>viel genauer dosieren,<\/strong> als mit einem Messbecher.<\/p>\n<h3 class=\"Normal\"><strong><span class=\"tm6\">Mein Pflege-TIPP f\u00fcr Doser-System 28mm:<\/span><\/strong><\/h3>\n<div><strong>Doser und Skala\u00a0Pflegehinweis:<\/strong><\/div>\n<div><\/div>\n<div>Die Skala vom Doser 10 ml f\u00fcr 28 mm Flaschen ist innen am Stempel aufgebracht. Werden nun Substanzen damit aufgezogen und\u00a0abgemessen, k\u00f6nnen Reste dieser l\u00f6senden Substanzen von diesen, die im Innenraum des Dosers anhaften zum langsamen Anl\u00f6sen der Skala\u00a0f\u00fchren. Aus diesem Grund sollte man bei Nutzung des Dosers mit solchen Substanzen diesen gleich nach der Nutzung, gut absp\u00fclen.<\/div>\n<div><\/div>\n<div>Der kleine Gummiring am Stempel in dem Doser kann nach einem gewissen Zeitraum der Nutzung an Geschmeidigkeit verlieren.<\/div>\n<div>Wenn dann der Doser schwerg\u00e4ngig wird, kann man den Stempel komplett aus dem Geh\u00e4use des Dosers herausziehen und den\u00a0Gummi Dichtungsring mit einem Tropfen <strong>Pflanzen\u00f6l<\/strong> benetzen und wieder einf\u00fchren. Danach bewege man den Stempel im Doser Geh\u00e4use<\/div>\n<div>ein wenig hin- und her bzw. nach oben und unten, dann wird er wieder leichtg\u00e4ngig.<\/div>\n<p class=\"Normal\">Sollte der Doser also einmal schwer g\u00e4ngig werden, gehen Sie einfach wie folgt vor.<br \/>\n1.) Ziehen Sie den St\u00f6\u00dfel aus dem Doser-Geh\u00e4use.<br \/>\n2.) Benetzen Sie das um den St\u00f6\u00dfel angebrachte Dichtungsgummi mit einem Tropfen Pflanzen\u00f6l.<br \/>\n3.) Schieben Sie den St\u00f6\u00dfel wieder hinein und bewegen diesen ein paar Mal auf und ab. Danach ist er wieder leichtg\u00e4ngig!<\/p>\n<p class=\"Normal\"><strong><span class=\"tm6\">Doser-Variante:<br \/>\n<\/span><\/strong>Der Doser f\u00fcr 10 ml Volumen hat 13,6 mm Durchmesser und 134 mm L\u00e4nge. Die Graduierung l\u00e4sst sich in 0,5 ml Schritten gut ablesen.<\/p>\n<p class=\"Normal\">Ben\u00f6tigen Sie <strong>nur<\/strong> einen Doser-Einsatz, finden Sie diesen <strong><u><a href=\"https:\/\/shop.nlq24.eu\/produkt\/doser-einsatz\/\"><span class=\"tm6\">hier<\/span><\/a><\/u><span class=\"tm7\">.<\/span><\/strong><\/p>\n<h2>WEITERE Doser-Systeme zum sauberen Entnehmen<\/h2>\n<p class=\"Normal\">Ein <strong>Doser-System f\u00fcr eine kleine DIN18 Glasflaschen<\/strong> (30-100 ml) finden Sie <strong><a href=\"https:\/\/shop.nlq24.eu\/de\/produkt\/doser-system-din18\/\">HIER<\/a><\/strong>.<\/p>\n<p>Ein noch <a href=\"https:\/\/shop.nlq24.eu\/de\/produkt\/doser-system-bestaendig\/\">best\u00e4ndigeres Doser-System f\u00fcr 28 mm 12 ml Flaschen<\/a> finden Sie <a href=\"https:\/\/shop.nlq24.eu\/de\/produkt\/doser-system-bestaendig\/\">HIER<\/a>. Dies verf\u00fcgt \u00fcber eine h\u00e4rtere Spritze, welche die Graduierung auf der Au\u00dfenseite hat und insgesamt best\u00e4ndiger ist.<\/p>\n<p>Das best\u00e4ndige <a href=\"https:\/\/shop.nlq24.eu\/de\/produkt\/doser-system-din18\/\">Doser-System DIN18<\/a> gibt es hier auch f\u00fcr Flaschen mit ein Durchmessr der M\u00fcndung von 18 mm. Diese sind meist auf diese <a href=\"https:\/\/shop.nlq24.eu\/de\/produkt\/glasflasche-din18-vario\/\">Tropferflaschen<\/a> von 10 bis 100 ml zu finden.<\/p>\n","protected":false},"excerpt":{"rendered":"<p>Doser Dosierspritze f\u00fcr Flasche PP28 10 ml Volumen<\/p>\n","protected":false},"featured_media":5775,"comment_status":"open","ping_status":"closed","template":"","meta":[],"product_brand":[],"product_cat":[43,46,81,3742],"product_tag":[732,82,83,286,287,294],"class_list":{"0":"post-31023","1":"product","2":"type-product","3":"status-publish","4":"has-post-thumbnail","6":"product_cat-dosieren-abmessen","7":"product_cat-doser-fuer-pp28-flaschen","8":"product_cat-alle-produkte-im-ueberblick","9":"product_cat-alle-doser-systeme","10":"product_tag-dosierpipette","11":"product_tag-doser","12":"product_tag-cdh-doser","13":"product_tag-dosierspritze","14":"product_tag-dosierer","15":"product_tag-doser-einsatz","16":"product_shipping_class-standard","18":"first","19":"instock","20":"taxable","21":"shipping-taxable","22":"purchasable","23":"product-type-simple"},"_links":{"self":[{"href":"https:\/\/shop.nlq24.eu\/de\/wp-json\/wp\/v2\/product\/31023","targetHints":{"allow":["GET"]}}],"collection":[{"href":"https:\/\/shop.nlq24.eu\/de\/wp-json\/wp\/v2\/product"}],"about":[{"href":"https:\/\/shop.nlq24.eu\/de\/wp-json\/wp\/v2\/types\/product"}],"replies":[{"embeddable":true,"href":"https:\/\/shop.nlq24.eu\/de\/wp-json\/wp\/v2\/comments?post=31023"}],"wp:featuredmedia":[{"embeddable":true,"href":"https:\/\/shop.nlq24.eu\/de\/wp-json\/wp\/v2\/media\/5775"}],"wp:attachment":[{"href":"https:\/\/shop.nlq24.eu\/de\/wp-json\/wp\/v2\/media?parent=31023"}],"wp:term":[{"taxonomy":"product_brand","embeddable":true,"href":"https:\/\/shop.nlq24.eu\/de\/wp-json\/wp\/v2\/product_brand?post=31023"},{"taxonomy":"product_cat","embeddable":true,"href":"https:\/\/shop.nlq24.eu\/de\/wp-json\/wp\/v2\/product_cat?post=31023"},{"taxonomy":"product_tag","embeddable":true,"href":"https:\/\/shop.nlq24.eu\/de\/wp-json\/wp\/v2\/product_tag?post=31023"}],"curies":[{"name":"wp","href":"https:\/\/api.w.org\/{rel}","templated":true}]}}