{"id":33194,"date":"2019-07-25T12:08:14","date_gmt":"2019-07-25T12:08:14","guid":{"rendered":"https:\/\/www.nlq24.de\/?post_type=product&#038;p=33194"},"modified":"2026-03-17T12:21:33","modified_gmt":"2026-03-17T12:21:33","slug":"magensaftresistente-leerkapseln-00","status":"publish","type":"product","link":"https:\/\/shop.nlq24.eu\/de\/Produkt\/magensaftresistente-leerkapseln-00\/","title":{"rendered":"Magensaftresistente Leerkapseln Gr\u00f6\u00dfe &#8222;00&#8220;"},"content":{"rendered":"<h3>Magensaftresistente Leerkapseln, Gr\u00f6\u00dfe &#8222;00&#8220;<\/h3>\n<p>Es handelt sich um transparente magensaftresistente Leerkapseln, Gr\u00f6\u00dfe &#8222;00&#8220; von <a href=\"http:\/\/www.natao.org\">Natao<\/a>. Diese kommen ganz <strong>ohne Gelatine<\/strong> aus, denn Sie bestehen <strong>aus Zellulose<\/strong>. Es handelt sich also um vegetarische Kapseln. Sie sind in einem\u00a0 Beutel abgepackt.<\/p>\n<p>Die Gr\u00f6\u00dfe 00 liegt fast in der Mitte m\u00f6glicher Dimensionen und ist weder zu klein, noch zu gro\u00df.<\/p>\n<p>Die Leerkapseln sind wirklich magensaftresistent. Die Zeit der Best\u00e4ndigkeit ist optimal f\u00fcr das Durchqueren des Magens. Du erh\u00e4ltst Kapseln, welche sich erst im D\u00fcnndarm aufl\u00f6sen. Nach den Erfahrungen meiner Kunden \u00fcberstehen Sie den Weg durch den Magensaft problemlos und l\u00f6sen sich erst im D\u00fcnndarm auf. Sie bestehen aus HPMC (Hydroxypropyl Methyl Cellulose), also aus Zellulose.<\/p>\n<p>&nbsp;<\/p>\n<h2>Best\u00e4ndigkeit:<\/h2>\n<p>Diese Kapseln sind bis zu 2 Stunden in saurer L\u00f6sung best\u00e4ndig, bevor sie sich langsam aufl\u00f6sen. Das ist eine super lange Best\u00e4ndigkeit!<\/p>\n<p>Gewicht: 113 <span style=\"color: #000000;\">\u00b1-7 mg<\/span> \/St\u00fcck<\/p>\n<h3><\/h3>\n<h3>Ma\u00dfe der Leerkapseln<\/h3>\n<div>\n<table style=\"border-collapse: collapse; width: 77.2094%; height: 76px;\" border=\"1\">\n<tbody>\n<tr>\n<td style=\"width: 7.98414%; text-align: center;\"><strong>Gr\u00f6\u00dfe\u00a0\u00a0<\/strong><\/td>\n<td style=\"width: 14.3396%; text-align: center;\"><strong>H\u00f6he (au\u00dfen)<\/strong><\/td>\n<td style=\"width: 26.5542%; text-align: center;\"><strong>m\u00f6gliche F\u00fcllmenge (nach Dichte)<\/strong><\/td>\n<td style=\"width: 14.9354%; text-align: center;\"><strong>Gewicht ca.<\/strong><\/td>\n<td style=\"width: 10.4667%; text-align: center;\"><strong>Inhalt<\/strong><\/td>\n<\/tr>\n<tr>\n<td style=\"width: 7.98414%; text-align: center;\"><strong>&#8222;00&#8220;<\/strong><\/td>\n<td style=\"width: 14.3396%; text-align: center;\"><strong>25,5 mm<\/strong><\/td>\n<td style=\"width: 26.5542%; text-align: center;\"><strong>\u00a0546 mg &#8211; 1092 mg<\/strong><\/td>\n<td style=\"width: 14.9354%; text-align: center;\"><strong>ca. 113 mg<\/strong><\/td>\n<td style=\"width: 10.4667%; text-align: center;\"><strong>ca. 0,91 \/ml<\/strong><\/td>\n<\/tr>\n<\/tbody>\n<\/table>\n<\/div>\n<div><\/div>\n<h3>Folgende Mengen stehen zur Auswahl:<\/h3>\n<div>100, 200, 300, 400, 500, 600, 700, 800, 900, 1000 und 2000 St\u00fcck magensaftresistente Leerkapseln.<\/div>\n<div><\/div>\n<div>Diese Kapseln sind nicht zum Bef\u00fcllen mit Fl\u00fcssigkeiten bestimmt. Jedoch gab es Anwender die diese trotzdem daf\u00fcr genutzt haben. Nach deren R\u00fcckmeldung sinkt die Zersetzungszeit bei dieser Nutzung etwas. Sie soll\u00a0 jedoch immer noch erstaunlich lange und ausreichend sein.<\/div>\n<div><\/div>\n<h2>Lagerung<\/h2>\n<div><strong>Lagere<\/strong> die Leerkapseln trocken, dunkel und k\u00fchl. Die optimale Temperatur liegt zwischen 15-25 \u00b0C . Die relative Luftfeuchte sollte zwischen 35-65% liegen. Gro\u00dfe Temperaturschwankungen sollten vermieden werden.<\/div>\n<div><\/div>\n<div>Hier finden Sie das <a href=\"https:\/\/shop.nlq24.eu\/wp-content\/uploads\/2023\/04\/Analyse-Zertifikat-Magensaftresistente-Leerkapseln-DE-Groesse-00.pdf\">Analyse Zertifikat Magensaftresistente Leerkapseln DE Gr\u00f6\u00dfe 00<\/a><\/div>\n<div>Der Hersteller legte mir folgende Zertifizierungen\/Lizenzen vor:<br \/>\nLizenz zur Herstellung von Arzneimitteln nach<br \/>\nISO 14001:2004<br \/>\nISO 9001:2008<br \/>\nGMP Zertifikat von der NSF f\u00fcr NSF\/ANSI Standard 173<br \/>\nCertificate of Drug Master File (DMF)<br \/>\nRegistrierungszertifikat bei der FDA (USA)<br \/>\nHALAL Zertifikat (Halal food producer certificate)<\/div>\n","protected":false},"excerpt":{"rendered":"<p>Magensaftresistente Leerkapseln, Gr\u00f6\u00dfe &#8222;00&#8220; aus Zellulose (HPMC)<\/p>\n","protected":false},"featured_media":6442,"comment_status":"open","ping_status":"closed","template":"","meta":[],"product_brand":[],"product_cat":[81,125],"product_tag":[126,127,128],"class_list":{"0":"post-33194","1":"product","2":"type-product","3":"status-publish","4":"has-post-thumbnail","6":"product_cat-alle-produkte-im-ueberblick","7":"product_cat-magensaftresistente-leerkapseln","8":"product_tag-leerkapseln","9":"product_tag-magensaftresistente-leerkapseln","10":"product_tag-saeureresistente-leerkapseln","11":"product_shipping_class-standard","12":"pa_stueck-218","13":"pa_stueck-219","14":"pa_stueck-220","15":"pa_stueck-221","16":"pa_stueck-222","17":"pa_stueck-223","18":"pa_stueck-213","19":"pa_stueck-214","20":"pa_stueck-215","21":"pa_stueck-216","22":"pa_stueck-217","24":"first","25":"instock","26":"taxable","27":"shipping-taxable","28":"purchasable","29":"product-type-variable"},"_links":{"self":[{"href":"https:\/\/shop.nlq24.eu\/de\/wp-json\/wp\/v2\/product\/33194","targetHints":{"allow":["GET"]}}],"collection":[{"href":"https:\/\/shop.nlq24.eu\/de\/wp-json\/wp\/v2\/product"}],"about":[{"href":"https:\/\/shop.nlq24.eu\/de\/wp-json\/wp\/v2\/types\/product"}],"replies":[{"embeddable":true,"href":"https:\/\/shop.nlq24.eu\/de\/wp-json\/wp\/v2\/comments?post=33194"}],"wp:featuredmedia":[{"embeddable":true,"href":"https:\/\/shop.nlq24.eu\/de\/wp-json\/wp\/v2\/media\/6442"}],"wp:attachment":[{"href":"https:\/\/shop.nlq24.eu\/de\/wp-json\/wp\/v2\/media?parent=33194"}],"wp:term":[{"taxonomy":"product_brand","embeddable":true,"href":"https:\/\/shop.nlq24.eu\/de\/wp-json\/wp\/v2\/product_brand?post=33194"},{"taxonomy":"product_cat","embeddable":true,"href":"https:\/\/shop.nlq24.eu\/de\/wp-json\/wp\/v2\/product_cat?post=33194"},{"taxonomy":"product_tag","embeddable":true,"href":"https:\/\/shop.nlq24.eu\/de\/wp-json\/wp\/v2\/product_tag?post=33194"}],"curies":[{"name":"wp","href":"https:\/\/api.w.org\/{rel}","templated":true}]}}