{"id":347,"date":"2018-12-11T06:44:16","date_gmt":"2018-12-11T06:44:16","guid":{"rendered":"https:\/\/www.nlq24.de\/?post_type=product&#038;p=347"},"modified":"2025-11-10T12:13:58","modified_gmt":"2025-11-10T12:13:58","slug":"milchsaeure-21-rechtsdrehend","status":"publish","type":"product","link":"https:\/\/shop.nlq24.eu\/de\/Produkt\/milchsaeure-21-rechtsdrehend\/","title":{"rendered":"Milchs\u00e4ure 21 % rechtsdrehend"},"content":{"rendered":"<div><u><strong>Rechtsdrehende Milchs\u00e4ure 21%<\/strong><\/u><\/div>\n<div>Diese Milchs\u00e4ure 21 % rechtsdrehend hat eine Top Qualit\u00e4t und wurde nat\u00fcrlich f\u00fcr Sie gewonnen.<\/div>\n<div>\n<p><img loading=\"lazy\" decoding=\"async\" class=\"\" src=\"https:\/\/shop.es-drei.de\/images\/ghs\/50px-GHS-pictogram-acid.svg.jpg\" alt=\"GHS-Piktogramm-'c4tzend\" width=\"71\" height=\"71\" data-cke-saved-src=\"https:\/\/shop.es-drei.de\/images\/ghs\/50px-GHS-pictogram-acid.svg.jpg\" \/><\/p>\n<p><strong>\u00a0 Gefahr<\/strong><\/p>\n<p>Gefahren- und Sicherheitshinweise:<br \/>\nVerursacht schwere Augensch\u00e4den. Verursacht Hautreizungen. Schutzhandschuhe\/Schutzkleidung\/Augenschutz\/Gesichtsschutz tragen. BEI BER\u00dcHRUNG MIT DER HAUT: Mit viel Wasser waschen. BEI KONTAKT MIT DEN AUGEN: Einige Minuten lang behutsam mit Wasser aussp\u00fclen. Eventuell vorhandene Kontaktlinsen nach M\u00f6glichkeit entfernen. Weiter sp\u00fclen.<\/p>\n<p class=\"Normal\"><strong>Milchs\u00e4ure 21 % rechtsdrehend<\/strong><\/p>\n<p>Diese Milchs\u00e4ure wird auch als 2-Hydroxypropans\u00e4ure bezeichnet. Es handelt sich um eine <strong>organische S\u00e4ure<\/strong>, die als Stoffwechselprodukt in pflanzlichen und tierischen Organismen vorkommt. Milchs\u00e4ure ist, sofern Sie noch unver\u00e4ndert rein ist, eine klare, farblose bis schwach gelbliche Fl\u00fcssigkeit. Sie schmeckt sauer. Die Salze der Milchs\u00e4ure werden als &#8222;Lactate&#8220; bezeichnet.<\/p>\n<h3>Wie wird diese Milchs\u00e4ure rechtsdrehend 21 % hergestellt?<\/h3>\n<p class=\"Normal\">Diese <strong><span class=\"tm5\">rechtsdrehende Milchs\u00e4ure<\/span><\/strong> in einer Konzentration von 21 % ist aus organischem Ursprung und wurde <strong><span class=\"tm5\">nat\u00fcrlich gewonnen<\/span><\/strong>. Sie wird z.B. aus verschiedenen Arten von Zucker durch Bakterien, wie sie in Molke, K\u00e4se und Joghurt vorkommen, gebildet.<\/p>\n<p class=\"Normal\">Kohlenhydrate wie Zucker und St\u00e4rke werden dabei von <strong>Milchs\u00e4urebakterien<\/strong> in <b>Milchs\u00e4ure<\/b> umgewandelt. Die Milchs\u00e4ure entsteht also durch den Prozess der Fermentation oder Fermentierung. Diesen k\u00f6nnte man auch mit den Begriff &#8222;G\u00e4rung&#8220; umschreiben. Bei dieser Fermentierung wandeln die Bakterien den Zucker, von dem sie sich quasi ern\u00e4hren, durch Ihren eigenen Stoffwechsel in Milchs\u00e4ure um. So gesehen entsteht die Milchs\u00e4ure also im Rahmen der enzymkatalysierten Stoffwechsels der Milchs\u00e4urebakterien. Zu diesen Bakterien geh\u00f6ren zum Beispiel Vertreter der Gattungen Enterococcus, Lactococcus, Pediococcus und Streptococcus.<\/p>\n<p class=\"Normal\">In dieser Milchs\u00e4ure sind auch Alpha-Hodoxy Acids die sogenannten \u201eAHA-S\u00e4uren\u201c enthalten. Diese werden \u00fcbrigens auch im menschlichen Stoffwechsel gebildet. Diese Milchs\u00e4ure ist gut mischbar mit \u00c4ther, Wasser sowie konzentriertem Alkohol.<\/p>\n<h3>Keine synthetische Herstellung<\/h3>\n<p class=\"Normal\">Es gibt auch <b>Milchs\u00e4ure<\/b> im Handel, die <strong>nicht nat\u00fcrlich, sondern synthetisch<\/strong> hergestellt wird. Dies geschieht durch die Anlagerung von Wasser an Blaus\u00e4ure. Synthetisch hergestellte Milchs\u00e4ure also durch eine Wasseranlagerung an Cyanwasserstoff (Blaus\u00e4ure, HCN) hergestellt.<\/p>\n<h3 class=\"Normal\">Wissenswertes zur Milchs\u00e4ure<\/h3>\n<p class=\"Normal\">Milchs\u00e4ure ist sogar in Mundwasser und anderen kosmetischen Produkten enthalten. Sie soll dabei die Hautflora bei Akne regulieren. Weiterhin ist sie als Hilfsmittel zur besseren L\u00f6slichkeit von Chitinpulver f\u00fcr die Haare bekannt. Ebenso soll sie straffend auf die Haut wirken und Feuchtigkeit darin binden. Sie soll zudem die Neubildung von Hautzellen in tieferen Hautschichten anregen und damit Falten beseitigen k\u00f6nnen. Milchs\u00e4ure wird auch bei medizinischen Indikationen verwendet. Au\u00dferdem auch bei der Herstellung von Lebensmitteln in B\u00e4ckereien, Molkereien und von Winzern. Sogar in Brause und S\u00fc\u00dfwaren wird sie verwendet. Sie tr\u00e4gt die Nummer E 270. Auch Imker nutzen Milchs\u00e4ure f\u00fcr Ihre Bienenv\u00f6lker im Kampf gegen die gef\u00fcrchtete Varroa Milbe.<\/p>\n<p class=\"Normal\">Weiterhin wird Milchs\u00e4ure in antibakteriell wirkenden Reinigungsmitteln, wie fl\u00fcssigen Seifen und Geschirrsp\u00fclmittel, verwendet. Zwischen einem pH Wert von 3 bis maximal 5, entfaltet Milchs\u00e4ure Ihre desinfizierende Eigenschaft. Sie verhindert dabei das Auftreten unerw\u00fcnschter Pilze und Bakterien. Manch einer nutzt diese Milchs\u00e4ure auch als <strong>Aktivator<\/strong> zur Aktivierung von Natriumchlorit zu Chlordioxid. Hier wird die Milchs\u00e4ure als reine Chemikalie angeboten. Sie hat einen pH Wert von ca. 1,8.<\/p>\n<p>Die Bezeichnung &#8222;<strong>rechtsdrehende Milchs\u00e4ure<\/strong>&#8220; erkl\u00e4rt, welche Richtung ein polarisierter Lichtstrahl bei dem Bestrahlen der Milchs\u00e4ure nimmt. Dreht dieser nach rechts, handelt es sich um rechtsdrehende Milchs\u00e4ure. Dreht der Strahl nach links, redet man von linksdrehender Milchs\u00e4ure.<\/p>\n<p>Manche Molek\u00fcle haben n\u00e4mlich die F\u00e4higkeit, aufgrund des Aufbaus ihrer Mole, Strahlung (linear polarisiertes Licht) um einen bestimmten Winkel zu drehen.<\/p>\n<p>Nutzen auch Sie diese nat\u00fcrlich gewonnene Milchs\u00e4ure in Top Qualit\u00e4t.<\/p>\n<\/div>\n","protected":false},"excerpt":{"rendered":"<p><strong>Milchs\u00e4ure 21% rechtsdrehend, w\u00e4ssrige L\u00f6sung<\/strong><strong><br \/>\n<\/strong><\/p>\n","protected":false},"featured_media":87610,"comment_status":"open","ping_status":"closed","template":"","meta":[],"product_brand":[],"product_cat":[32,36,859],"product_tag":[1824,576,1820,1821,1822],"class_list":{"0":"post-347","1":"product","2":"type-product","3":"status-publish","4":"has-post-thumbnail","6":"product_cat-aktivatoren-saeuren","7":"product_cat-milchsaeure-21-2","8":"product_cat-saeuren","9":"product_tag-milchsaeure-aktivator","10":"product_tag-aktivator","11":"product_tag-milchsaeure","12":"product_tag-milchsaeure-21","13":"product_tag-rechtsdrehende-milchsaeure","14":"product_shipping_class-standard","15":"pa_flaschenart-glasflasche-din18","16":"pa_flaschenart-glasflasche-pp28","17":"pa_flaschenart-pp-flasche-halbtransparent","18":"pa_flaschenart-hdpe-flasche","19":"pa_milliliter-10-ml","20":"pa_milliliter-30-ml","21":"pa_milliliter-50-ml","22":"pa_milliliter-100-ml","23":"pa_milliliter-250-ml","24":"pa_milliliter-500-ml","25":"pa_milliliter-1000-ml","27":"first","28":"instock","29":"taxable","30":"shipping-taxable","31":"purchasable","32":"product-type-variable"},"_links":{"self":[{"href":"https:\/\/shop.nlq24.eu\/de\/wp-json\/wp\/v2\/product\/347","targetHints":{"allow":["GET"]}}],"collection":[{"href":"https:\/\/shop.nlq24.eu\/de\/wp-json\/wp\/v2\/product"}],"about":[{"href":"https:\/\/shop.nlq24.eu\/de\/wp-json\/wp\/v2\/types\/product"}],"replies":[{"embeddable":true,"href":"https:\/\/shop.nlq24.eu\/de\/wp-json\/wp\/v2\/comments?post=347"}],"wp:featuredmedia":[{"embeddable":true,"href":"https:\/\/shop.nlq24.eu\/de\/wp-json\/wp\/v2\/media\/87610"}],"wp:attachment":[{"href":"https:\/\/shop.nlq24.eu\/de\/wp-json\/wp\/v2\/media?parent=347"}],"wp:term":[{"taxonomy":"product_brand","embeddable":true,"href":"https:\/\/shop.nlq24.eu\/de\/wp-json\/wp\/v2\/product_brand?post=347"},{"taxonomy":"product_cat","embeddable":true,"href":"https:\/\/shop.nlq24.eu\/de\/wp-json\/wp\/v2\/product_cat?post=347"},{"taxonomy":"product_tag","embeddable":true,"href":"https:\/\/shop.nlq24.eu\/de\/wp-json\/wp\/v2\/product_tag?post=347"}],"curies":[{"name":"wp","href":"https:\/\/api.w.org\/{rel}","templated":true}]}}